{"id":2403,"date":"2019-02-28T13:27:15","date_gmt":"2019-02-28T13:27:15","guid":{"rendered":"http:\/\/hubertpietka.bialystok.pl\/?page_id=2403"},"modified":"2019-02-28T13:28:33","modified_gmt":"2019-02-28T13:28:33","slug":"22-2-88-rocznica-objawienia-siebie-przez-jezusa-milosiernego-sw-faustynie","status":"publish","type":"page","link":"https:\/\/hubertpietka.bialystok.pl\/?page_id=2403","title":{"rendered":"22.2 \/ 88 rocznica objawienia Siebie przez Jezusa Mi\u0142osiernego \u015bw. Faustynie"},"content":{"rendered":"<p><strong><em>22.2 \/ 88 rocznica objawienia Siebie przez Jezusa Mi\u0142osiernego \u015bw. Faustynie<\/em><\/strong><\/p>\n<p>22.2<br \/>\n2\u00d722=44<br \/>\n44\u00d72=88<br \/>\nDwoje ca\u0142o\u015b\u0107 tworzy<br \/>\nOddaje obraz ludzkiej spo\u0142eczno\u015bci<\/p>\n<p>W P\u0142ocku<br \/>\nJezus Mi\u0142osierny<br \/>\nB\u0142ogos\u0142awi tym dwojgu i \u015bwiatu<br \/>\nNa serce swe wskazuje<br \/>\nBy ze Zdroj\u00f3w Mi\u0142osierdzia czerpa\u0107<\/p>\n<p>Na zdj. Most do Sanktuarium Bo\u017cego Mi\u0142osierdzia \/<br \/>\nTych dwoje \/<br \/>\nJezu ufamy Tobie.<\/p>\n<p><img loading=\"lazy\" decoding=\"async\" class=\"JZUAbb\" src=\"https:\/\/lh3.googleusercontent.com\/-saL-SxvUWaU\/XHAY5RaHYJI\/AAAAAAAALa4\/ZRe5BgpFdhITNdlYUXnetb_ONhI-ygjJgCJoC\/w530-h707-n\/IMG_20190221_144753.jpg\" alt=\"Zdj\u0119cie\" width=\"530\" height=\"707\" \/><\/p>\n","protected":false},"excerpt":{"rendered":"<p>22.2 \/ 88 rocznica objawienia Siebie przez Jezusa Mi\u0142osiernego \u015bw. Faustynie 22.2 2\u00d722=44 44\u00d72=88 Dwoje ca\u0142o\u015b\u0107 tworzy Oddaje obraz ludzkiej spo\u0142eczno\u015bci W P\u0142ocku Jezus Mi\u0142osierny&hellip; <\/p>\n","protected":false},"author":1,"featured_media":0,"parent":0,"menu_order":0,"comment_status":"closed","ping_status":"closed","template":"","meta":{"footnotes":""},"class_list":["post-2403","page","type-page","status-publish","hentry"],"_links":{"self":[{"href":"https:\/\/hubertpietka.bialystok.pl\/index.php?rest_route=\/wp\/v2\/pages\/2403","targetHints":{"allow":["GET"]}}],"collection":[{"href":"https:\/\/hubertpietka.bialystok.pl\/index.php?rest_route=\/wp\/v2\/pages"}],"about":[{"href":"https:\/\/hubertpietka.bialystok.pl\/index.php?rest_route=\/wp\/v2\/types\/page"}],"author":[{"embeddable":true,"href":"https:\/\/hubertpietka.bialystok.pl\/index.php?rest_route=\/wp\/v2\/users\/1"}],"replies":[{"embeddable":true,"href":"https:\/\/hubertpietka.bialystok.pl\/index.php?rest_route=%2Fwp%2Fv2%2Fcomments&post=2403"}],"version-history":[{"count":1,"href":"https:\/\/hubertpietka.bialystok.pl\/index.php?rest_route=\/wp\/v2\/pages\/2403\/revisions"}],"predecessor-version":[{"id":2404,"href":"https:\/\/hubertpietka.bialystok.pl\/index.php?rest_route=\/wp\/v2\/pages\/2403\/revisions\/2404"}],"wp:attachment":[{"href":"https:\/\/hubertpietka.bialystok.pl\/index.php?rest_route=%2Fwp%2Fv2%2Fmedia&parent=2403"}],"curies":[{"name":"wp","href":"https:\/\/api.w.org\/{rel}","templated":true}]}}