{"id":2406,"date":"2019-02-28T13:53:05","date_gmt":"2019-02-28T13:53:05","guid":{"rendered":"http:\/\/hubertpietka.bialystok.pl\/?page_id=2406"},"modified":"2019-03-01T10:27:55","modified_gmt":"2019-03-01T10:27:55","slug":"pszczolki-a-idea-nowej-ziemi","status":"publish","type":"page","link":"https:\/\/hubertpietka.bialystok.pl\/?page_id=2406","title":{"rendered":"Pszcz\u00f3\u0142ki \/ a idea nowej ziemi"},"content":{"rendered":"<p><strong><em>Pszcz\u00f3\u0142ki \/ a idea nowej ziemi<\/em><\/strong><\/p>\n<p><strong>Intro \/ tak by\u0107 powinno<\/strong><\/p>\n<p>Ja wiem<br \/>\n\u017be to idea\u0142 jest<br \/>\nAle s\u0142uszny<br \/>\nTrzeba wiedzie\u0107<br \/>\nJak by\u0107 powinno<br \/>\nNawet je\u015bli<br \/>\nRzeczywisto\u015b\u0107<br \/>\nNie oddaje tego<\/p>\n<p>Ja wiem<br \/>\nAle wierz\u0119<br \/>\n\u017be kiedy\u015b<br \/>\nNa ziemi b\u0119dzie<br \/>\nJak trzeba<\/p>\n<p><strong>1. Pie\u015b\u0144 o pszczo\u0142ach \/ natura czystym g\u0142osem wo\u0142a<\/strong><\/p>\n<p>W ulu podobno<br \/>\nWszystko zorganizowane<br \/>\nJest w\u0142a\u015bciwie<br \/>\nKa\u017cda pszczo\u0142a ma swoj\u0105 rol\u0119<br \/>\nI wype\u0142nia j\u0105 skwapliwie<br \/>\nJest fascynuj\u0105cy<br \/>\nTen naturalny porz\u0105dek Bo\u017cy<\/p>\n<p>Podobno zim\u0105<br \/>\nPszcz\u00f3\u0142ki wok\u00f3\u0142 kr\u00f3lowej tworz\u0105 kokon<br \/>\nAby jej nie by\u0142o zimno<br \/>\nI si\u0119 przemieszczaj\u0105 w ruchu<br \/>\nBy zachowa\u0107 w\u0142a\u015bciw\u0105 temperatur\u0119 w ulu<\/p>\n<p>Pi\u0119kne to jest<br \/>\nBo ochrania\u0107 trzeba to co wa\u017cne<br \/>\nI wype\u0142nia\u0107 funkcje swoje<br \/>\nW zgodzie z \u0142adem og\u00f3lnym wsp\u00f3lnie<\/p>\n<p><strong>2. Pszcz\u00f3\u0142ki Jagiellonii \/ pi\u0142karskie zasady nowej ziemi<\/strong><\/p>\n<p>Pi\u0142karze jak na przyk\u0142ad jagiello\u0144skie pszcz\u00f3\u0142ki<br \/>\nTak\u017ce musz\u0105 by\u0107 dobrze zorganizowani<br \/>\nWsp\u00f3\u0142pracowa\u0107 z sob\u0105 stale<br \/>\nOdpowiednio<br \/>\nTe\u017c ka\u017cdy ma swe funkcje<br \/>\nW strategii dzia\u0142a\u0144 dru\u017cyny<\/p>\n<p>Indywidualno\u015bci rol\u0119 dru\u017cyny podkre\u015blaj\u0105<br \/>\nI paradoksalnie tak si\u0119 dzieje<br \/>\nBo przecie\u017c nikt meczu nie wygra sam tylko graj\u0105c<br \/>\nJednak kto\u015b pierwsze skrzypce czasem gra<br \/>\nTo jednak zyskuje cala dru\u017cyna<\/p>\n<p>Trener jak B\u00f3g troch\u0119 uk\u0142ada sw\u0105 dru\u017cyn\u0119<br \/>\nAle na boisku gra ma te\u017c swoje prawa<br \/>\nLecz trener czuwa<br \/>\nBy odpowiednio wszystko przebiega\u0142o<br \/>\nI mimo \u017ce ingerowa\u0107 czasem nie trzeba tylko wspiera\u0107<br \/>\nSw\u0105 rol\u0119 te\u017c wype\u0142nia<\/p>\n<p>A kibice ogl\u0105daj\u0105cy mecz<br \/>\nObserwuj\u0105 t\u0105 g\u0142\u00f3wn\u0105 aren\u0119 dla nich<br \/>\nI w ka\u017cdym momencie<br \/>\nSwoich aplauzem wspieraj\u0105<br \/>\nJak pszcz\u00f3\u0142ki wok\u00f3\u0142 kokonu<br \/>\nPi\u0142karzy dopingiem rozgrzewaj\u0105<\/p>\n<p><strong>Etiuda \/ nowej ziemi symfonia<\/strong><\/p>\n<p>I w ulu i na boisku<br \/>\nU\u0142o\u017cone jest wszystko<br \/>\nWed\u0142ug regu\u0142 pewnych<br \/>\nNie gra si\u0119 r\u0119k\u0105<br \/>\nFair play trzeba by\u0107<\/p>\n<p>Jak by to by\u0142o pi\u0119knie<br \/>\nGdyby cala \u015bwiata rzeczywisto\u015b\u0107<br \/>\nNa dobrych zasadach organizowa\u0142a sw\u0105 spo\u0142eczno\u015b\u0107<br \/>\nB\u00f3g da\u0142 takie zasady<br \/>\nWarto\u015bciami zwane<br \/>\nTrzeba tylko wed\u0142ug nich<br \/>\n\u017bycie swe z innymi pouk\u0142ada\u0107<\/p>\n<p>I pami\u0119ta\u0107 \u017ce te regu\u0142y<br \/>\nCho\u0107 zewn\u0119trzne si\u0119 wydaj\u0105<br \/>\nZ serca i rozumu naprawd\u0119 wyp\u0142ywaj\u0105<br \/>\nPrzez Boga tak\u017ce s\u0105 dane<br \/>\nI powinny by\u0107 dobrze przyswajane<br \/>\nBy \u017cycie i ludzie wok\u00f3\u0142<br \/>\nNaturalnie si\u0119 organizowali wed\u0142ug tych zasad<\/p>\n<p>Jak by to pi\u0119knie by\u0142o<br \/>\nGdyby ludzie jak w ulu<br \/>\nZasady \u017cycia znaj\u0105c i ich przestrzegaj\u0105c<br \/>\nWed\u0142ug nich sw\u0105 przestrze\u0144 organizowali<br \/>\nI jak na pi\u0142karskim boisku<br \/>\nBy \u017cycie by\u0142o gr\u0105 pi\u0119kn\u0105<\/p>\n<p><em>Na zdj. W tle ule \/<\/em><br \/>\n<em> Na bliskim w Protasach podw\u00f3rku \/<\/em><br \/>\n<em> Oby ludzie nie byli jak w\u015bciek\u0142e osy \/<\/em><br \/>\n<em> Lecz by jak te pszcz\u00f3\u0142ki ochraniali to co wa\u017cne \/<\/em><br \/>\n<em> I by \u017cycie gr\u0105 fair play by\u0142o zawsze.<\/em><\/p>\n<p><img loading=\"lazy\" decoding=\"async\" class=\"JZUAbb\" src=\"https:\/\/lh3.googleusercontent.com\/-iw06It2stNk\/XHB4fwMaJnI\/AAAAAAAALck\/tCCWF9i4VJgbhCJsV-khh98NKEDAFxKzgCJoC\/w530-h398-n\/IMG_20190119_153024.jpg\" alt=\"Zdj\u0119cie\" width=\"530\" height=\"398\" \/><\/p>\n<h1 class=\"title style-scope ytd-video-primary-info-renderer\" style=\"text-align: center;\"><a href=\"https:\/\/www.youtube.com\/watch?v=jWW_CM_RQKk\"><em>AniKa D\u0105browska &#8211; Ma\u0142e Skrzyd\u0142a<\/em><\/a><\/h1>\n","protected":false},"excerpt":{"rendered":"<p>Pszcz\u00f3\u0142ki \/ a idea nowej ziemi Intro \/ tak by\u0107 powinno Ja wiem \u017be to idea\u0142 jest Ale s\u0142uszny Trzeba wiedzie\u0107 Jak by\u0107 powinno Nawet&hellip; <\/p>\n","protected":false},"author":1,"featured_media":0,"parent":0,"menu_order":0,"comment_status":"closed","ping_status":"closed","template":"","meta":{"footnotes":""},"class_list":["post-2406","page","type-page","status-publish","hentry"],"_links":{"self":[{"href":"https:\/\/hubertpietka.bialystok.pl\/index.php?rest_route=\/wp\/v2\/pages\/2406","targetHints":{"allow":["GET"]}}],"collection":[{"href":"https:\/\/hubertpietka.bialystok.pl\/index.php?rest_route=\/wp\/v2\/pages"}],"about":[{"href":"https:\/\/hubertpietka.bialystok.pl\/index.php?rest_route=\/wp\/v2\/types\/page"}],"author":[{"embeddable":true,"href":"https:\/\/hubertpietka.bialystok.pl\/index.php?rest_route=\/wp\/v2\/users\/1"}],"replies":[{"embeddable":true,"href":"https:\/\/hubertpietka.bialystok.pl\/index.php?rest_route=%2Fwp%2Fv2%2Fcomments&post=2406"}],"version-history":[{"count":9,"href":"https:\/\/hubertpietka.bialystok.pl\/index.php?rest_route=\/wp\/v2\/pages\/2406\/revisions"}],"predecessor-version":[{"id":2415,"href":"https:\/\/hubertpietka.bialystok.pl\/index.php?rest_route=\/wp\/v2\/pages\/2406\/revisions\/2415"}],"wp:attachment":[{"href":"https:\/\/hubertpietka.bialystok.pl\/index.php?rest_route=%2Fwp%2Fv2%2Fmedia&parent=2406"}],"curies":[{"name":"wp","href":"https:\/\/api.w.org\/{rel}","templated":true}]}}