{"id":2432,"date":"2019-03-04T12:19:24","date_gmt":"2019-03-04T12:19:24","guid":{"rendered":"http:\/\/hubertpietka.bialystok.pl\/?page_id=2432"},"modified":"2019-03-04T12:24:45","modified_gmt":"2019-03-04T12:24:45","slug":"2432-2","status":"publish","type":"page","link":"https:\/\/hubertpietka.bialystok.pl\/?page_id=2432","title":{"rendered":"Ku negacji z\u0142a \/ promocja dobra"},"content":{"rendered":"<p><strong><em>Ku negacji z\u0142a \/ promocja dobra<\/em><\/strong><\/p>\n<p>Przymiotniki<br \/>\n<em>Trze\u017awy rze\u015bki czerstwy<\/em><br \/>\nPrzymioty dobra<br \/>\nJak chleba<\/p>\n<p><em>Trze\u017awo<\/em> my\u015ble\u0107<br \/>\n<em>Rze\u015bko<\/em> patrze\u0107<br \/>\n<em>Czerstwo<\/em> \u017cy\u0107<\/p>\n<p>A nie osz-<em>czerstwo<\/em><br \/>\nNie g-<em>rzes<\/em>(z)<em>ki<\/em><br \/>\nNie <em>trze<\/em>(ba)-(<em>z<\/em>)(<em>w<\/em>=l)<em>o<\/em><\/p>\n<p>Przymioty cnoty<br \/>\nZ\u0142a wyodr\u0119bniaj\u0105 cechy<br \/>\nAbsorbuj\u0105 warto\u015bci niebieskie<\/p>\n<p><em>Trze<\/em>(ba)-(<em>z<\/em>)<em>wo<\/em>(dy) do m\u0142yna g\u0142owy<br \/>\nBy <em>rze<\/em>(czy)-<em>s<\/em>(zyb)<em>ko<\/em> ocenia\u0107<br \/>\nBy z <em>cze<\/em>(gos)-(<em>r<\/em>)stwo(rzyc) chleb serca<\/p>\n<p>Trzy przymiotniki pomagaj\u0105<br \/>\n\u015awiat uk\u0142ada\u0107 odpowiednio<br \/>\nDobro praktykowa\u0107 promowa\u0107 niebo<\/p>\n<p><em>Na zdj. Na \u017bytniej <strong>Z <\/strong>na niebie \/<\/em><br \/>\n<em> Z\u0142o dobrem i prawda <strong>Z<\/strong>wyci\u0119\u017ca\u0107 trzeba \/<\/em><br \/>\n<em> Niech tak sie stanie. Amen.<\/em><\/p>\n<p><strong>W \u015bw. Ku-neg-undy pisano<\/strong><br \/>\n<strong>Ku neg-acji z\u0142a<\/strong><br \/>\n<strong>Temu s\u0142u\u017cy dobro i prawda<\/strong><br \/>\n<strong>Przymioty serca jak chleba<\/strong><\/p>\n<p><img loading=\"lazy\" decoding=\"async\" class=\"JZUAbb\" src=\"https:\/\/lh3.googleusercontent.com\/-fVDQzOb5GZM\/XH0KrFvgeWI\/AAAAAAAAMLA\/A0ipGvQZl80BEs6byA-ir8JAyURwQJ_ZACJoC\/w530-h398-n\/IMG_20190227_145634.jpg\" alt=\"Zdj\u0119cie\" width=\"530\" height=\"398\" \/><\/p>\n","protected":false},"excerpt":{"rendered":"<p>Ku negacji z\u0142a \/ promocja dobra Przymiotniki Trze\u017awy rze\u015bki czerstwy Przymioty dobra Jak chleba Trze\u017awo my\u015ble\u0107 Rze\u015bko patrze\u0107 Czerstwo \u017cy\u0107 A nie osz-czerstwo Nie g-rzes(z)ki&hellip; <\/p>\n","protected":false},"author":1,"featured_media":0,"parent":0,"menu_order":0,"comment_status":"closed","ping_status":"closed","template":"","meta":{"footnotes":""},"class_list":["post-2432","page","type-page","status-publish","hentry"],"_links":{"self":[{"href":"https:\/\/hubertpietka.bialystok.pl\/index.php?rest_route=\/wp\/v2\/pages\/2432","targetHints":{"allow":["GET"]}}],"collection":[{"href":"https:\/\/hubertpietka.bialystok.pl\/index.php?rest_route=\/wp\/v2\/pages"}],"about":[{"href":"https:\/\/hubertpietka.bialystok.pl\/index.php?rest_route=\/wp\/v2\/types\/page"}],"author":[{"embeddable":true,"href":"https:\/\/hubertpietka.bialystok.pl\/index.php?rest_route=\/wp\/v2\/users\/1"}],"replies":[{"embeddable":true,"href":"https:\/\/hubertpietka.bialystok.pl\/index.php?rest_route=%2Fwp%2Fv2%2Fcomments&post=2432"}],"version-history":[{"count":4,"href":"https:\/\/hubertpietka.bialystok.pl\/index.php?rest_route=\/wp\/v2\/pages\/2432\/revisions"}],"predecessor-version":[{"id":2437,"href":"https:\/\/hubertpietka.bialystok.pl\/index.php?rest_route=\/wp\/v2\/pages\/2432\/revisions\/2437"}],"wp:attachment":[{"href":"https:\/\/hubertpietka.bialystok.pl\/index.php?rest_route=%2Fwp%2Fv2%2Fmedia&parent=2432"}],"curies":[{"name":"wp","href":"https:\/\/api.w.org\/{rel}","templated":true}]}}