{"id":2438,"date":"2019-03-08T13:22:06","date_gmt":"2019-03-08T13:22:06","guid":{"rendered":"http:\/\/hubertpietka.bialystok.pl\/?page_id=2438"},"modified":"2019-03-08T13:28:21","modified_gmt":"2019-03-08T13:28:21","slug":"anaida","status":"publish","type":"page","link":"https:\/\/hubertpietka.bialystok.pl\/?page_id=2438","title":{"rendered":"Anaida"},"content":{"rendered":"<p><strong><em>Anaida<\/em><\/strong><\/p>\n<p><em>Cierpia\u0142a wiele<br \/>\nDlatego godna jest wesela<\/em><\/p>\n<p>W Wielki Pi\u0105tek urodzona<br \/>\nPrzedwcze\u015bnie cudem \u0142aski Bo\u017cej na \u015bwiat przysz\u0142a<br \/>\n\u017bycie nie szcz\u0119dzi\u0142o jej krzy\u017c\u00f3w tak\u017ce<\/p>\n<p>Dziewczynka pi\u0119kna dobra m\u0105dra<br \/>\nZaskarbia\u0142a wzgl\u0119dy otoczenia przez postaw\u0119 swoj\u0105<br \/>\nMimo \u017ce smak opuszczenia od male\u0144ko\u015bci zna\u0142a<br \/>\nBliskich kocha\u0142a<\/p>\n<p>W m\u0142odo\u015bci jak to zwykle bywa<br \/>\nCzas szale\u0144stw r\u00f3\u017cnych troch\u0119 prze\u017cy\u0142a<br \/>\nAle w pewnych normy granicach<br \/>\nDlatego B\u00f3g j\u0105 wybra\u0142<\/p>\n<p>By posz\u0142a w Jego \u015blady<br \/>\nS\u0142u\u017cy\u0142a Mu i ludziom<br \/>\nPi\u0119knie wiernie czysto<br \/>\nJak tylko potrafi\u0107 mo\u017cna<\/p>\n<p>W mi\u0119dzyczasie prze\u017cy\u0142a wiele tragedii<br \/>\nNajbli\u017csi odeszli<br \/>\nA inni pob\u0142\u0105dzili<br \/>\nOna trwa\u0142a wiernie w Bogu<\/p>\n<p>I On poprowadzi\u0142 j\u0105 dalej inaczej<br \/>\nNi\u017c mog\u0142oby si\u0119 wydawa\u0107 zazwyczaj<br \/>\nD\u0142ugo rozeznawa\u0142a<br \/>\n\u017bycie samo zdecydowa\u0142o<\/p>\n<p>Wreszcie pozna\u0142a kogo\u015b<br \/>\nBy z nim rodzin\u0119 za\u0142o\u017cy\u0107<br \/>\nNie by\u0142o \u0142atwo<br \/>\nJednak B\u00f3g dope\u0142ni\u0142 i to dzie\u0142o<\/p>\n<p>W mi\u0119dzyczasie odeszli kolejni<br \/>\nCi\u0119\u017cka praca ponad si\u0142y<br \/>\nI w zdrowiu upadek<br \/>\nKrzy\u017c B\u00f3g na ni\u0105 z\u0142o\u017cy\u0142 choroby<\/p>\n<p>Boryka si\u0119 z ni\u0105<br \/>\nI z innymi przeciwno\u015bciami te\u017c<br \/>\nPrze\u017cywa silny stres<br \/>\nAle nie poddaje z\u0142u si\u0119<\/p>\n<p>Walczy o dobro w \u017cyciu swym o bliskich<br \/>\nZapomina o sobie<br \/>\nGdy trzeba komu\u015b co\u015b zrobi\u0107<br \/>\nOddana ofiarna<\/p>\n<p>Dlatego warta\u017c jest<br \/>\nBy rozweseli\u0107 serce swe<br \/>\nI pocieszy\u0107 si\u0119<br \/>\nPo krzy\u017cowej drodze tej<\/p>\n<p><em>Ufam<br \/>\n\u017be tak b\u0119dzie<\/em><\/p>\n<p><strong>Ps. W \u015bw. Wergiliusza pisano \/<br \/>\nBy by\u0142o wiadomo \/<br \/>\nZe B\u00f3g widzi krzy\u017c ludzki \/<br \/>\nA po nim zmartwychwstanie dope\u0142ni si\u0119 tak\u017ce \/<br \/>\nCo niech si\u0119 stanie. Amen!<\/strong><\/p>\n<p><em>Na zdj. Kaplica b\u0142. Micha\u0142a przy ZSJM na Poleskiej \/<br \/>\nDalej rondo \u015bw. Faustyny \/<br \/>\nA w tle zach\u00f3d s\u0142o\u0144ca r\u00f3wnie\u017c \/<br \/>\nI to wszystko co tu powiedzie\u0107 trzeba by\u0142o.<\/em><\/p>\n<p><img loading=\"lazy\" decoding=\"async\" class=\"JZUAbb\" src=\"https:\/\/lh3.googleusercontent.com\/-XT9vVRWJU5Q\/XH7Bka-OfBI\/AAAAAAAAMPQ\/FRDn3-abn_4soXzK2C8CX5-3NDuNnhiKQCJoC\/w530-h398-n\/IMG_20190210_162815.jpg\" alt=\"Zdj\u0119cie\" width=\"530\" height=\"398\" \/><\/p>\n<h1 class=\"title style-scope ytd-video-primary-info-renderer\" style=\"text-align: center;\"><a href=\"https:\/\/www.youtube.com\/watch?v=oagWQ16gCF8\"><em>Sound\u2019n\u2019Grace &#8211; Nadzieja<\/em><\/a><\/h1>\n","protected":false},"excerpt":{"rendered":"<p>Anaida Cierpia\u0142a wiele Dlatego godna jest wesela W Wielki Pi\u0105tek urodzona Przedwcze\u015bnie cudem \u0142aski Bo\u017cej na \u015bwiat przysz\u0142a \u017bycie nie szcz\u0119dzi\u0142o jej krzy\u017c\u00f3w tak\u017ce Dziewczynka&hellip; <\/p>\n","protected":false},"author":1,"featured_media":0,"parent":0,"menu_order":0,"comment_status":"closed","ping_status":"closed","template":"","meta":{"footnotes":""},"class_list":["post-2438","page","type-page","status-publish","hentry"],"_links":{"self":[{"href":"https:\/\/hubertpietka.bialystok.pl\/index.php?rest_route=\/wp\/v2\/pages\/2438","targetHints":{"allow":["GET"]}}],"collection":[{"href":"https:\/\/hubertpietka.bialystok.pl\/index.php?rest_route=\/wp\/v2\/pages"}],"about":[{"href":"https:\/\/hubertpietka.bialystok.pl\/index.php?rest_route=\/wp\/v2\/types\/page"}],"author":[{"embeddable":true,"href":"https:\/\/hubertpietka.bialystok.pl\/index.php?rest_route=\/wp\/v2\/users\/1"}],"replies":[{"embeddable":true,"href":"https:\/\/hubertpietka.bialystok.pl\/index.php?rest_route=%2Fwp%2Fv2%2Fcomments&post=2438"}],"version-history":[{"count":3,"href":"https:\/\/hubertpietka.bialystok.pl\/index.php?rest_route=\/wp\/v2\/pages\/2438\/revisions"}],"predecessor-version":[{"id":2441,"href":"https:\/\/hubertpietka.bialystok.pl\/index.php?rest_route=\/wp\/v2\/pages\/2438\/revisions\/2441"}],"wp:attachment":[{"href":"https:\/\/hubertpietka.bialystok.pl\/index.php?rest_route=%2Fwp%2Fv2%2Fmedia&parent=2438"}],"curies":[{"name":"wp","href":"https:\/\/api.w.org\/{rel}","templated":true}]}}