{"id":2448,"date":"2019-03-12T13:23:14","date_gmt":"2019-03-12T13:23:14","guid":{"rendered":"http:\/\/hubertpietka.bialystok.pl\/?page_id=2448"},"modified":"2019-03-12T13:32:13","modified_gmt":"2019-03-12T13:32:13","slug":"panie-ratuj-rata-tata-tuj","status":"publish","type":"page","link":"https:\/\/hubertpietka.bialystok.pl\/?page_id=2448","title":{"rendered":"Panie ratuj \/ rata tata tuj"},"content":{"rendered":"<p><strong><em>Panie ratuj \/ rata tata tuj<\/em><\/strong><\/p>\n<p>Toniemy<br \/>\nTo nie my<br \/>\nTo niemy<\/p>\n<p>Tonie ja<br \/>\nTo nie ja<br \/>\nTo (k)nieja<\/p>\n<p>Bezsilny<br \/>\nBez silny<br \/>\nBezbronny<br \/>\nBez (o)bronny<\/p>\n<p>Tu ja<br \/>\nTuja i bez<br \/>\nTata ra tuje<br \/>\nTata ratuje<\/p>\n<p><em>Na zdj. Przydomkowy las ogrodowy \/<\/em><br \/>\n<em> W Dawidach Bankowych \/<\/em><br \/>\n<em> O\u015bwietla go s\u0142o\u0144ce \/<\/em><br \/>\n<em> Jasne czyste gor\u0105ce.<\/em><\/p>\n<p><img loading=\"lazy\" decoding=\"async\" class=\"JZUAbb\" src=\"https:\/\/lh3.googleusercontent.com\/-pPtFr2p1T0w\/XIWGOAPG1nI\/AAAAAAAAMac\/RMIY_wimGOg_zWBOI9dx2pVpD1a-sC67wCJoC\/w530-h398-n\/IMG_20190306_141742.jpg\" alt=\"Zdj\u0119cie\" width=\"530\" height=\"398\" \/><\/p>\n<h1 class=\"title style-scope ytd-video-primary-info-renderer\" style=\"text-align: center;\"><a href=\"https:\/\/www.youtube.com\/watch?v=kuutO8Vxevg\"><em>Arka Noego &#8211; Ratuj mnie<\/em><\/a><\/h1>\n<p style=\"text-align: center;\">\ud83d\ude42<\/p>\n","protected":false},"excerpt":{"rendered":"<p>Panie ratuj \/ rata tata tuj Toniemy To nie my To niemy Tonie ja To nie ja To (k)nieja Bezsilny Bez silny Bezbronny Bez (o)bronny&hellip; <\/p>\n","protected":false},"author":1,"featured_media":0,"parent":0,"menu_order":0,"comment_status":"closed","ping_status":"closed","template":"","meta":{"footnotes":""},"class_list":["post-2448","page","type-page","status-publish","hentry"],"_links":{"self":[{"href":"https:\/\/hubertpietka.bialystok.pl\/index.php?rest_route=\/wp\/v2\/pages\/2448","targetHints":{"allow":["GET"]}}],"collection":[{"href":"https:\/\/hubertpietka.bialystok.pl\/index.php?rest_route=\/wp\/v2\/pages"}],"about":[{"href":"https:\/\/hubertpietka.bialystok.pl\/index.php?rest_route=\/wp\/v2\/types\/page"}],"author":[{"embeddable":true,"href":"https:\/\/hubertpietka.bialystok.pl\/index.php?rest_route=\/wp\/v2\/users\/1"}],"replies":[{"embeddable":true,"href":"https:\/\/hubertpietka.bialystok.pl\/index.php?rest_route=%2Fwp%2Fv2%2Fcomments&post=2448"}],"version-history":[{"count":5,"href":"https:\/\/hubertpietka.bialystok.pl\/index.php?rest_route=\/wp\/v2\/pages\/2448\/revisions"}],"predecessor-version":[{"id":2453,"href":"https:\/\/hubertpietka.bialystok.pl\/index.php?rest_route=\/wp\/v2\/pages\/2448\/revisions\/2453"}],"wp:attachment":[{"href":"https:\/\/hubertpietka.bialystok.pl\/index.php?rest_route=%2Fwp%2Fv2%2Fmedia&parent=2448"}],"curies":[{"name":"wp","href":"https:\/\/api.w.org\/{rel}","templated":true}]}}