{"id":2455,"date":"2019-03-14T12:31:29","date_gmt":"2019-03-14T12:31:29","guid":{"rendered":"http:\/\/hubertpietka.bialystok.pl\/?page_id=2455"},"modified":"2019-03-14T13:04:29","modified_gmt":"2019-03-14T13:04:29","slug":"sumienie-zlu-w-sumie-nie","status":"publish","type":"page","link":"https:\/\/hubertpietka.bialystok.pl\/?page_id=2455","title":{"rendered":"Sumienie \/ z\u0142u w sumie nie"},"content":{"rendered":"<p><strong>Sumienie \/ z\u0142u w sumie nie<\/strong><\/p>\n<p>Sumienie<br \/>\nTo m\u00f3wienie<br \/>\nM\u00f3wi\u0119 nie<br \/>\nW sumie nie<br \/>\nWobec z\u0142a<br \/>\nA dobru tak<\/p>\n<p>Wed\u0142ug najlepszego swego rozeznania<br \/>\nTo Boga wybieranie<br \/>\nTo pi\u0119kna i dobra<br \/>\nCho\u0107 czasem trudna droga<br \/>\nWarto\u015b\u0107 prawdziwa<\/p>\n<p>W sumie nie<br \/>\nChc\u0119 \u017cy\u0107 w prawdzie<br \/>\nZ\u0142u nie pozwol\u0119<br \/>\nAby panowa\u0142o nade mn\u0105<br \/>\nWybieram \u017cycie dobro<\/p>\n<p><em>Na zdj. Ma\u0142a Tereska w ko\u015bciele raszy\u0144skim \/<\/em><br \/>\n<em> Niech deszcz r\u00f3\u017c na nas sp\u0142ynie \/<\/em><br \/>\n<em> Deszcz Bo\u017cych \u0142ask i dobra \/<\/em><br \/>\n<em> Kt\u00f3re starajmy si\u0119 wybiera\u0107 ka\u017cdego dnia.<\/em><\/p>\n<p style=\"text-align: center;\"><strong>Ma\u0142a droga<\/strong><br \/>\n<strong> Wolno\u015b\u0107 dzieci Bo\u017cych<\/strong><br \/>\n<strong> To wybieranie dobra a nie z\u0142a<\/strong><br \/>\n<em><strong> Mi\u0142o\u015b\u0107 dobro pi\u0119kno prawda!<\/strong><\/em><\/p>\n<p><img loading=\"lazy\" decoding=\"async\" class=\"JZUAbb\" src=\"https:\/\/lh3.googleusercontent.com\/-HkB_rhqzOdo\/XIlelcPT5QI\/AAAAAAAAMhM\/SuH9zSj-EKwck5WbfWXJNY7SnPjLQQregCJoC\/w530-h398-n\/IMG_20190306_203403.jpg\" alt=\"Zdj\u0119cie\" width=\"530\" height=\"398\" \/><\/p>\n<h1 class=\"title style-scope ytd-video-primary-info-renderer\" style=\"text-align: center;\"><a href=\"https:\/\/www.youtube.com\/watch?v=4-htBDTdWic\"><em>Antonina Krzyszto\u0144 &#8211; Inny \u015bwiat<\/em><\/a><\/h1>\n","protected":false},"excerpt":{"rendered":"<p>Sumienie \/ z\u0142u w sumie nie Sumienie To m\u00f3wienie M\u00f3wi\u0119 nie W sumie nie Wobec z\u0142a A dobru tak Wed\u0142ug najlepszego swego rozeznania To Boga&hellip; <\/p>\n","protected":false},"author":1,"featured_media":0,"parent":0,"menu_order":0,"comment_status":"closed","ping_status":"closed","template":"","meta":{"footnotes":""},"class_list":["post-2455","page","type-page","status-publish","hentry"],"_links":{"self":[{"href":"https:\/\/hubertpietka.bialystok.pl\/index.php?rest_route=\/wp\/v2\/pages\/2455","targetHints":{"allow":["GET"]}}],"collection":[{"href":"https:\/\/hubertpietka.bialystok.pl\/index.php?rest_route=\/wp\/v2\/pages"}],"about":[{"href":"https:\/\/hubertpietka.bialystok.pl\/index.php?rest_route=\/wp\/v2\/types\/page"}],"author":[{"embeddable":true,"href":"https:\/\/hubertpietka.bialystok.pl\/index.php?rest_route=\/wp\/v2\/users\/1"}],"replies":[{"embeddable":true,"href":"https:\/\/hubertpietka.bialystok.pl\/index.php?rest_route=%2Fwp%2Fv2%2Fcomments&post=2455"}],"version-history":[{"count":5,"href":"https:\/\/hubertpietka.bialystok.pl\/index.php?rest_route=\/wp\/v2\/pages\/2455\/revisions"}],"predecessor-version":[{"id":2460,"href":"https:\/\/hubertpietka.bialystok.pl\/index.php?rest_route=\/wp\/v2\/pages\/2455\/revisions\/2460"}],"wp:attachment":[{"href":"https:\/\/hubertpietka.bialystok.pl\/index.php?rest_route=%2Fwp%2Fv2%2Fmedia&parent=2455"}],"curies":[{"name":"wp","href":"https:\/\/api.w.org\/{rel}","templated":true}]}}