{"id":2463,"date":"2019-03-18T13:29:49","date_gmt":"2019-03-18T13:29:49","guid":{"rendered":"http:\/\/hubertpietka.bialystok.pl\/?page_id=2463"},"modified":"2019-03-18T13:35:27","modified_gmt":"2019-03-18T13:35:27","slug":"przewidzacy-prze-widzacy","status":"publish","type":"page","link":"https:\/\/hubertpietka.bialystok.pl\/?page_id=2463","title":{"rendered":"Przewidz\u0105cy \/ prze widz\u0105cy"},"content":{"rendered":"<p><strong><em>Przewidz\u0105cy \/ prze widz\u0105cy<\/em><\/strong><\/p>\n<p>B\u00f3g jest przewidz\u0105cy<br \/>\nWszystko przewidzi<br \/>\nI wszystko widzi<br \/>\nNic i nikt sie przed Nim nie ukryje<\/p>\n<p>Wszystko wie<br \/>\nWszystko wiedz\u0105cy jest<br \/>\nJest prze-wie-lebny<br \/>\nPrze-wiedz\u0105cy prze-znaj\u0105cy<br \/>\nWszystko i wszystkich<br \/>\nPrzenika<\/p>\n<p>Prze-mocny i wszechmocny<br \/>\nNie myli\u0107 z przemoc\u0105<br \/>\nTa jest diabla domena<br \/>\nA B\u00f3g mo\u017ce wszystko<br \/>\nI robi to w s\u0142u\u017cbie mi\u0142o\u015bci i dobra<\/p>\n<p>Wszech-silny i prze-silny<br \/>\nNikt i nic sie z Nim nie r\u00f3wna<br \/>\nAle nie bezsilny<br \/>\nBo On wszystko mo\u017ce<br \/>\nNie m\u0119czy si\u0119 nie zwleka<br \/>\nCho\u0107 tak to mo\u017ce wygl\u0105da<br \/>\nOn czeka na cz\u0142owieka<\/p>\n<p>Wszech i prze-m\u0105dry<br \/>\nAle nie przem\u0105drza\u0142y<br \/>\nJak diabe\u0142<br \/>\nOn to wszystko stworzy\u0142<br \/>\nWiec prawid\u0142a i zasady wszelkie<br \/>\nZna najlepiej<\/p>\n<p>Prze wszech i naj<br \/>\nTo domeny opisu Boga<br \/>\nSuperlatywy same<br \/>\nS\u0142usznie wskazywane<br \/>\nI odpowiednie<br \/>\nWobec Najwy\u017cszego<br \/>\nI tego co dotyczy Jego<\/p>\n<p>To w\u0142a\u015bnie przymiotniki<br \/>\nW stopniu najwy\u017cszym<br \/>\nNajlepiej okre\u015blaj\u0105 Boga Majestat<br \/>\nOpisuj\u0105 Go i tak nawet niedoskonale<br \/>\nBo On jest Doskona\u0142o\u015bci\u0105<br \/>\nWe wszystkim Sam\u0105<\/p>\n<p>Naj\u015bwi\u0119tszy z \u015bwi\u0119tych<br \/>\nPan B\u00f3g niebieskich zast\u0119p\u00f3w<\/p>\n<p><em>Na zdj. Pi\u0119kna t\u0119cza na \u017bytniej \/<\/em><br \/>\n<em> B\u00f3g jest super \/<\/em><br \/>\n<em> On jest Ojcem najlepszym \/<\/em><br \/>\n<em> Wie czego potrzebuj\u0105 Jego dzieci.<\/em><\/p>\n<p style=\"text-align: center;\"><strong>\u015aw. Cyryl Jerozolimski jest dzi\u015b wspominany<\/strong><br \/>\n<strong> Cyrkiel doskona\u0142o\u015b\u0107 Boga opisuje dobrze<\/strong><br \/>\n<strong> Oby\u015bmy przymioty Bo\u017cej doskona\u0142o\u015bci widzieli s\u0142usznie<\/strong><br \/>\n<strong> I kontemplowali je w nieustaj\u0105cym zachwycie<\/strong><\/p>\n<p style=\"text-align: left;\"><img loading=\"lazy\" decoding=\"async\" class=\"JZUAbb\" src=\"https:\/\/lh3.googleusercontent.com\/-Q7fEA2TelCM\/XI-DAzVj7zI\/AAAAAAAANN4\/q0vzU3VtkAsfrHUZz62o5_kwbcMRfIe3ACJoC\/w530-h398-n\/IMG_20190314_162754.jpg\" alt=\"Zdj\u0119cie\" width=\"530\" height=\"398\" \/><\/p>\n<h1 class=\"title style-scope ytd-video-primary-info-renderer\" style=\"text-align: center;\"><a href=\"https:\/\/www.youtube.com\/watch?v=rtqxy00ZFM8\"><em>Ma\u0142e TGD &#8211; Bohater<\/em><\/a><\/h1>\n","protected":false},"excerpt":{"rendered":"<p>Przewidz\u0105cy \/ prze widz\u0105cy B\u00f3g jest przewidz\u0105cy Wszystko przewidzi I wszystko widzi Nic i nikt sie przed Nim nie ukryje Wszystko wie Wszystko wiedz\u0105cy jest&hellip; <\/p>\n","protected":false},"author":1,"featured_media":0,"parent":0,"menu_order":0,"comment_status":"closed","ping_status":"closed","template":"","meta":{"footnotes":""},"class_list":["post-2463","page","type-page","status-publish","hentry"],"_links":{"self":[{"href":"https:\/\/hubertpietka.bialystok.pl\/index.php?rest_route=\/wp\/v2\/pages\/2463","targetHints":{"allow":["GET"]}}],"collection":[{"href":"https:\/\/hubertpietka.bialystok.pl\/index.php?rest_route=\/wp\/v2\/pages"}],"about":[{"href":"https:\/\/hubertpietka.bialystok.pl\/index.php?rest_route=\/wp\/v2\/types\/page"}],"author":[{"embeddable":true,"href":"https:\/\/hubertpietka.bialystok.pl\/index.php?rest_route=\/wp\/v2\/users\/1"}],"replies":[{"embeddable":true,"href":"https:\/\/hubertpietka.bialystok.pl\/index.php?rest_route=%2Fwp%2Fv2%2Fcomments&post=2463"}],"version-history":[{"count":4,"href":"https:\/\/hubertpietka.bialystok.pl\/index.php?rest_route=\/wp\/v2\/pages\/2463\/revisions"}],"predecessor-version":[{"id":2467,"href":"https:\/\/hubertpietka.bialystok.pl\/index.php?rest_route=\/wp\/v2\/pages\/2463\/revisions\/2467"}],"wp:attachment":[{"href":"https:\/\/hubertpietka.bialystok.pl\/index.php?rest_route=%2Fwp%2Fv2%2Fmedia&parent=2463"}],"curies":[{"name":"wp","href":"https:\/\/api.w.org\/{rel}","templated":true}]}}