{"id":2474,"date":"2019-03-19T21:48:47","date_gmt":"2019-03-19T21:48:47","guid":{"rendered":"http:\/\/hubertpietka.bialystok.pl\/?page_id=2474"},"modified":"2019-03-19T21:51:16","modified_gmt":"2019-03-19T21:51:16","slug":"jozef-swiety-zapatrzony-zasluchany","status":"publish","type":"page","link":"https:\/\/hubertpietka.bialystok.pl\/?page_id=2474","title":{"rendered":"Zapatrzony zas\u0142uchany \/ J\u00f3zef \u015bwi\u0119ty"},"content":{"rendered":"<p><strong><em>Zapatrzony zas\u0142uchany \/ J\u00f3zef \u015bwi\u0119ty<br \/>\n<\/em><\/strong><\/p>\n<p>Wpatrzony w Maryj\u0119<br \/>\nBo kocha\u0142 j\u0105 mi\u0142o\u015bci\u0105 ludzk\u0105<br \/>\nAle nie tylko<br \/>\nW Bogu rozeznawa\u0142 jej powo\u0142anie<br \/>\nMatki Bo\u017cej<\/p>\n<p>Towarzysz\u0105cy Jezusowi<br \/>\nZas\u0142uchany w Bogu<br \/>\nUcz\u0105cy Go m\u0119skiej drogi<br \/>\nZ powo\u0142aniem zgodnej<br \/>\nOjciec ludzkiego dorastania<br \/>\nJezusa do pe\u0142ni mesja\u0144stwa<\/p>\n<p>\u0141\u0105cz\u0105cy Maryi macierzy\u0144stwo<br \/>\nZ Ojcostwem Boga Ojca<br \/>\nPrzekaziciel Ojcostwa Boga<br \/>\nNa ziemski spos\u00f3b<br \/>\nWiernie i uczciwie<\/p>\n<p>Bez podst\u0119pu<br \/>\nPrawdziwy Izraelita<br \/>\n\u017byj\u0105cy z lud\u017ami w zgodzie<br \/>\nWskazuj\u0105cy dobro<br \/>\nPracy rzetelnej prostej<br \/>\nS\u0142uchaj\u0105cy Boga we wszystkim<\/p>\n<p>\u0141\u0105cz\u0105cy sprawy ziemskie i niebieskie<br \/>\nDojrzale my\u015bl\u0105cy<br \/>\nPowo\u0142anie swe wype\u0142niaj\u0105cy<\/p>\n<p><em>Na zdj. Ko\u015bci\u00f3\u0142 \u015awi\u0119tej Rodziny \/<\/em><br \/>\n<em> W Bia\u0142ymstoku na Ogrodowej \/<\/em><br \/>\n<em> Bo \u015awi\u0119ta Rodzina pi\u0119kny ogr\u00f3d stanowi \/<\/em><br \/>\n<em> Kt\u00f3ry jest wzorem dla innych rodzin.<\/em><\/p>\n<p><strong>W \u015bw. J\u00f3zefa pisano<\/strong><br \/>\n<strong>Drog\u0119 jego prost\u0105 wychwalaj\u0105c<\/strong><br \/>\n<strong>I prosz\u0105c o jego wstawiennictwo<\/strong><br \/>\n<strong>By ka\u017cda ludzka droga<\/strong><br \/>\n<strong>By\u0142a zgodna z wol\u0105 Boga<\/strong><\/p>\n<p><img loading=\"lazy\" decoding=\"async\" class=\"JZUAbb\" src=\"https:\/\/lh3.googleusercontent.com\/-TwMzSOck-b0\/XJDvmaypOcI\/AAAAAAAANPs\/gx6CnOAl9dkHVnWq_i4rN8bmjaJHi2hcwCJoC\/w530-h707-n\/IMG_20190312_183237.jpg\" alt=\"Zdj\u0119cie\" width=\"530\" height=\"707\" \/><\/p>\n","protected":false},"excerpt":{"rendered":"<p>Zapatrzony zas\u0142uchany \/ J\u00f3zef \u015bwi\u0119ty Wpatrzony w Maryj\u0119 Bo kocha\u0142 j\u0105 mi\u0142o\u015bci\u0105 ludzk\u0105 Ale nie tylko W Bogu rozeznawa\u0142 jej powo\u0142anie Matki Bo\u017cej Towarzysz\u0105cy Jezusowi&hellip; <\/p>\n","protected":false},"author":1,"featured_media":0,"parent":0,"menu_order":0,"comment_status":"closed","ping_status":"closed","template":"","meta":{"footnotes":""},"class_list":["post-2474","page","type-page","status-publish","hentry"],"_links":{"self":[{"href":"https:\/\/hubertpietka.bialystok.pl\/index.php?rest_route=\/wp\/v2\/pages\/2474","targetHints":{"allow":["GET"]}}],"collection":[{"href":"https:\/\/hubertpietka.bialystok.pl\/index.php?rest_route=\/wp\/v2\/pages"}],"about":[{"href":"https:\/\/hubertpietka.bialystok.pl\/index.php?rest_route=\/wp\/v2\/types\/page"}],"author":[{"embeddable":true,"href":"https:\/\/hubertpietka.bialystok.pl\/index.php?rest_route=\/wp\/v2\/users\/1"}],"replies":[{"embeddable":true,"href":"https:\/\/hubertpietka.bialystok.pl\/index.php?rest_route=%2Fwp%2Fv2%2Fcomments&post=2474"}],"version-history":[{"count":4,"href":"https:\/\/hubertpietka.bialystok.pl\/index.php?rest_route=\/wp\/v2\/pages\/2474\/revisions"}],"predecessor-version":[{"id":2478,"href":"https:\/\/hubertpietka.bialystok.pl\/index.php?rest_route=\/wp\/v2\/pages\/2474\/revisions\/2478"}],"wp:attachment":[{"href":"https:\/\/hubertpietka.bialystok.pl\/index.php?rest_route=%2Fwp%2Fv2%2Fmedia&parent=2474"}],"curies":[{"name":"wp","href":"https:\/\/api.w.org\/{rel}","templated":true}]}}