{"id":2498,"date":"2019-03-22T20:46:17","date_gmt":"2019-03-22T20:46:17","guid":{"rendered":"http:\/\/hubertpietka.bialystok.pl\/?page_id=2498"},"modified":"2019-03-22T20:54:30","modified_gmt":"2019-03-22T20:54:30","slug":"kyrklar-czterdziestu-z-sabasty","status":"publish","type":"page","link":"https:\/\/hubertpietka.bialystok.pl\/?page_id=2498","title":{"rendered":"Kyrklar \/ Czterdziestu z Sabasty"},"content":{"rendered":"<p><strong>Kyrklar \/ Czterdziestu z Sabasty<\/strong><\/p>\n<p>Pierwsza niedziela Wielkiego Postu<br \/>\nWspomnienie z Sabasty Czterdziestu<br \/>\nLiczba pe\u0142na<br \/>\nCzas na nawr\u00f3cenie serca<\/p>\n<p>Czas na mi\u0142osierdzie<br \/>\nCzterdzie\u015bci dni<br \/>\nCzas wyznaczony<br \/>\nCzas ludziom dany<\/p>\n<p>Metanoia<br \/>\nB\u00f3g ludzi szuka<br \/>\nNa nich czeka<br \/>\nA\u017c serca swe sk\u0142oni\u0105 w Jego stron\u0119<\/p>\n<p>I my\u015bli swe<br \/>\nNiech oczyszcz\u0105 dobrze<br \/>\nI intencje<br \/>\nNiech b\u0119d\u0105 proste<\/p>\n<p>S\u0142u\u017cy\u0107 \u017cyciu b\u0119d\u0105<br \/>\nA nie \u015bmierci i grzechom<br \/>\nTrwa\u0107 b\u0119d\u0105 w mi\u0142o\u015bci<br \/>\nA nie w z\u0142a z\u0142o\u015bci<\/p>\n<p>B\u00f3g czeka<br \/>\nWyci\u0105gnij do Niego sw\u0105 r\u0119k\u0119<br \/>\nSkieruj dusz\u0119<br \/>\nKu Jego jasno\u015bci porusze\u0144<\/p>\n<p>\u017by\u0107<br \/>\nW Jego obecno\u015bci<br \/>\nI nie lekcewa\u017cy\u0107<br \/>\nTego co On m\u00f3wi<\/p>\n<p>Po to jest ten czas<br \/>\n40 dni<br \/>\nBy Jemu<br \/>\nChwa\u0142\u0119 odda\u0107<\/p>\n<p><em>Na zdj. Przyjd\u017a zanurz si\u0119 w Moim Mi\u0142osierdziu \/<\/em><br \/>\n<em> W ko\u015bciele \u015bw. Faustyny napis i obraz \/<\/em><br \/>\n<em> Bardzo w swej tre\u015bci wymowny \/<\/em><br \/>\n<em> B\u00f3g z Mi\u0142osiern\u0105 Mi\u0142o\u015bci\u0105 sw\u0105 czeka \/<\/em><br \/>\n<em> By obdarzy\u0107 ca\u0142\u0105 pe\u0142ni\u0105 \u0142ask cz\u0142owieka.<\/em><\/p>\n<p><strong>Przyjd\u017a<\/strong><br \/>\n<strong> Ju\u017c nie zwlekaj<\/strong><\/p>\n<p><img loading=\"lazy\" decoding=\"async\" class=\"JZUAbb\" src=\"https:\/\/lh3.googleusercontent.com\/-keIm0NkZrxE\/XIUlzOyFjNI\/AAAAAAAAMZE\/BCNNiWzsjkMHJl1Hqt9252GJy7g-T0sHQCJoC\/w530-h707-n\/IMG_20190307_183155.jpg\" alt=\"Zdj\u0119cie\" width=\"530\" height=\"707\" \/><\/p>\n<h1 class=\"title style-scope ytd-video-primary-info-renderer\" style=\"text-align: center;\"><a href=\"https:\/\/www.youtube.com\/watch?v=rA4VH1wQKjA\"><em>Luxtorpeda &#8211; Czterdzie\u015bci cztery dni<\/em><\/a><\/h1>\n","protected":false},"excerpt":{"rendered":"<p>Kyrklar \/ Czterdziestu z Sabasty Pierwsza niedziela Wielkiego Postu Wspomnienie z Sabasty Czterdziestu Liczba pe\u0142na Czas na nawr\u00f3cenie serca Czas na mi\u0142osierdzie Czterdzie\u015bci dni Czas&hellip; <\/p>\n","protected":false},"author":1,"featured_media":0,"parent":0,"menu_order":0,"comment_status":"closed","ping_status":"closed","template":"","meta":{"footnotes":""},"class_list":["post-2498","page","type-page","status-publish","hentry"],"_links":{"self":[{"href":"https:\/\/hubertpietka.bialystok.pl\/index.php?rest_route=\/wp\/v2\/pages\/2498","targetHints":{"allow":["GET"]}}],"collection":[{"href":"https:\/\/hubertpietka.bialystok.pl\/index.php?rest_route=\/wp\/v2\/pages"}],"about":[{"href":"https:\/\/hubertpietka.bialystok.pl\/index.php?rest_route=\/wp\/v2\/types\/page"}],"author":[{"embeddable":true,"href":"https:\/\/hubertpietka.bialystok.pl\/index.php?rest_route=\/wp\/v2\/users\/1"}],"replies":[{"embeddable":true,"href":"https:\/\/hubertpietka.bialystok.pl\/index.php?rest_route=%2Fwp%2Fv2%2Fcomments&post=2498"}],"version-history":[{"count":4,"href":"https:\/\/hubertpietka.bialystok.pl\/index.php?rest_route=\/wp\/v2\/pages\/2498\/revisions"}],"predecessor-version":[{"id":2502,"href":"https:\/\/hubertpietka.bialystok.pl\/index.php?rest_route=\/wp\/v2\/pages\/2498\/revisions\/2502"}],"wp:attachment":[{"href":"https:\/\/hubertpietka.bialystok.pl\/index.php?rest_route=%2Fwp%2Fv2%2Fmedia&parent=2498"}],"curies":[{"name":"wp","href":"https:\/\/api.w.org\/{rel}","templated":true}]}}