{"id":250,"date":"2017-01-18T21:21:00","date_gmt":"2017-01-18T21:21:00","guid":{"rendered":"http:\/\/hubertpietka.bialystok.pl\/?page_id=250"},"modified":"2017-01-18T21:21:00","modified_gmt":"2017-01-18T21:21:00","slug":"rzecz-najtrudniejsza","status":"publish","type":"page","link":"https:\/\/hubertpietka.bialystok.pl\/?page_id=250","title":{"rendered":"Rzecz najtrudniejsza"},"content":{"rendered":"<p><strong>Rzecz najtrudniejsza<\/strong><\/p>\n<p>&nbsp;<\/p>\n<p>Najtrudniejsz\u0105 rzecz\u0105 z wszech<\/p>\n<p>jest zmierzenie si\u0119 z w\u0142asnymi l\u0119kami<\/p>\n<p>&nbsp;<\/p>\n<p>z w\u0142asnymi upiorami<\/p>\n<p>kt\u00f3re wychodz\u0105 z ka\u017cdej strony<\/p>\n<p>ze \u015bcian spod pod\u0142ogi zagl\u0105daj\u0105 przez okna<\/p>\n<p>i chc\u0105 zadusi\u0107 przy\u0107mi\u0107 swym odorem<\/p>\n<p>&nbsp;<\/p>\n<p>nie mo\u017cna im si\u0119 poddawa\u0107 nie<\/p>\n<p>trzeba my\u015ble\u0107 pozytywnie<\/p>\n<p>&nbsp;<\/p>\n<p>wymie\u015b\u0107 je z ka\u017cdej szczeliny pod\u0142ogi<\/p>\n<p>pomalowa\u0107 \u015bciany na dobry kolor<\/p>\n<p>umy\u0107 okna przys\u0142oni\u0107 firank\u0105 postawi\u0107 kwiatka<\/p>\n<p>raz na zawsze z nimi si\u0119 upora\u0107<\/p>\n<p>&nbsp;<\/p>\n<p>ale czy tak si\u0119 da raz na zawsze<\/p>\n<p>trzeba z nimi jednak walczy\u0107 jasnymi my\u015blami<\/p>\n<p>tylko wtedy pierzchaj\u0105 jak przed wod\u0105 \u015bwi\u0119con\u0105<\/p>\n<p>pozostawiaj\u0105c czyste \u015bwie\u017ce powietrze<\/p>\n","protected":false},"excerpt":{"rendered":"<p>Rzecz najtrudniejsza &nbsp; Najtrudniejsz\u0105 rzecz\u0105 z wszech jest zmierzenie si\u0119 z w\u0142asnymi l\u0119kami &nbsp; z w\u0142asnymi upiorami kt\u00f3re wychodz\u0105 z ka\u017cdej strony ze \u015bcian spod&hellip; <\/p>\n","protected":false},"author":1,"featured_media":0,"parent":0,"menu_order":0,"comment_status":"closed","ping_status":"closed","template":"","meta":{"footnotes":""},"class_list":["post-250","page","type-page","status-publish","hentry"],"_links":{"self":[{"href":"https:\/\/hubertpietka.bialystok.pl\/index.php?rest_route=\/wp\/v2\/pages\/250","targetHints":{"allow":["GET"]}}],"collection":[{"href":"https:\/\/hubertpietka.bialystok.pl\/index.php?rest_route=\/wp\/v2\/pages"}],"about":[{"href":"https:\/\/hubertpietka.bialystok.pl\/index.php?rest_route=\/wp\/v2\/types\/page"}],"author":[{"embeddable":true,"href":"https:\/\/hubertpietka.bialystok.pl\/index.php?rest_route=\/wp\/v2\/users\/1"}],"replies":[{"embeddable":true,"href":"https:\/\/hubertpietka.bialystok.pl\/index.php?rest_route=%2Fwp%2Fv2%2Fcomments&post=250"}],"version-history":[{"count":1,"href":"https:\/\/hubertpietka.bialystok.pl\/index.php?rest_route=\/wp\/v2\/pages\/250\/revisions"}],"predecessor-version":[{"id":251,"href":"https:\/\/hubertpietka.bialystok.pl\/index.php?rest_route=\/wp\/v2\/pages\/250\/revisions\/251"}],"wp:attachment":[{"href":"https:\/\/hubertpietka.bialystok.pl\/index.php?rest_route=%2Fwp%2Fv2%2Fmedia&parent=250"}],"curies":[{"name":"wp","href":"https:\/\/api.w.org\/{rel}","templated":true}]}}