{"id":2504,"date":"2019-03-22T21:20:55","date_gmt":"2019-03-22T21:20:55","guid":{"rendered":"http:\/\/hubertpietka.bialystok.pl\/?page_id=2504"},"modified":"2019-03-22T21:40:24","modified_gmt":"2019-03-22T21:40:24","slug":"duch-swiety-a-jagiellonia-oddac-chwale-bogu","status":"publish","type":"page","link":"https:\/\/hubertpietka.bialystok.pl\/?page_id=2504","title":{"rendered":"Duch \u015awi\u0119ty a Jagiellonia \/ odda\u0107 chwa\u0142\u0119 Bogu"},"content":{"rendered":"<p><strong><em>Duch \u015awi\u0119ty a Jagiellonia \/ odda\u0107 chwa\u0142\u0119 Bogu<\/em><\/strong><\/p>\n<p>5 minut ostatnie w radiu Bia\u0142ystok s\u0142ucha\u0142em<br \/>\nPierwszej z Odr\u0105 Jagiellonii w pucharze Polski po\u0142owy<br \/>\nMy\u015bl mi taka przysz\u0142a<br \/>\n\u017be Klimala powinien co\u015b strzeli\u0107 dzisiaj<\/p>\n<p>5 minut drugiej polowy ko\u0144c\u00f3wki<br \/>\nW radiu tak\u017ce s\u0142ucha\u0142em<br \/>\nW mi\u0119dzyczasie si\u0119 modli\u0142em<br \/>\nKlimala okaza\u0142o si\u0119 bramk\u0119 strzeli\u0142 ju\u017c<br \/>\nBardzo ucieszy\u0142em si\u0119 tym<\/p>\n<p>Chwil\u0119 przed strzeleniem drugiej bramki przez Klimal\u0119<br \/>\nB\u00f3g poda\u0142 mi cichy impuls \u017ce tak si\u0119 stanie<br \/>\nJednak mu nie ca\u0142kowicie zaufa\u0142em<br \/>\nI tego sobie nie dopowiedzia\u0142em<\/p>\n<p>Niemniej jednak<br \/>\nB\u00f3g niesamowity jest<br \/>\nTak czy inaczej<br \/>\nPotwierdzi\u0142 to co da\u0142 mi najpierw<\/p>\n<p>I to podw\u00f3jnie to zaakcentowa\u0142<br \/>\nW zgodzie z zapowiedzi\u0105 pierwsz\u0105<br \/>\nDzi\u0119kuj\u0119 bardzo Mu<br \/>\nOn za\u015bwiadcza tym samym<\/p>\n<p>\u017be dzia\u0142a<br \/>\nI o mnie te\u017c \u015bwiadczy<br \/>\nDuch tchnie gdzie chce<br \/>\nCudownie by\u0107 narz\u0119dziem \u0142aski Bo\u017cej<\/p>\n<p>Ale jest to te\u017c odpowiedzialno\u015b\u0107 wielka<br \/>\nI powinno\u015b\u0107 wszelka<br \/>\nB\u00f3g naprawd\u0119 dzia\u0142a<br \/>\nWed\u0142ug ufno\u015bci w Nim pok\u0142adanej<\/p>\n<p>I On sam wybiera<br \/>\nCo ma komu\u015b da\u0107<br \/>\nDzi\u0119kuj\u0119 Mu<br \/>\nZa Jego Mi\u0142osierdzia cud<\/p>\n<p>Wobec mnie<br \/>\nBo ja sam bym nie wybra\u0142 si\u0119<br \/>\nAle On robi co chce<br \/>\nKto Bogu zabroni\u0107 mo\u017ce<\/p>\n<p>Na dodatek jaki\u015b czas temu niedawny<br \/>\nOn natchn\u0105\u0142 mnie<br \/>\nBym powiedzia\u0142 sobie<br \/>\nZe Klimala w ko\u0144cu strzela\u0107 zacznie<\/p>\n<p>Potwierdzi\u0142 dzi\u015b to<br \/>\nMoc\u0105 sw\u0105<br \/>\nUfam Mu<br \/>\nBogu<\/p>\n<p><em>Na zdj. Takie na \u017bytniej niebo dzi\u015b by\u0142o\/<\/em><br \/>\n<em> Chmury si\u0119 zar\u00f3\u017cowi\u0142y \/<\/em><br \/>\n<em> B\u00f3g daje pi\u0119kne akcenty \/<\/em><br \/>\n<em> W naszym \u017cyciu codziennym.<\/em><\/p>\n<p><img loading=\"lazy\" decoding=\"async\" class=\"JZUAbb\" src=\"https:\/\/lh3.googleusercontent.com\/-XoY_v7VXgP0\/XIgr7Pmxa9I\/AAAAAAAAMe4\/LT43lGJchHYgLk0n2oBxv2WgNG5UwlX7QCJoC\/w530-h398-n\/IMG_20190312_171508.jpg\" alt=\"Zdj\u0119cie\" width=\"530\" height=\"398\" \/><\/p>\n<h1 class=\"title style-scope ytd-video-primary-info-renderer\" style=\"text-align: center;\"><a href=\"https:\/\/www.youtube.com\/watch?v=84aoBCUZHdo\"><em>Luxtorpeda &#8211; Autystyczny<\/em><\/a><\/h1>\n","protected":false},"excerpt":{"rendered":"<p>Duch \u015awi\u0119ty a Jagiellonia \/ odda\u0107 chwa\u0142\u0119 Bogu 5 minut ostatnie w radiu Bia\u0142ystok s\u0142ucha\u0142em Pierwszej z Odr\u0105 Jagiellonii w pucharze Polski po\u0142owy My\u015bl mi&hellip; <\/p>\n","protected":false},"author":1,"featured_media":0,"parent":0,"menu_order":0,"comment_status":"closed","ping_status":"closed","template":"","meta":{"footnotes":""},"class_list":["post-2504","page","type-page","status-publish","hentry"],"_links":{"self":[{"href":"https:\/\/hubertpietka.bialystok.pl\/index.php?rest_route=\/wp\/v2\/pages\/2504","targetHints":{"allow":["GET"]}}],"collection":[{"href":"https:\/\/hubertpietka.bialystok.pl\/index.php?rest_route=\/wp\/v2\/pages"}],"about":[{"href":"https:\/\/hubertpietka.bialystok.pl\/index.php?rest_route=\/wp\/v2\/types\/page"}],"author":[{"embeddable":true,"href":"https:\/\/hubertpietka.bialystok.pl\/index.php?rest_route=\/wp\/v2\/users\/1"}],"replies":[{"embeddable":true,"href":"https:\/\/hubertpietka.bialystok.pl\/index.php?rest_route=%2Fwp%2Fv2%2Fcomments&post=2504"}],"version-history":[{"count":4,"href":"https:\/\/hubertpietka.bialystok.pl\/index.php?rest_route=\/wp\/v2\/pages\/2504\/revisions"}],"predecessor-version":[{"id":2508,"href":"https:\/\/hubertpietka.bialystok.pl\/index.php?rest_route=\/wp\/v2\/pages\/2504\/revisions\/2508"}],"wp:attachment":[{"href":"https:\/\/hubertpietka.bialystok.pl\/index.php?rest_route=%2Fwp%2Fv2%2Fmedia&parent=2504"}],"curies":[{"name":"wp","href":"https:\/\/api.w.org\/{rel}","templated":true}]}}