{"id":2511,"date":"2019-03-22T21:55:33","date_gmt":"2019-03-22T21:55:33","guid":{"rendered":"http:\/\/hubertpietka.bialystok.pl\/?page_id=2511"},"modified":"2019-03-22T22:20:03","modified_gmt":"2019-03-22T22:20:03","slug":"standardowa-wizyta-w-przychodni-rodzinnej","status":"publish","type":"page","link":"https:\/\/hubertpietka.bialystok.pl\/?page_id=2511","title":{"rendered":"Standardowa (?) wizyta \/ w przychodni rodzinnej"},"content":{"rendered":"<p><strong><em>Standardowa (?) wizyta \/ w przychodni rodzinnej<\/em><\/strong><\/p>\n<p>Co by\u015bcie powiedzieli Drodzy Pa\u0144stwo<br \/>\nKiedy idziecie do przechodni rodzinnej<br \/>\nI przyjmuje Was&#8230; specjalista psychiatra (!?)<br \/>\nA na dodatek si\u0119 okazuje<br \/>\n\u017be cala Wasza historia zdrowotna<br \/>\nNagle z systemu znik\u0142a? (sic!)<\/p>\n<p>Dzisiaj pierwszy dzie\u0144 wiosny<br \/>\nGdyby to by\u0142o Prima Aprilis<br \/>\nTo mo\u017ce bym si\u0119 nie zdziwi\u0142<br \/>\nA na dodatek ta psychiatra<br \/>\nNie pracuje w tej przychodni<br \/>\nW\u0105tpliwej jako\u015bci dowcip?<\/p>\n<p>Taka przygoda<br \/>\nSpotka\u0142a dzi\u015b blisk\u0105 mi osob\u0119<br \/>\nPosz\u0142a tylko na badania krwi po skierowanie<br \/>\nA takie spotka\u0142o j\u0105 zdarzenie<br \/>\nW\u0105tpliwej przyjemno\u015bci<br \/>\nJak s\u0105dz\u0119<\/p>\n<p>Co to by\u0142o Drodzy Pa\u0144stwo?<br \/>\nIronia losu przypadek czy celowe dzia\u0142anie<br \/>\nBo \u017cart chyba jednak nie<\/p>\n<p><em>Na zdj. Niebo wczoraj \/<\/em><br \/>\n<em> Nad warszawskim osiedlem Na Wrzecionie \/<\/em><br \/>\n<em> &#8222;Ple\u0107 si\u0119 ple\u0107 wrzeciono \/<\/em><br \/>\n<em> Wi\u0107 si\u0119 tobie wi\u0107 \/<\/em><br \/>\n<em> Ta pami\u0119ta lepiej \/<\/em><br \/>\n<em> Kt\u00f3rej d\u0142u\u017csza ni\u0107&#8221; \/<\/em><br \/>\n<em> Wije si\u0119 co\u015b jeszcze tak\u017ce czasem \/<\/em><br \/>\n<em> W\u0105\u017c na przyk\u0142ad jaki\u015b.<\/em><\/p>\n<p><img loading=\"lazy\" decoding=\"async\" class=\"JZUAbb\" src=\"https:\/\/lh3.googleusercontent.com\/-2gv1B7SnpQs\/XJOFmB2oACI\/AAAAAAAANSo\/PdUv-6V0mBk-Hqr7OBZB2jJuhGpvNWYfQCJoC\/w530-h398-n\/IMG_20190320_175006.jpg\" alt=\"Zdj\u0119cie\" width=\"530\" height=\"398\" \/><\/p>\n<p style=\"text-align: center;\"><a href=\"https:\/\/www.youtube.com\/watch?v=HyAB_XOCYu4\"><em><strong>Luxtorpeda &#8211; Pusta studnia<\/strong><\/em><\/a><\/p>\n<h1 class=\"title style-scope ytd-video-primary-info-renderer\" style=\"text-align: center;\"><a href=\"https:\/\/www.youtube.com\/watch?v=_8RPnuc69FY\"><em>Luxtorpeda &#8211; Raus<\/em><\/a><\/h1>\n","protected":false},"excerpt":{"rendered":"<p>Standardowa (?) wizyta \/ w przychodni rodzinnej Co by\u015bcie powiedzieli Drodzy Pa\u0144stwo Kiedy idziecie do przechodni rodzinnej I przyjmuje Was&#8230; specjalista psychiatra (!?) A na&hellip; <\/p>\n","protected":false},"author":1,"featured_media":0,"parent":0,"menu_order":0,"comment_status":"closed","ping_status":"closed","template":"","meta":{"footnotes":""},"class_list":["post-2511","page","type-page","status-publish","hentry"],"_links":{"self":[{"href":"https:\/\/hubertpietka.bialystok.pl\/index.php?rest_route=\/wp\/v2\/pages\/2511","targetHints":{"allow":["GET"]}}],"collection":[{"href":"https:\/\/hubertpietka.bialystok.pl\/index.php?rest_route=\/wp\/v2\/pages"}],"about":[{"href":"https:\/\/hubertpietka.bialystok.pl\/index.php?rest_route=\/wp\/v2\/types\/page"}],"author":[{"embeddable":true,"href":"https:\/\/hubertpietka.bialystok.pl\/index.php?rest_route=\/wp\/v2\/users\/1"}],"replies":[{"embeddable":true,"href":"https:\/\/hubertpietka.bialystok.pl\/index.php?rest_route=%2Fwp%2Fv2%2Fcomments&post=2511"}],"version-history":[{"count":4,"href":"https:\/\/hubertpietka.bialystok.pl\/index.php?rest_route=\/wp\/v2\/pages\/2511\/revisions"}],"predecessor-version":[{"id":2515,"href":"https:\/\/hubertpietka.bialystok.pl\/index.php?rest_route=\/wp\/v2\/pages\/2511\/revisions\/2515"}],"wp:attachment":[{"href":"https:\/\/hubertpietka.bialystok.pl\/index.php?rest_route=%2Fwp%2Fv2%2Fmedia&parent=2511"}],"curies":[{"name":"wp","href":"https:\/\/api.w.org\/{rel}","templated":true}]}}