{"id":2517,"date":"2019-03-22T22:29:41","date_gmt":"2019-03-22T22:29:41","guid":{"rendered":"http:\/\/hubertpietka.bialystok.pl\/?page_id=2517"},"modified":"2019-03-22T22:55:23","modified_gmt":"2019-03-22T22:55:23","slug":"bazie-czyli-bogu-oddac-co-boze-zawsze","status":"publish","type":"page","link":"https:\/\/hubertpietka.bialystok.pl\/?page_id=2517","title":{"rendered":"Bazie \/ czyli Bogu odda\u0107 co Bo\u017ce zawsze"},"content":{"rendered":"<p><strong><em>Bazie \/ czyli Bogu odda\u0107 co Bo\u017ce zawsze<\/em><\/strong><\/p>\n<p>B\u0119d\u0105c w Warszawie<br \/>\nZauwa\u017cy\u0142em \u017ce s\u0105 tam ju\u017c bazie<br \/>\nOne zwykle w okolicy Wielkanocy pojawia\u0142y si\u0119<br \/>\nA tutaj na Wielki Post kotki ju\u017c s\u0105<\/p>\n<p>\u017bycie ludzkie<br \/>\nMa r\u00f3\u017cne perturbacje<br \/>\nJak u dzi\u015b wspominanego<br \/>\n\u015awi\u0119tego Jana Bo\u017cego<\/p>\n<p>Dzieckiem b\u0119d\u0105c z domu ucieka<br \/>\nPotem \u017co\u0142nierzem by\u0142 na wojnie<br \/>\nBy po nawr\u00f3ceniu wreszcie<br \/>\nW szpitalu psychiatrycznym cierpie\u0107<\/p>\n<p>Lecz jego do\u015bwiadczenia<br \/>\nPrze\u0142o\u017cy\u0142y si\u0119 na wyobra\u017ani\u0119 mi\u0142osierdzia<br \/>\nI na wsp\u00f3\u0142czucie<br \/>\nWobec biednych chorych cierpi\u0105cych<\/p>\n<p>Szpitale zak\u0142ada\u0142<br \/>\nGdzie o takich dba\u0142<br \/>\nWraz ze swymi wsp\u00f3\u0142bra\u0107mi<br \/>\nBo trudno jest zrobi\u0107 co\u015b samemu tylko<\/p>\n<p>Tak \u017cycie jego<br \/>\nW s\u0142u\u017cbie innym si\u0119 odnalaz\u0142o<br \/>\nMimo prze\u017cy\u0107 r\u00f3\u017cnych wielu<br \/>\nSpe\u0142ni\u0142o swe przeznaczenie<\/p>\n<p>Ps. W \u015bw. Jana Bo\u017cego pisano<br \/>\nBy by\u0142o wiadomo<br \/>\n\u017be r\u00f3\u017cne sytuacje \u017cycia<br \/>\nPrzygotowuj\u0105 cz\u0142owieka<\/p>\n<p>Do spe\u0142nienia tego<br \/>\nDo czego B\u00f3g powo\u0142uje go<br \/>\nJe\u015bli tylko cz\u0142owiek<br \/>\nWiernie idzie sw\u0105 drog\u0105 z Bogiem<\/p>\n<p><em>Na zdj. W Dawidach Bankowych bazie \/<\/em><br \/>\n<em> Gdy Bogu oddaje si\u0119 co Bo\u017ce \/<\/em><br \/>\n<em> To wtedy inne wszystko \/<\/em><br \/>\n<em> Te\u017c si\u0119 uk\u0142ada w jakim\u015b celu.<\/em><\/p>\n<p style=\"text-align: center;\"><img loading=\"lazy\" decoding=\"async\" class=\"JZUAbb\" src=\"https:\/\/lh3.googleusercontent.com\/-6l2QBihBTUU\/XIJjqWWU90I\/AAAAAAAAMSo\/AWbeTTIansst3T1R2xf4VLndPseqFwQvACJoC\/w530-h398-n\/IMG_20190306_153207.jpg\" alt=\"Zdj\u0119cie\" width=\"530\" height=\"398\" \/><a href=\"https:\/\/www.youtube.com\/watch?v=jQc1OM3SgO0\"><em><strong>Luxtorpeda &#8211; Wilki dwa<\/strong><\/em><\/a><\/p>\n<p>&nbsp;<\/p>\n","protected":false},"excerpt":{"rendered":"<p>Bazie \/ czyli Bogu odda\u0107 co Bo\u017ce zawsze B\u0119d\u0105c w Warszawie Zauwa\u017cy\u0142em \u017ce s\u0105 tam ju\u017c bazie One zwykle w okolicy Wielkanocy pojawia\u0142y si\u0119 A&hellip; <\/p>\n","protected":false},"author":1,"featured_media":0,"parent":0,"menu_order":0,"comment_status":"closed","ping_status":"closed","template":"","meta":{"footnotes":""},"class_list":["post-2517","page","type-page","status-publish","hentry"],"_links":{"self":[{"href":"https:\/\/hubertpietka.bialystok.pl\/index.php?rest_route=\/wp\/v2\/pages\/2517","targetHints":{"allow":["GET"]}}],"collection":[{"href":"https:\/\/hubertpietka.bialystok.pl\/index.php?rest_route=\/wp\/v2\/pages"}],"about":[{"href":"https:\/\/hubertpietka.bialystok.pl\/index.php?rest_route=\/wp\/v2\/types\/page"}],"author":[{"embeddable":true,"href":"https:\/\/hubertpietka.bialystok.pl\/index.php?rest_route=\/wp\/v2\/users\/1"}],"replies":[{"embeddable":true,"href":"https:\/\/hubertpietka.bialystok.pl\/index.php?rest_route=%2Fwp%2Fv2%2Fcomments&post=2517"}],"version-history":[{"count":5,"href":"https:\/\/hubertpietka.bialystok.pl\/index.php?rest_route=\/wp\/v2\/pages\/2517\/revisions"}],"predecessor-version":[{"id":2522,"href":"https:\/\/hubertpietka.bialystok.pl\/index.php?rest_route=\/wp\/v2\/pages\/2517\/revisions\/2522"}],"wp:attachment":[{"href":"https:\/\/hubertpietka.bialystok.pl\/index.php?rest_route=%2Fwp%2Fv2%2Fmedia&parent=2517"}],"curies":[{"name":"wp","href":"https:\/\/api.w.org\/{rel}","templated":true}]}}