{"id":2527,"date":"2019-03-22T23:40:32","date_gmt":"2019-03-22T23:40:32","guid":{"rendered":"http:\/\/hubertpietka.bialystok.pl\/?page_id=2527"},"modified":"2019-03-22T23:42:01","modified_gmt":"2019-03-22T23:42:01","slug":"pachnidla-pan-da","status":"publish","type":"page","link":"https:\/\/hubertpietka.bialystok.pl\/?page_id=2527","title":{"rendered":"Pachnid\u0142a \/ Pan da"},"content":{"rendered":"<p><strong><em>Pachnid\u0142a \/ Pan da<\/em><\/strong><\/p>\n<p>Pa(ch)ni dla<br \/>\nPan da<br \/>\nPan dba<\/p>\n<p><strong>1.<\/strong> Pies wie \u017ce<br \/>\nJak smacznie co\u015b pachnie<br \/>\nTo mo\u017ce poprosi\u0107<br \/>\nI pewnie smaczek dostanie jaki\u015b<\/p>\n<p>Pan da pachnid\u0142a<br \/>\nPa(ch)ni d(l)a pieska<br \/>\nPan\/i dba<\/p>\n<p><strong>2.<\/strong> Mi\u015b panda<br \/>\nWiosna<br \/>\nCzy ten mi\u015b<br \/>\nZim\u0105 \u015bpi<\/p>\n<p>Pan da dla pandy<br \/>\nBambusy zielone<br \/>\nPachnid\u0142a ichnie<br \/>\nPan dba i o misia<\/p>\n<p><strong>3.<\/strong> Pan da<br \/>\nNasz niebieski Pan<br \/>\nPan dba<br \/>\nTroszczy si\u0119 o nas<\/p>\n<p>Pa(ch)ni dla<br \/>\nNiebieska Kr\u00f3lowa<br \/>\nDla nas<br \/>\nCzy\u017c to nie cudowne jest<\/p>\n<p><strong>4.<\/strong> Panie<br \/>\nCi modlitwa ufna pachnie<br \/>\nPan nie<br \/>\nPost\u0119puje wbrew ufno\u015bci naszej<\/p>\n<p>Pa pa Panie<br \/>\nDo zobaczenia<br \/>\nW modlitwie kolejnej<br \/>\nPachnidle oby pi\u0119knym<br \/>\nDla nas i dla Ciebie<br \/>\nPartycypacji niebieskiej<\/p>\n<p><em>Na zdj. W mieszkaniu pewnym \/<\/em><br \/>\n<em> Bliskiej osoby w \u0141om\u017cy \/<\/em><br \/>\n<em> \u015aw. Franciszek z psem ro\u015bliny i Jezus Mi\u0142osierny \/<\/em><br \/>\n<em> Wszystko ma w \u017cyciu swoje miejsce \/<\/em><br \/>\n<em> B\u00f3g jest dobry bardzo.<\/em><\/p>\n<p><img loading=\"lazy\" decoding=\"async\" class=\"JZUAbb\" src=\"https:\/\/lh3.googleusercontent.com\/-ebf6h1KCHPA\/XJVwU-X_vwI\/AAAAAAAANU8\/NERQSDhRylkKcVVuCTKJKLoEuYN6tuEQgCJoC\/w530-h398-n\/IMG_20190319_110451.jpg\" alt=\"Zdj\u0119cie\" width=\"530\" height=\"398\" \/><\/p>\n","protected":false},"excerpt":{"rendered":"<p>Pachnid\u0142a \/ Pan da Pa(ch)ni dla Pan da Pan dba 1. Pies wie \u017ce Jak smacznie co\u015b pachnie To mo\u017ce poprosi\u0107 I pewnie smaczek dostanie&hellip; <\/p>\n","protected":false},"author":1,"featured_media":0,"parent":0,"menu_order":0,"comment_status":"closed","ping_status":"closed","template":"","meta":{"footnotes":""},"class_list":["post-2527","page","type-page","status-publish","hentry"],"_links":{"self":[{"href":"https:\/\/hubertpietka.bialystok.pl\/index.php?rest_route=\/wp\/v2\/pages\/2527","targetHints":{"allow":["GET"]}}],"collection":[{"href":"https:\/\/hubertpietka.bialystok.pl\/index.php?rest_route=\/wp\/v2\/pages"}],"about":[{"href":"https:\/\/hubertpietka.bialystok.pl\/index.php?rest_route=\/wp\/v2\/types\/page"}],"author":[{"embeddable":true,"href":"https:\/\/hubertpietka.bialystok.pl\/index.php?rest_route=\/wp\/v2\/users\/1"}],"replies":[{"embeddable":true,"href":"https:\/\/hubertpietka.bialystok.pl\/index.php?rest_route=%2Fwp%2Fv2%2Fcomments&post=2527"}],"version-history":[{"count":3,"href":"https:\/\/hubertpietka.bialystok.pl\/index.php?rest_route=\/wp\/v2\/pages\/2527\/revisions"}],"predecessor-version":[{"id":2530,"href":"https:\/\/hubertpietka.bialystok.pl\/index.php?rest_route=\/wp\/v2\/pages\/2527\/revisions\/2530"}],"wp:attachment":[{"href":"https:\/\/hubertpietka.bialystok.pl\/index.php?rest_route=%2Fwp%2Fv2%2Fmedia&parent=2527"}],"curies":[{"name":"wp","href":"https:\/\/api.w.org\/{rel}","templated":true}]}}