{"id":253,"date":"2017-01-18T21:24:19","date_gmt":"2017-01-18T21:24:19","guid":{"rendered":"http:\/\/hubertpietka.bialystok.pl\/?page_id=253"},"modified":"2017-01-18T21:24:19","modified_gmt":"2017-01-18T21:24:19","slug":"marnosc","status":"publish","type":"page","link":"https:\/\/hubertpietka.bialystok.pl\/?page_id=253","title":{"rendered":"Marno\u015b\u0107"},"content":{"rendered":"<p><strong>Marno\u015b\u0107<\/strong><\/p>\n<p><em>\u201eMarno\u015b\u0107 nad marno\u015bciami<\/em><\/p>\n<p><em>\u00a0\u00a0\u00a0\u00a0\u00a0\u00a0\u00a0\u00a0\u00a0\u00a0\u00a0\u00a0\u00a0\u00a0\u00a0 i wszystko marno\u015b\u0107.\u201d<\/em><\/p>\n<p><em>\u00a0\u00a0\u00a0\u00a0\u00a0\u00a0\u00a0\u00a0\u00a0\u00a0\u00a0\u00a0\u00a0\u00a0\u00a0\u00a0\u00a0\u00a0\u00a0\u00a0\u00a0\u00a0\u00a0\u00a0\u00a0\u00a0\u00a0\u00a0\u00a0\u00a0\u00a0\u00a0\u00a0\u00a0\u00a0\u00a0\u00a0\u00a0\u00a0\u00a0\u00a0\u00a0\u00a0\u00a0\u00a0\u00a0 (Koh 1,2)<\/em><\/p>\n<p>&nbsp;<\/p>\n<p>\u017cycie nasze \u2013 w\u015br\u00f3d marno\u015bci \u015bwiata tego<\/p>\n<p>wieczny b\u00f3l b\u00f3j zgryzota \u2013 kt\u00f3\u017c ukoi<\/p>\n<p>&nbsp;<\/p>\n<p>trzeba wstawa\u0107 \u2013 wyj\u015b\u0107 do ludzi<\/p>\n<p>cho\u0107 piasek w oczach \u2013 kamie\u0144 w sercu<\/p>\n<p>&nbsp;<\/p>\n<p>kto wyzwoli z \u015bwiata tego<\/p>\n<p>kto uczyni wytrzyma\u0142ym na cierpienie<\/p>\n<p>&nbsp;<\/p>\n<p>ma\u0142o\u015b\u0107 oci\u0119\u017ca\u0142o\u015b\u0107 \u2013 wrz\u00f3d \u017cycia wzbiera<\/p>\n<p>chcia\u0142oby si\u0119 odej\u015b\u0107 przed czasem<\/p>\n<p>&nbsp;<\/p>\n<p>bez ha\u0142asu<\/p>\n<p>ale z tob\u0105 razem<\/p>\n","protected":false},"excerpt":{"rendered":"<p>Marno\u015b\u0107 \u201eMarno\u015b\u0107 nad marno\u015bciami \u00a0\u00a0\u00a0\u00a0\u00a0\u00a0\u00a0\u00a0\u00a0\u00a0\u00a0\u00a0\u00a0\u00a0\u00a0 i wszystko marno\u015b\u0107.\u201d \u00a0\u00a0\u00a0\u00a0\u00a0\u00a0\u00a0\u00a0\u00a0\u00a0\u00a0\u00a0\u00a0\u00a0\u00a0\u00a0\u00a0\u00a0\u00a0\u00a0\u00a0\u00a0\u00a0\u00a0\u00a0\u00a0\u00a0\u00a0\u00a0\u00a0\u00a0\u00a0\u00a0\u00a0\u00a0\u00a0\u00a0\u00a0\u00a0\u00a0\u00a0\u00a0\u00a0\u00a0\u00a0\u00a0 (Koh 1,2) &nbsp; \u017cycie nasze \u2013 w\u015br\u00f3d marno\u015bci \u015bwiata tego wieczny b\u00f3l b\u00f3j zgryzota \u2013 kt\u00f3\u017c&hellip; <\/p>\n","protected":false},"author":1,"featured_media":0,"parent":0,"menu_order":0,"comment_status":"closed","ping_status":"closed","template":"","meta":{"footnotes":""},"class_list":["post-253","page","type-page","status-publish","hentry"],"_links":{"self":[{"href":"https:\/\/hubertpietka.bialystok.pl\/index.php?rest_route=\/wp\/v2\/pages\/253","targetHints":{"allow":["GET"]}}],"collection":[{"href":"https:\/\/hubertpietka.bialystok.pl\/index.php?rest_route=\/wp\/v2\/pages"}],"about":[{"href":"https:\/\/hubertpietka.bialystok.pl\/index.php?rest_route=\/wp\/v2\/types\/page"}],"author":[{"embeddable":true,"href":"https:\/\/hubertpietka.bialystok.pl\/index.php?rest_route=\/wp\/v2\/users\/1"}],"replies":[{"embeddable":true,"href":"https:\/\/hubertpietka.bialystok.pl\/index.php?rest_route=%2Fwp%2Fv2%2Fcomments&post=253"}],"version-history":[{"count":1,"href":"https:\/\/hubertpietka.bialystok.pl\/index.php?rest_route=\/wp\/v2\/pages\/253\/revisions"}],"predecessor-version":[{"id":254,"href":"https:\/\/hubertpietka.bialystok.pl\/index.php?rest_route=\/wp\/v2\/pages\/253\/revisions\/254"}],"wp:attachment":[{"href":"https:\/\/hubertpietka.bialystok.pl\/index.php?rest_route=%2Fwp%2Fv2%2Fmedia&parent=253"}],"curies":[{"name":"wp","href":"https:\/\/api.w.org\/{rel}","templated":true}]}}