{"id":2539,"date":"2019-03-25T10:05:59","date_gmt":"2019-03-25T10:05:59","guid":{"rendered":"http:\/\/hubertpietka.bialystok.pl\/?page_id=2539"},"modified":"2019-03-25T10:11:54","modified_gmt":"2019-03-25T10:11:54","slug":"zwiastowanie-zycie-jest-bardzo-cennym-darem","status":"publish","type":"page","link":"https:\/\/hubertpietka.bialystok.pl\/?page_id=2539","title":{"rendered":"Zwiastowanie \/ \u017cycie jest bardzo cennym darem"},"content":{"rendered":"<p><strong><em>Zwiastowanie \/ \u017cycie jest bardzo cennym darem<\/em><\/strong><\/p>\n<p>Powiedzia\u0142 Pan do cz\u0142owieka<br \/>\nDaje ci dar wielki<br \/>\n\u017bycie ci daj\u0119<br \/>\nAby\u015b dobro w nim czyni\u0142<\/p>\n<p>Ludzie dobrej woli<br \/>\nTen dar docenili<br \/>\nA wszelkie odst\u0119pstwa od niego<br \/>\nSzczerze op\u0142akiwali<\/p>\n<p>Poszli aby korzysta\u0107 z tego daru<br \/>\nI czyni\u0107 sobie ziemi\u0119 poddan\u0105<br \/>\nWed\u0142ug Bo\u017cego prawa<br \/>\nW zgodzie z innymi lud\u017ami<\/p>\n<p>Tymczasem inni<br \/>\nPostanowili<br \/>\nTen dar zdepczemy<br \/>\nI poszli zabija\u0107 braci<\/p>\n<p>Boga nie s\u0142uchali<br \/>\nPodszeptom k\u0142amliwym szatana zaufali<br \/>\nBo chcieli zapanowa\u0107 nad \u015bwiatem i bratem<br \/>\nNiszcz\u0105c postanowienia Bo\u017cej \u0142aski<\/p>\n<p>Inni ten dar zlekcewa\u017cyli<br \/>\nC\u00f3\u017c nam z \u017cycia innych<br \/>\nTylko nasze jest wa\u017cne<br \/>\nWszystko by\u0107 mo\u017ce<br \/>\nCo s\u0142u\u017cy nam samym<\/p>\n<p><strong>W Dzie\u0144 \u015awi\u0119to\u015bci \u017bycia pisano<\/strong><br \/>\n<strong>\u017bycie jest wielkim Bo\u017cym darem<\/strong><br \/>\n<strong>I nikt nie ma prawa<\/strong><br \/>\n<strong>Zabiera\u0107 czyjegokolwiek \u017cycia<\/strong><br \/>\n<strong>Bez wzgl\u0119du na jego kondycj\u0119<\/strong><\/p>\n<p><em>Na zdj. S\u0142o\u0144ce i krzy\u017c z ob\u0142ok\u00f3w na \u017bytniej \/<\/em><br \/>\n<em> \u017bycie cho\u0107 trudne \/<\/em><br \/>\n<em> Naznaczone krzy\u017cem \/<\/em><br \/>\n<em> Zawsze jest pe\u0142nowarto\u015bciowe \/<\/em><br \/>\n<em> Chrystusowy krzy\u017c i zmartwychwstanie \/<\/em><br \/>\n<em> \u015awiadcz\u0105 o tym paradoksalnie.<\/em><\/p>\n<p><img loading=\"lazy\" decoding=\"async\" class=\"JZUAbb\" src=\"https:\/\/lh3.googleusercontent.com\/-yzWjGTHT0RY\/XJiMWP3Z08I\/AAAAAAAANak\/b9Hy0m2FKJQjU_vlwi-YBN5PCNwDd8D-ACJoC\/w530-h398-n\/IMG_20190324_085136.jpg\" alt=\"Zdj\u0119cie\" width=\"530\" height=\"398\" \/><\/p>\n<h1 class=\"title style-scope ytd-video-primary-info-renderer\" style=\"text-align: center;\"><a href=\"https:\/\/www.youtube.com\/watch?v=85On3PdqB-Y\"><em>Dzie\u0144, w kt\u00f3rym p\u0119k\u0142o niebo &#8211; D\u017cem Rysiek Riedel 1993 Ustro\u0144<\/em><\/a><\/h1>\n","protected":false},"excerpt":{"rendered":"<p>Zwiastowanie \/ \u017cycie jest bardzo cennym darem Powiedzia\u0142 Pan do cz\u0142owieka Daje ci dar wielki \u017bycie ci daj\u0119 Aby\u015b dobro w nim czyni\u0142 Ludzie dobrej&hellip; <\/p>\n","protected":false},"author":1,"featured_media":0,"parent":0,"menu_order":0,"comment_status":"closed","ping_status":"closed","template":"","meta":{"footnotes":""},"class_list":["post-2539","page","type-page","status-publish","hentry"],"_links":{"self":[{"href":"https:\/\/hubertpietka.bialystok.pl\/index.php?rest_route=\/wp\/v2\/pages\/2539","targetHints":{"allow":["GET"]}}],"collection":[{"href":"https:\/\/hubertpietka.bialystok.pl\/index.php?rest_route=\/wp\/v2\/pages"}],"about":[{"href":"https:\/\/hubertpietka.bialystok.pl\/index.php?rest_route=\/wp\/v2\/types\/page"}],"author":[{"embeddable":true,"href":"https:\/\/hubertpietka.bialystok.pl\/index.php?rest_route=\/wp\/v2\/users\/1"}],"replies":[{"embeddable":true,"href":"https:\/\/hubertpietka.bialystok.pl\/index.php?rest_route=%2Fwp%2Fv2%2Fcomments&post=2539"}],"version-history":[{"count":4,"href":"https:\/\/hubertpietka.bialystok.pl\/index.php?rest_route=\/wp\/v2\/pages\/2539\/revisions"}],"predecessor-version":[{"id":2543,"href":"https:\/\/hubertpietka.bialystok.pl\/index.php?rest_route=\/wp\/v2\/pages\/2539\/revisions\/2543"}],"wp:attachment":[{"href":"https:\/\/hubertpietka.bialystok.pl\/index.php?rest_route=%2Fwp%2Fv2%2Fmedia&parent=2539"}],"curies":[{"name":"wp","href":"https:\/\/api.w.org\/{rel}","templated":true}]}}