{"id":2546,"date":"2019-03-25T10:38:54","date_gmt":"2019-03-25T10:38:54","guid":{"rendered":"http:\/\/hubertpietka.bialystok.pl\/?page_id=2546"},"modified":"2019-03-25T10:41:55","modified_gmt":"2019-03-25T10:41:55","slug":"rodzina-ulmow-o-rodzinnym-ulu-mow","status":"publish","type":"page","link":"https:\/\/hubertpietka.bialystok.pl\/?page_id=2546","title":{"rendered":"Rodzina Ul-m\u00f3w \/ o rodzinnym ulu m\u00f3w"},"content":{"rendered":"<p><strong><em>Rodzina Ul-m\u00f3w \/ o rodzinnym ulu m\u00f3w<\/em><\/strong><\/p>\n<p>Ul rodzinny pi\u0119kny<br \/>\nZniszczony zosta\u0142<br \/>\nPrzez hitlerowc\u00f3w<br \/>\nZa ratowanie \u017byd\u00f3w<\/p>\n<p>Druga wojna \u015bwiatowa<br \/>\nIle takich ul\u00f3w zniszczono<br \/>\nLecz pozosta\u0142 po nich<br \/>\nMi\u00f3d m\u0119cze\u0144stwa dla nas<\/p>\n<p>Ulm\u00f3w Rodzina<br \/>\nOjciec matka i pi\u0119cioro dzieci<br \/>\nJedno jeszcze w \u0142onie matki<br \/>\nZniszczony owoc polskiego narodu<\/p>\n<p>O rodzinnym ulu tym m\u00f3w<br \/>\nBy nigdy nie powt\u00f3rzy\u0142o si\u0119 zn\u00f3w<br \/>\nZbrodnicze k\u0142amstwo system\u00f3w<br \/>\nKt\u00f3re \u015bmierci\u0105 niszczy \u017cycie obro\u0144c\u00f3w<\/p>\n<p>O rodzinnym ulu tym m\u00f3w<br \/>\nKt\u00f3ry jest przyk\u0142adem dla innych ul\u00f3w<br \/>\n\u017bycia pi\u0119knego bohaterskiego<br \/>\nNiewahaj\u0105cego si\u0119 broni\u0107 \u017cycia wbrew z\u0142u wszelkiemu<\/p>\n<p>S\u0142udzy Bo\u017cy<br \/>\nBo za\u015bwiadczyli<br \/>\nO najwy\u017cszej warto\u015bci \u017cycia<br \/>\nPrzez dobry przyk\u0142ad swego \u017cycia<\/p>\n<p><em>Na zdj. \u015aw. Maksymilian w ko\u015bciele Niepokalanego Pocz\u0119cia NMP na warszawskim Wrzecionie \/<\/em><br \/>\n<em> On tak\u017ce zgin\u0105\u0142 za kogo\u015b innego oddaj\u0105c \u017cycie \/<\/em><br \/>\n<em> Rodzino Ulm\u00f3w, \u015bw. Maksymilianie, m\u00f3dlcie si\u0119 za nami \/<\/em><br \/>\n<em> By ju\u017c nie powtarza\u0142a si\u0119 zbrodnia zabierania czyjego\u015b \u00a0\u017cycia za inne \u017cycie.<\/em><\/p>\n<p><strong>W Dniu Pami\u0119ci i Modlitwy za Misjonarzy M\u0119czennik\u00f3w pisano<\/strong><br \/>\n<strong> Niech zbrodnia zabijania \u015bwiadk\u00f3w Chrystusa na misjach si\u0119 nie powtarza<\/strong><br \/>\n<strong> Tak nam dopom\u00f3\u017c, Bo\u017ce<\/strong><\/p>\n<p><img loading=\"lazy\" decoding=\"async\" class=\"JZUAbb\" src=\"https:\/\/lh3.googleusercontent.com\/-qaQU-p2mP_o\/XJfSr7jUBGI\/AAAAAAAANZw\/V62djAYCL-wckhbKgjRIMfa5NDuy61WTwCJoC\/w530-h707-n\/IMG_20190320_183642.jpg\" alt=\"Zdj\u0119cie\" width=\"530\" height=\"707\" \/><\/p>\n<p style=\"text-align: center;\"><a href=\"https:\/\/www.youtube.com\/watch?v=RgunsXL9Lo0\"><em><strong>Bajm &#8211; Ta sama chwila<\/strong><\/em><\/a><\/p>\n","protected":false},"excerpt":{"rendered":"<p>Rodzina Ul-m\u00f3w \/ o rodzinnym ulu m\u00f3w Ul rodzinny pi\u0119kny Zniszczony zosta\u0142 Przez hitlerowc\u00f3w Za ratowanie \u017byd\u00f3w Druga wojna \u015bwiatowa Ile takich ul\u00f3w zniszczono Lecz&hellip; <\/p>\n","protected":false},"author":1,"featured_media":0,"parent":0,"menu_order":0,"comment_status":"closed","ping_status":"closed","template":"","meta":{"footnotes":""},"class_list":["post-2546","page","type-page","status-publish","hentry"],"_links":{"self":[{"href":"https:\/\/hubertpietka.bialystok.pl\/index.php?rest_route=\/wp\/v2\/pages\/2546","targetHints":{"allow":["GET"]}}],"collection":[{"href":"https:\/\/hubertpietka.bialystok.pl\/index.php?rest_route=\/wp\/v2\/pages"}],"about":[{"href":"https:\/\/hubertpietka.bialystok.pl\/index.php?rest_route=\/wp\/v2\/types\/page"}],"author":[{"embeddable":true,"href":"https:\/\/hubertpietka.bialystok.pl\/index.php?rest_route=\/wp\/v2\/users\/1"}],"replies":[{"embeddable":true,"href":"https:\/\/hubertpietka.bialystok.pl\/index.php?rest_route=%2Fwp%2Fv2%2Fcomments&post=2546"}],"version-history":[{"count":5,"href":"https:\/\/hubertpietka.bialystok.pl\/index.php?rest_route=\/wp\/v2\/pages\/2546\/revisions"}],"predecessor-version":[{"id":2551,"href":"https:\/\/hubertpietka.bialystok.pl\/index.php?rest_route=\/wp\/v2\/pages\/2546\/revisions\/2551"}],"wp:attachment":[{"href":"https:\/\/hubertpietka.bialystok.pl\/index.php?rest_route=%2Fwp%2Fv2%2Fmedia&parent=2546"}],"curies":[{"name":"wp","href":"https:\/\/api.w.org\/{rel}","templated":true}]}}