{"id":2555,"date":"2019-03-31T16:07:16","date_gmt":"2019-03-31T16:07:16","guid":{"rendered":"http:\/\/hubertpietka.bialystok.pl\/?page_id=2555"},"modified":"2019-03-31T16:08:31","modified_gmt":"2019-03-31T16:08:31","slug":"krokusy-trzy-kroki-ludzkiej-duszy","status":"publish","type":"page","link":"https:\/\/hubertpietka.bialystok.pl\/?page_id=2555","title":{"rendered":"Krokusy \/ trzy kroki ludzkiej duszy"},"content":{"rendered":"<p><strong><em>Krokusy \/ trzy kroki ludzkiej duszy<\/em><\/strong><\/p>\n<p><strong>1.<\/strong> Krokiem pierwszym<br \/>\nNajwa\u017cniejszym<br \/>\nJest w dobro uwierzy\u0107<\/p>\n<p>I je piel\u0119gnowa\u0107 szczerze<br \/>\nTrwa\u0107 w nim pi\u0119knie<\/p>\n<p><img loading=\"lazy\" decoding=\"async\" class=\"JZUAbb\" src=\"https:\/\/lh3.googleusercontent.com\/-Ni6QDOMvONI\/XJ36KRlYq2I\/AAAAAAAANhU\/GLv7alKYU2YIWxaCO9PSXwccyh52C0Z5ACJoC\/w530-h398-n\/IMG_20190324_101210.jpg\" alt=\"Zdj\u0119cie\" width=\"530\" height=\"398\" \/><\/p>\n<p><em>Na zdj. Krokusy przy Alei Bluesa<br \/>\nDo dobra mo\u017ce prowadzi\u0107 wszystko<br \/>\nTak\u017ce muzyki pi\u0119kno<\/em><\/p>\n<p><strong>2.<\/strong> Krok drugi<br \/>\nTo \u017cycie w dobru<br \/>\nWierne<\/p>\n<p>Wbrew wszystkiemu<br \/>\nTo absorbowanie dobra<br \/>\nZe zdarzenia ka\u017cdego<\/p>\n<p><img loading=\"lazy\" decoding=\"async\" class=\"JZUAbb\" src=\"https:\/\/lh3.googleusercontent.com\/-JaEbRSrUgzc\/XJ37aPp8iRI\/AAAAAAAANic\/6k6gYSW3oqoj0001u1IntxuhwUYEBrfRACJoC\/w530-h398-n\/IMG_20190324_101737.jpg\" alt=\"Zdj\u0119cie\" width=\"530\" height=\"398\" \/><\/p>\n<p><em>Na zdj. Krokusy w Parku Branickich w g\u0142\u0119bi<br \/>\nDobro jest g\u0142\u0119bi\u0105<br \/>\nW kt\u00f3rej zanurza\u0107 si\u0119 i trwa\u0107 warto<\/em><\/p>\n<p><strong>3.<\/strong> Krok trzeci<br \/>\nTo dobra przywo\u0142ywanie<br \/>\nNieustanne<\/p>\n<p>To do bram nieba pukanie<br \/>\nO dobro wo\u0142anie<\/p>\n<p><img loading=\"lazy\" decoding=\"async\" class=\"JZUAbb\" src=\"https:\/\/lh3.googleusercontent.com\/--9Vn2TVq9T4\/XJ380hq8OyI\/AAAAAAAANi8\/7pq_OrxduYQkR5f_5mKeyoXKwpC2aq4tgCJoC\/w530-h398-n\/IMG_20190324_101526.jpg\" alt=\"Zdj\u0119cie\" width=\"530\" height=\"398\" \/><\/p>\n<p><em>Na zdj. Krokusy w Parku Branickich od Legionowej<br \/>\nDobra przywo\u0142ywanie<br \/>\nTo kolorystyki pi\u0119kna \u015bwiata w sobie odwzorowywanie<\/em><\/p>\n<p><strong>Epi<\/strong><br \/>\nKroki trzy<br \/>\nPi\u0119kne krokusy<\/p>\n<p>Nawr\u00f3cenie<br \/>\nWytrwa\u0142o\u015b\u0107<br \/>\nI modlitwa<\/p>\n<p>Eschatologia<br \/>\nW ludzkim \u017cyciu<br \/>\n\u017bywa jasna czysta<\/p>\n","protected":false},"excerpt":{"rendered":"<p>Krokusy \/ trzy kroki ludzkiej duszy 1. Krokiem pierwszym Najwa\u017cniejszym Jest w dobro uwierzy\u0107 I je piel\u0119gnowa\u0107 szczerze Trwa\u0107 w nim pi\u0119knie Na zdj. Krokusy&hellip; <\/p>\n","protected":false},"author":1,"featured_media":0,"parent":0,"menu_order":0,"comment_status":"closed","ping_status":"closed","template":"","meta":{"footnotes":""},"class_list":["post-2555","page","type-page","status-publish","hentry"],"_links":{"self":[{"href":"https:\/\/hubertpietka.bialystok.pl\/index.php?rest_route=\/wp\/v2\/pages\/2555","targetHints":{"allow":["GET"]}}],"collection":[{"href":"https:\/\/hubertpietka.bialystok.pl\/index.php?rest_route=\/wp\/v2\/pages"}],"about":[{"href":"https:\/\/hubertpietka.bialystok.pl\/index.php?rest_route=\/wp\/v2\/types\/page"}],"author":[{"embeddable":true,"href":"https:\/\/hubertpietka.bialystok.pl\/index.php?rest_route=\/wp\/v2\/users\/1"}],"replies":[{"embeddable":true,"href":"https:\/\/hubertpietka.bialystok.pl\/index.php?rest_route=%2Fwp%2Fv2%2Fcomments&post=2555"}],"version-history":[{"count":3,"href":"https:\/\/hubertpietka.bialystok.pl\/index.php?rest_route=\/wp\/v2\/pages\/2555\/revisions"}],"predecessor-version":[{"id":2558,"href":"https:\/\/hubertpietka.bialystok.pl\/index.php?rest_route=\/wp\/v2\/pages\/2555\/revisions\/2558"}],"wp:attachment":[{"href":"https:\/\/hubertpietka.bialystok.pl\/index.php?rest_route=%2Fwp%2Fv2%2Fmedia&parent=2555"}],"curies":[{"name":"wp","href":"https:\/\/api.w.org\/{rel}","templated":true}]}}