{"id":256,"date":"2017-01-18T21:26:32","date_gmt":"2017-01-18T21:26:32","guid":{"rendered":"http:\/\/hubertpietka.bialystok.pl\/?page_id=256"},"modified":"2017-01-18T21:26:32","modified_gmt":"2017-01-18T21:26:32","slug":"trzeba-zyc","status":"publish","type":"page","link":"https:\/\/hubertpietka.bialystok.pl\/?page_id=256","title":{"rendered":"Trzeba \u017cy\u0107"},"content":{"rendered":"<p><strong>Trzeba \u017cy\u0107<\/strong><\/p>\n<p>&nbsp;<\/p>\n<p>mimo wszystko mimo zmian<\/p>\n<p>mimo piasku pod powiekami<\/p>\n<p>trzeba wsta\u0107 trzeba i\u015b\u0107<\/p>\n<p>&nbsp;<\/p>\n<p>mimo l\u0119ku<\/p>\n<p>prze\u0142amywa\u0107 si\u0119<\/p>\n<p>przetrwa\u0107<\/p>\n<p>\u017cycia nie przegra\u0107<\/p>\n<p>&nbsp;<\/p>\n<p>trzeba biec a\u017c do ko\u0144ca<\/p>\n<p>mimo b\u00f3lu przewiercaj\u0105cego<\/p>\n<p>ka\u017cd\u0105 my\u015bl trzeba i\u015b\u0107<\/p>\n<p>&nbsp;<\/p>\n<p>mimo s\u0142\u00f3w na wiatr<\/p>\n<p>trzeba trwa\u0107 trzeba by\u0107<\/p>\n<p>dop\u00f3ki jestem dop\u00f3ki jeste\u015b<\/p>\n<p>dop\u00f3ki tchu, uff!<\/p>\n<p>&#8211; teraz i tu\u2026<\/p>\n","protected":false},"excerpt":{"rendered":"<p>Trzeba \u017cy\u0107 &nbsp; mimo wszystko mimo zmian mimo piasku pod powiekami trzeba wsta\u0107 trzeba i\u015b\u0107 &nbsp; mimo l\u0119ku prze\u0142amywa\u0107 si\u0119 przetrwa\u0107 \u017cycia nie przegra\u0107 &nbsp;&hellip; <\/p>\n","protected":false},"author":1,"featured_media":0,"parent":0,"menu_order":0,"comment_status":"closed","ping_status":"closed","template":"","meta":{"footnotes":""},"class_list":["post-256","page","type-page","status-publish","hentry"],"_links":{"self":[{"href":"https:\/\/hubertpietka.bialystok.pl\/index.php?rest_route=\/wp\/v2\/pages\/256","targetHints":{"allow":["GET"]}}],"collection":[{"href":"https:\/\/hubertpietka.bialystok.pl\/index.php?rest_route=\/wp\/v2\/pages"}],"about":[{"href":"https:\/\/hubertpietka.bialystok.pl\/index.php?rest_route=\/wp\/v2\/types\/page"}],"author":[{"embeddable":true,"href":"https:\/\/hubertpietka.bialystok.pl\/index.php?rest_route=\/wp\/v2\/users\/1"}],"replies":[{"embeddable":true,"href":"https:\/\/hubertpietka.bialystok.pl\/index.php?rest_route=%2Fwp%2Fv2%2Fcomments&post=256"}],"version-history":[{"count":1,"href":"https:\/\/hubertpietka.bialystok.pl\/index.php?rest_route=\/wp\/v2\/pages\/256\/revisions"}],"predecessor-version":[{"id":257,"href":"https:\/\/hubertpietka.bialystok.pl\/index.php?rest_route=\/wp\/v2\/pages\/256\/revisions\/257"}],"wp:attachment":[{"href":"https:\/\/hubertpietka.bialystok.pl\/index.php?rest_route=%2Fwp%2Fv2%2Fmedia&parent=256"}],"curies":[{"name":"wp","href":"https:\/\/api.w.org\/{rel}","templated":true}]}}