{"id":2575,"date":"2019-04-02T09:14:41","date_gmt":"2019-04-02T09:14:41","guid":{"rendered":"http:\/\/hubertpietka.bialystok.pl\/?page_id=2575"},"modified":"2019-04-02T09:28:21","modified_gmt":"2019-04-02T09:28:21","slug":"dawid-i-goliat-2","status":"publish","type":"page","link":"https:\/\/hubertpietka.bialystok.pl\/?page_id=2575","title":{"rendered":"Dawid i Goliat \/ dw\u00f3ch"},"content":{"rendered":"<p><strong><em>Dawid i Goliat \/ dw\u00f3ch<br \/>\n<\/em><\/strong><\/p>\n<p>Ty idziesz na nas<br \/>\nZ ca\u0142\u0105 pot\u0119g\u0105 przeciwnika<br \/>\nZ pot\u0119g\u0105 szatana<\/p>\n<p>My idziemy w imi\u0119 Pana<\/p>\n<p>Wspom\u00f3\u017c nas Bo\u017ce<br \/>\nW tej walce z szatanem<br \/>\nNie zostawiaj nas samych<br \/>\nTobie ufamy<\/p>\n<p>Maryjo m\u00f3dl si\u0119 za nami<\/p>\n<p><em>Na zdj. Krokusy i kamie\u0144 \/<\/em><br \/>\n<em> Przy s\u0105siednim bloku \u017bytniej 13 \/<\/em><br \/>\n<em> Modlitwa nasza to kroki w stron\u0119 Pana \/<\/em><br \/>\n<em> Niech ten kamie\u0144 wystrzelany tutaj \/<\/em><br \/>\n<em> rozbije ca\u0142\u0105 pot\u0119g\u0119 przeciwnika.<\/em><\/p>\n<p><strong>W rocznice \u015bmierci \u015bw. Jana Paw\u0142a II pisano \/<\/strong><br \/>\n<strong>W Twe wstawiennictwo ufamy \/<\/strong><br \/>\n<strong>Amen.<\/strong><\/p>\n<p><img loading=\"lazy\" decoding=\"async\" class=\"JZUAbb\" src=\"https:\/\/lh3.googleusercontent.com\/-OxadQolVKYY\/XKMlwF7OrSI\/AAAAAAAANps\/b18rMA1UKhEYI6f_LVF0zA35nDu8RK28gCJoC\/w530-h398-n\/IMG_20190401_135248.jpg\" alt=\"Zdj\u0119cie\" width=\"530\" height=\"398\" \/><\/p>\n<h1 class=\"title style-scope ytd-video-primary-info-renderer\" style=\"text-align: center;\"><em><a href=\"https:\/\/www.youtube.com\/watch?v=k19_X363lSI\">Uwielbiajcie Pana &#8211; Piosenki Franciszka\u0144skie &#8211; Fioretti<\/a><\/em><\/h1>\n","protected":false},"excerpt":{"rendered":"<p>Dawid i Goliat \/ dw\u00f3ch Ty idziesz na nas Z ca\u0142\u0105 pot\u0119g\u0105 przeciwnika Z pot\u0119g\u0105 szatana My idziemy w imi\u0119 Pana Wspom\u00f3\u017c nas Bo\u017ce W&hellip; <\/p>\n","protected":false},"author":1,"featured_media":0,"parent":0,"menu_order":0,"comment_status":"closed","ping_status":"closed","template":"","meta":{"footnotes":""},"class_list":["post-2575","page","type-page","status-publish","hentry"],"_links":{"self":[{"href":"https:\/\/hubertpietka.bialystok.pl\/index.php?rest_route=\/wp\/v2\/pages\/2575","targetHints":{"allow":["GET"]}}],"collection":[{"href":"https:\/\/hubertpietka.bialystok.pl\/index.php?rest_route=\/wp\/v2\/pages"}],"about":[{"href":"https:\/\/hubertpietka.bialystok.pl\/index.php?rest_route=\/wp\/v2\/types\/page"}],"author":[{"embeddable":true,"href":"https:\/\/hubertpietka.bialystok.pl\/index.php?rest_route=\/wp\/v2\/users\/1"}],"replies":[{"embeddable":true,"href":"https:\/\/hubertpietka.bialystok.pl\/index.php?rest_route=%2Fwp%2Fv2%2Fcomments&post=2575"}],"version-history":[{"count":6,"href":"https:\/\/hubertpietka.bialystok.pl\/index.php?rest_route=\/wp\/v2\/pages\/2575\/revisions"}],"predecessor-version":[{"id":2583,"href":"https:\/\/hubertpietka.bialystok.pl\/index.php?rest_route=\/wp\/v2\/pages\/2575\/revisions\/2583"}],"wp:attachment":[{"href":"https:\/\/hubertpietka.bialystok.pl\/index.php?rest_route=%2Fwp%2Fv2%2Fmedia&parent=2575"}],"curies":[{"name":"wp","href":"https:\/\/api.w.org\/{rel}","templated":true}]}}