{"id":2585,"date":"2019-04-04T10:01:33","date_gmt":"2019-04-04T10:01:33","guid":{"rendered":"http:\/\/hubertpietka.bialystok.pl\/?page_id=2585"},"modified":"2019-04-04T10:15:12","modified_gmt":"2019-04-04T10:15:12","slug":"ku-uczczeniu-pieciu-ran-pana-jezusa-chrystusa","status":"publish","type":"page","link":"https:\/\/hubertpietka.bialystok.pl\/?page_id=2585","title":{"rendered":"Ku uczczeniu 5 Ran Pana Jezusa Chrystusa"},"content":{"rendered":"<p><strong><em>Ku uczczeniu 5 Ran Pana Jezusa Chrystusa<\/em><\/strong><\/p>\n<p><em>O Krwi i Wodo, kt\u00f3ra\u015b wyp\u0142yn\u0119\u0142a z Naj\u015bwi\u0119tszego Serca Jezusowego<\/em><br \/>\n<em>Jako Zdr\u00f3j Mi\u0142osierdzia dla nas<\/em><br \/>\n<em>Ufamy Tobie<\/em><br \/>\n<em>\/x3 <\/em><\/p>\n<ol>\n<li>Najmi\u0142osierniejszy Jezu ukrzy\u017cowany<\/li>\n<\/ol>\n<p>W duchu ca\u0142uj\u0119 Twoje \u015awi\u0119te Rany<br \/>\n\u015awi\u0119t\u0105 Ran\u0119 Twojej Prawej Nogi<br \/>\n<em>Na kt\u00f3rej przyst\u0119puj\u0105c, czekasz<\/em><br \/>\nW intencji przeb\u0142agalnej za wszystkich biednych grzesznik\u00f3w ca\u0142ego \u015bwiata<\/p>\n<p>Ojcze nasz<br \/>\nZdrowa\u015b Mario<br \/>\nChwa\u0142a Ojcu<\/p>\n<ol start=\"2\">\n<li>Najmi\u0142osierniejszy Jezu ukrzy\u017cowany<\/li>\n<\/ol>\n<p>W duchu ca\u0142uj\u0119 Twoje \u015awi\u0119te Rany<br \/>\n\u015awi\u0119t\u0105 Ran\u0119 Twojej Lewej Nogi<br \/>\n<em>kt\u00f3r\u0105 skierowujesz Siebie w stron\u0119 wszystkich<\/em><br \/>\nW intencji przeb\u0142agalnej za wszystkich biednych grzesznik\u00f3w ca\u0142ego \u015bwiata<\/p>\n<p>Ojcze nasz<br \/>\nZdrowa\u015b Mario<br \/>\nChwa\u0142a Ojcu<\/p>\n<ol start=\"3\">\n<li>Najmi\u0142osierniejszy Jezu ukrzy\u017cowany<\/li>\n<\/ol>\n<p>W duchu ca\u0142uj\u0119 Twoje \u015awi\u0119te Rany<br \/>\n\u015awi\u0119t\u0105 Ran\u0119 Twojej Prawej R\u0119ki<br \/>\n<em>kt\u00f3r\u0105 b\u0142ogos\u0142awisz \u015bwiatu<\/em><br \/>\nW intencji przeb\u0142agalnej za wszystkich biednych grzesznik\u00f3w ca\u0142ego \u015bwiata<\/p>\n<p>Ojcze nasz<br \/>\nZdrowa\u015b Mario<br \/>\nChwa\u0142a Ojcu<\/p>\n<ol start=\"4\">\n<li>Najmi\u0142osierniejszy Jezu ukrzy\u017cowany<\/li>\n<\/ol>\n<p>W duchu ca\u0142uj\u0119 Twoje \u015awi\u0119te Rany<br \/>\n\u015awi\u0119t\u0105 Ran\u0119 Twojej Lewej R\u0119ki<br \/>\n<em>kt\u00f3r\u0105 wskazujesz Swoje Naj\u015bwi\u0119tsze Serce<\/em><br \/>\nW intencji przeb\u0142agalnej za wszystkich biednych grzesznik\u00f3w ca\u0142ego \u015bwiata<\/p>\n<p>Ojcze nasz<br \/>\nZdrowa\u015b Mario<br \/>\nChwa\u0142a Ojcu<\/p>\n<ol start=\"5\">\n<li>Najmi\u0142osierniejszy Jezu ukrzy\u017cowany<\/li>\n<\/ol>\n<p>W duchu ca\u0142uj\u0119 Twoje \u015awi\u0119te Rany<br \/>\n\u015awi\u0119t\u0105 Ran\u0119 Twego Serce<br \/>\n<em>z kt\u00f3rego wyp\u0142yn\u0119\u0142a Krew i Woda, sakramenty Mi\u0142osierdzia dla \u015bwiata<\/em><br \/>\nW intencji przeb\u0142agalnej za wszystkich biednych grzesznik\u00f3w ca\u0142ego \u015bwiata<\/p>\n<p>Ojcze nasz<br \/>\nZdrowa\u015b Mario<br \/>\nChwa\u0142a Ojcu<\/p>\n<p>Naj\u015bwi\u0119tsze Serce Jezusa, zmi\u0142uj si\u0119 nad nami<br \/>\nNiepokalane Serce Maryi, przyczy\u0144 si\u0119 za nami<\/p>\n<p><em>Na zdj. Mi\u0142osierny Jezus \/<\/em><br \/>\n<em> W naszym o\u0142tarzyku domowym \/<\/em><br \/>\n<em> Jezu ufam Tobie!<\/em><\/p>\n<p>https:\/\/drive.google.com\/file\/d\/0BzBEUcBrerYQX3o2bjhVN2JwZjRBZXBBdEdtTTJiSnRfMGlJ\/view<\/p>\n","protected":false},"excerpt":{"rendered":"<p>Ku uczczeniu 5 Ran Pana Jezusa Chrystusa O Krwi i Wodo, kt\u00f3ra\u015b wyp\u0142yn\u0119\u0142a z Naj\u015bwi\u0119tszego Serca Jezusowego Jako Zdr\u00f3j Mi\u0142osierdzia dla nas Ufamy Tobie \/x3&hellip; <\/p>\n","protected":false},"author":1,"featured_media":0,"parent":0,"menu_order":0,"comment_status":"closed","ping_status":"closed","template":"","meta":{"footnotes":""},"class_list":["post-2585","page","type-page","status-publish","hentry"],"_links":{"self":[{"href":"https:\/\/hubertpietka.bialystok.pl\/index.php?rest_route=\/wp\/v2\/pages\/2585","targetHints":{"allow":["GET"]}}],"collection":[{"href":"https:\/\/hubertpietka.bialystok.pl\/index.php?rest_route=\/wp\/v2\/pages"}],"about":[{"href":"https:\/\/hubertpietka.bialystok.pl\/index.php?rest_route=\/wp\/v2\/types\/page"}],"author":[{"embeddable":true,"href":"https:\/\/hubertpietka.bialystok.pl\/index.php?rest_route=\/wp\/v2\/users\/1"}],"replies":[{"embeddable":true,"href":"https:\/\/hubertpietka.bialystok.pl\/index.php?rest_route=%2Fwp%2Fv2%2Fcomments&post=2585"}],"version-history":[{"count":5,"href":"https:\/\/hubertpietka.bialystok.pl\/index.php?rest_route=\/wp\/v2\/pages\/2585\/revisions"}],"predecessor-version":[{"id":2590,"href":"https:\/\/hubertpietka.bialystok.pl\/index.php?rest_route=\/wp\/v2\/pages\/2585\/revisions\/2590"}],"wp:attachment":[{"href":"https:\/\/hubertpietka.bialystok.pl\/index.php?rest_route=%2Fwp%2Fv2%2Fmedia&parent=2585"}],"curies":[{"name":"wp","href":"https:\/\/api.w.org\/{rel}","templated":true}]}}