{"id":259,"date":"2017-01-18T21:28:37","date_gmt":"2017-01-18T21:28:37","guid":{"rendered":"http:\/\/hubertpietka.bialystok.pl\/?page_id=259"},"modified":"2017-01-18T21:28:37","modified_gmt":"2017-01-18T21:28:37","slug":"slabosc","status":"publish","type":"page","link":"https:\/\/hubertpietka.bialystok.pl\/?page_id=259","title":{"rendered":"S\u0142abo\u015b\u0107"},"content":{"rendered":"<p><strong>S\u0142abo\u015b\u0107<\/strong><\/p>\n<p>&nbsp;<\/p>\n<p>uderzy\u0142a mnie w twarz<\/p>\n<p>czasem bije po oczach<\/p>\n<p>nie do wytrzymania<\/p>\n<p>&nbsp;<\/p>\n<p>objawia si\u0119 zawsze<\/p>\n<p>w towarzystwie l\u0119ku<\/p>\n<p>chce zabi\u0107 ufno\u015b\u0107<\/p>\n<p>zabra\u0107 nadziej\u0119<\/p>\n<p>&nbsp;<\/p>\n<p>tak trudno z ni\u0105 walczy\u0107<\/p>\n<p>tylko wtedy mo\u017cna z ni\u0105 wygra\u0107<\/p>\n<p>gdy bliski cz\u0142owiek wyci\u0105gnie r\u0119k\u0119<\/p>\n<p>zabierze j\u0105 sprzed oczu<\/p>\n<p>&nbsp;<\/p>\n<p>wtedy opada zas\u0142ona ciemno\u015bci<\/p>\n<p>cho\u0107 pokutuje jak po prze\u017cytej nocy<\/p>\n<p>jednak sta\u0107 j\u0105 tylko na po\u015bmiertne pl\u0105sy<\/p>\n<p>&nbsp;<\/p>\n<p>tylko mi\u0142o\u015b\u0107 z ni\u0105 wygrywa<\/p>\n<p>tylko mi\u0142o\u015b\u0107 jest w stanie j\u0105 odmieni\u0107<\/p>\n<p>s\u0142abo\u015b\u0107 l\u0119k przemieni\u0107 w cisz\u0119<\/p>\n","protected":false},"excerpt":{"rendered":"<p>S\u0142abo\u015b\u0107 &nbsp; uderzy\u0142a mnie w twarz czasem bije po oczach nie do wytrzymania &nbsp; objawia si\u0119 zawsze w towarzystwie l\u0119ku chce zabi\u0107 ufno\u015b\u0107 zabra\u0107 nadziej\u0119&hellip; <\/p>\n","protected":false},"author":1,"featured_media":0,"parent":0,"menu_order":0,"comment_status":"closed","ping_status":"closed","template":"","meta":{"footnotes":""},"class_list":["post-259","page","type-page","status-publish","hentry"],"_links":{"self":[{"href":"https:\/\/hubertpietka.bialystok.pl\/index.php?rest_route=\/wp\/v2\/pages\/259","targetHints":{"allow":["GET"]}}],"collection":[{"href":"https:\/\/hubertpietka.bialystok.pl\/index.php?rest_route=\/wp\/v2\/pages"}],"about":[{"href":"https:\/\/hubertpietka.bialystok.pl\/index.php?rest_route=\/wp\/v2\/types\/page"}],"author":[{"embeddable":true,"href":"https:\/\/hubertpietka.bialystok.pl\/index.php?rest_route=\/wp\/v2\/users\/1"}],"replies":[{"embeddable":true,"href":"https:\/\/hubertpietka.bialystok.pl\/index.php?rest_route=%2Fwp%2Fv2%2Fcomments&post=259"}],"version-history":[{"count":1,"href":"https:\/\/hubertpietka.bialystok.pl\/index.php?rest_route=\/wp\/v2\/pages\/259\/revisions"}],"predecessor-version":[{"id":260,"href":"https:\/\/hubertpietka.bialystok.pl\/index.php?rest_route=\/wp\/v2\/pages\/259\/revisions\/260"}],"wp:attachment":[{"href":"https:\/\/hubertpietka.bialystok.pl\/index.php?rest_route=%2Fwp%2Fv2%2Fmedia&parent=259"}],"curies":[{"name":"wp","href":"https:\/\/api.w.org\/{rel}","templated":true}]}}