{"id":2606,"date":"2019-04-15T19:55:21","date_gmt":"2019-04-15T19:55:21","guid":{"rendered":"http:\/\/hubertpietka.bialystok.pl\/?page_id=2606"},"modified":"2019-04-15T20:02:10","modified_gmt":"2019-04-15T20:02:10","slug":"biker-i-bosir-be-care-bo-sir","status":"publish","type":"page","link":"https:\/\/hubertpietka.bialystok.pl\/?page_id=2606","title":{"rendered":"Biker i BOSIR \/ be care bo Sir"},"content":{"rendered":"<p><em><strong>Biker i BOSIR \/ be care bo Sir<\/strong><\/em><\/p>\n<p>Be care<br \/>\nBy\u0107 ostro\u017cnym<br \/>\nBe to by\u0107<br \/>\nCare to opieka te\u017c<br \/>\nZaopiekowa\u0107 si\u0119<br \/>\nBy\u0107 w opiece<\/p>\n<p>Bo Sir<br \/>\nBo powiedzia\u0142 Pan<br \/>\nTrzeba robi\u0107 co m\u00f3wi On<br \/>\nI ufa\u0107<br \/>\nBo On najlepiej wie<br \/>\nCo i jak powinno by\u0107<\/p>\n<p>Si\u0119 odbi\u0107<br \/>\nZe s\u0142abo\u015bci swoich<br \/>\nBOSIR i Biker<br \/>\nPi\u0142ka i rower<\/p>\n<p><em><strong><a href=\"https:\/\/drive.google.com\/file\/d\/0BzBEUcBrerYQWkFUTjRvTklXdFRCRGk3R3dpS2xjUFp5U0JZ\/view?usp=sharing\">Dumeczka piesek<\/a><\/strong><\/em><\/p>\n","protected":false},"excerpt":{"rendered":"<p>Biker i BOSIR \/ be care bo Sir Be care By\u0107 ostro\u017cnym Be to by\u0107 Care to opieka te\u017c Zaopiekowa\u0107 si\u0119 By\u0107 w opiece Bo&hellip; <\/p>\n","protected":false},"author":1,"featured_media":0,"parent":0,"menu_order":0,"comment_status":"closed","ping_status":"closed","template":"","meta":{"footnotes":""},"class_list":["post-2606","page","type-page","status-publish","hentry"],"_links":{"self":[{"href":"https:\/\/hubertpietka.bialystok.pl\/index.php?rest_route=\/wp\/v2\/pages\/2606","targetHints":{"allow":["GET"]}}],"collection":[{"href":"https:\/\/hubertpietka.bialystok.pl\/index.php?rest_route=\/wp\/v2\/pages"}],"about":[{"href":"https:\/\/hubertpietka.bialystok.pl\/index.php?rest_route=\/wp\/v2\/types\/page"}],"author":[{"embeddable":true,"href":"https:\/\/hubertpietka.bialystok.pl\/index.php?rest_route=\/wp\/v2\/users\/1"}],"replies":[{"embeddable":true,"href":"https:\/\/hubertpietka.bialystok.pl\/index.php?rest_route=%2Fwp%2Fv2%2Fcomments&post=2606"}],"version-history":[{"count":4,"href":"https:\/\/hubertpietka.bialystok.pl\/index.php?rest_route=\/wp\/v2\/pages\/2606\/revisions"}],"predecessor-version":[{"id":2610,"href":"https:\/\/hubertpietka.bialystok.pl\/index.php?rest_route=\/wp\/v2\/pages\/2606\/revisions\/2610"}],"wp:attachment":[{"href":"https:\/\/hubertpietka.bialystok.pl\/index.php?rest_route=%2Fwp%2Fv2%2Fmedia&parent=2606"}],"curies":[{"name":"wp","href":"https:\/\/api.w.org\/{rel}","templated":true}]}}