{"id":2613,"date":"2019-04-24T17:19:13","date_gmt":"2019-04-24T17:19:13","guid":{"rendered":"http:\/\/hubertpietka.bialystok.pl\/?page_id=2613"},"modified":"2019-04-24T18:46:00","modified_gmt":"2019-04-24T18:46:00","slug":"smok-i-swiety-jerzy-prawa-legendy","status":"publish","type":"page","link":"https:\/\/hubertpietka.bialystok.pl\/?page_id=2613","title":{"rendered":"Smok i \u015bwi\u0119ty Jerzy \/ prawa legendy"},"content":{"rendered":"<p><em><strong>Smok i \u015bwi\u0119ty Jerzy \/ prawa legendy<\/strong><\/em><\/p>\n<p>Smok zakry\u0142 \u017ar\u00f3d\u0142o w\u00f3d<br \/>\n\u0179r\u00f3d\u0142o \u0142ask Bo\u017cych wszelkich<br \/>\nAby je odkry\u0107<br \/>\nDomaga\u0142 si\u0119 ofiar<\/p>\n<p>Najpierw Bo\u017ce owieczki<br \/>\nKaza\u0142 sobie po\u015bwi\u0119ci\u0107<br \/>\nBy nast\u0119pnie<br \/>\nPokusi\u0107 si\u0119 na ksi\u0119\u017cniczk\u0119<\/p>\n<p>Lecz pojawi\u0142 si\u0119 \u015bw. Jerzy<br \/>\n\u015awi\u0119ty czyli ten kt\u00f3ry wierzy<br \/>\nPokona\u0142 smoka<br \/>\nI odkry\u0142 \u017ar\u00f3d\u0142o w\u00f3d miasta<\/p>\n<p>&#8211; <em>W \u015bwi\u0119tego Jerzego pisano\u00a0<\/em>\u00a0&#8211;<br \/>\nBo legenda s\u0142u\u017cy prawom<br \/>\n\u017be z\u0142u przeciwstawia\u0107 si\u0119 trzeba<br \/>\nWiary si\u0142\u0105 i ufno\u015bci\u0105<br \/>\n\u017be dobro zwyci\u0119\u017cy zawsze<\/p>\n<div dir=\"auto\"><\/div>\n<div dir=\"auto\">\n<h1 class=\"title style-scope ytd-video-primary-info-renderer\"><a href=\"https:\/\/www.youtube.com\/watch?v=GbwZwNCn34Y\"><em>Jezus Chrystus jest moim zbawieniem<\/em><\/a><\/h1>\n<h1 class=\"title style-scope ytd-video-primary-info-renderer\"><a href=\"https:\/\/www.youtube.com\/watch?v=ZHDPzW3vyjk\"><em>Zmartwychwsta\u0142 Pan i \u017cyje dzi\u015b<\/em><\/a><\/h1>\n<\/div>\n","protected":false},"excerpt":{"rendered":"<p>Smok i \u015bwi\u0119ty Jerzy \/ prawa legendy Smok zakry\u0142 \u017ar\u00f3d\u0142o w\u00f3d \u0179r\u00f3d\u0142o \u0142ask Bo\u017cych wszelkich Aby je odkry\u0107 Domaga\u0142 si\u0119 ofiar Najpierw Bo\u017ce owieczki Kaza\u0142&hellip; <\/p>\n","protected":false},"author":1,"featured_media":0,"parent":0,"menu_order":0,"comment_status":"closed","ping_status":"closed","template":"","meta":{"footnotes":""},"class_list":["post-2613","page","type-page","status-publish","hentry"],"_links":{"self":[{"href":"https:\/\/hubertpietka.bialystok.pl\/index.php?rest_route=\/wp\/v2\/pages\/2613","targetHints":{"allow":["GET"]}}],"collection":[{"href":"https:\/\/hubertpietka.bialystok.pl\/index.php?rest_route=\/wp\/v2\/pages"}],"about":[{"href":"https:\/\/hubertpietka.bialystok.pl\/index.php?rest_route=\/wp\/v2\/types\/page"}],"author":[{"embeddable":true,"href":"https:\/\/hubertpietka.bialystok.pl\/index.php?rest_route=\/wp\/v2\/users\/1"}],"replies":[{"embeddable":true,"href":"https:\/\/hubertpietka.bialystok.pl\/index.php?rest_route=%2Fwp%2Fv2%2Fcomments&post=2613"}],"version-history":[{"count":5,"href":"https:\/\/hubertpietka.bialystok.pl\/index.php?rest_route=\/wp\/v2\/pages\/2613\/revisions"}],"predecessor-version":[{"id":2625,"href":"https:\/\/hubertpietka.bialystok.pl\/index.php?rest_route=\/wp\/v2\/pages\/2613\/revisions\/2625"}],"wp:attachment":[{"href":"https:\/\/hubertpietka.bialystok.pl\/index.php?rest_route=%2Fwp%2Fv2%2Fmedia&parent=2613"}],"curies":[{"name":"wp","href":"https:\/\/api.w.org\/{rel}","templated":true}]}}