{"id":2618,"date":"2019-04-24T17:37:56","date_gmt":"2019-04-24T17:37:56","guid":{"rendered":"http:\/\/hubertpietka.bialystok.pl\/?page_id=2618"},"modified":"2019-04-24T17:41:49","modified_gmt":"2019-04-24T17:41:49","slug":"tak-bohaterowi-zawsze-bo-nie-haterowi-takze","status":"publish","type":"page","link":"https:\/\/hubertpietka.bialystok.pl\/?page_id=2618","title":{"rendered":"Tak Bohaterowi zawsze \/ bo nie haterowi tak\u017ce"},"content":{"rendered":"<p><em><strong>Tak Bohaterowi zawsze \/ bo nie haterowi tak\u017ce<\/strong><\/em><\/p>\n<p>Chrystus<br \/>\nBohater nasz<br \/>\nPo to przyszed\u0142<br \/>\nBy cz\u0142owiek m\u00f3g\u0142 wolno\u015b\u0107 mie\u0107<br \/>\nBy mi\u0142o\u015bci\u0105 i prawd\u0105 \u017cy\u0142<br \/>\nBy pi\u0119knem i dobrem si\u0119 cieszy\u0142<\/p>\n<p>Ale jest tez hater<br \/>\nNienawistnik wielki<br \/>\nKt\u00f3ry cz\u0142owiekowi<br \/>\nChce szkodzi\u0107<br \/>\nUwik\u0142a\u0107 go chce<br \/>\nW grzechy wszelkie<br \/>\nK\u0142amstwa g\u0142osi<br \/>\nNienawi\u015b\u0107 szerzy<\/p>\n<p>Trzeba tak powiedzie\u0107 Bohaterowi<br \/>\nA nie haterowi<br \/>\nI post\u0119powa\u0107 wed\u0142ug tego<br \/>\nW wolno\u015bci dziecka Bo\u017cego<\/p>\n<p>Tak Bohaterowi<br \/>\nTak dzieciom Jego<br \/>\nNie haterowi<br \/>\nI tym kt\u00f3rzy post\u0119puj\u0105 wed\u0142ug niego<br \/>\nNiech si\u0119 lepiej nawr\u00f3c\u0105<br \/>\nZ grzechu obmyj\u0105<\/p>\n<p><a href=\"https:\/\/drive.google.com\/file\/d\/0BzBEUcBrerYQM3R3X0JXajdUZWNfNGkxaG1OUmVlQTJkY1Ew\/view?usp=sharing\"><strong><em>Piesek, to te\u017c stworzenie Bo\u017ce jest.<\/em><\/strong><\/a><\/p>\n","protected":false},"excerpt":{"rendered":"<p>Tak Bohaterowi zawsze \/ bo nie haterowi tak\u017ce Chrystus Bohater nasz Po to przyszed\u0142 By cz\u0142owiek m\u00f3g\u0142 wolno\u015b\u0107 mie\u0107 By mi\u0142o\u015bci\u0105 i prawd\u0105 \u017cy\u0142 By&hellip; <\/p>\n","protected":false},"author":1,"featured_media":0,"parent":0,"menu_order":0,"comment_status":"closed","ping_status":"closed","template":"","meta":{"footnotes":""},"class_list":["post-2618","page","type-page","status-publish","hentry"],"_links":{"self":[{"href":"https:\/\/hubertpietka.bialystok.pl\/index.php?rest_route=\/wp\/v2\/pages\/2618","targetHints":{"allow":["GET"]}}],"collection":[{"href":"https:\/\/hubertpietka.bialystok.pl\/index.php?rest_route=\/wp\/v2\/pages"}],"about":[{"href":"https:\/\/hubertpietka.bialystok.pl\/index.php?rest_route=\/wp\/v2\/types\/page"}],"author":[{"embeddable":true,"href":"https:\/\/hubertpietka.bialystok.pl\/index.php?rest_route=\/wp\/v2\/users\/1"}],"replies":[{"embeddable":true,"href":"https:\/\/hubertpietka.bialystok.pl\/index.php?rest_route=%2Fwp%2Fv2%2Fcomments&post=2618"}],"version-history":[{"count":4,"href":"https:\/\/hubertpietka.bialystok.pl\/index.php?rest_route=\/wp\/v2\/pages\/2618\/revisions"}],"predecessor-version":[{"id":2622,"href":"https:\/\/hubertpietka.bialystok.pl\/index.php?rest_route=\/wp\/v2\/pages\/2618\/revisions\/2622"}],"wp:attachment":[{"href":"https:\/\/hubertpietka.bialystok.pl\/index.php?rest_route=%2Fwp%2Fv2%2Fmedia&parent=2618"}],"curies":[{"name":"wp","href":"https:\/\/api.w.org\/{rel}","templated":true}]}}