{"id":262,"date":"2017-01-18T21:31:00","date_gmt":"2017-01-18T21:31:00","guid":{"rendered":"http:\/\/hubertpietka.bialystok.pl\/?page_id=262"},"modified":"2017-01-18T21:31:00","modified_gmt":"2017-01-18T21:31:00","slug":"cien-rzeczy","status":"publish","type":"page","link":"https:\/\/hubertpietka.bialystok.pl\/?page_id=262","title":{"rendered":"Cie\u0144 rzeczy"},"content":{"rendered":"<p><strong>Cie\u0144 rzeczy<\/strong><\/p>\n<p>&nbsp;<\/p>\n<p>mi\u0142o\u015bci<\/p>\n<p>nie wyrazisz s\u0142owem<\/p>\n<p>nie wyrazisz<\/p>\n<p>&nbsp;<\/p>\n<p>rozpaczy<\/p>\n<p>nie wyrazisz s\u0142owem<\/p>\n<p>nie wyrazisz<\/p>\n<p>&nbsp;<\/p>\n<p>mo\u017cesz da\u0107 tylko<\/p>\n<p>&nbsp;<\/p>\n<p>mo\u017cesz tylko<\/p>\n<p>ukszta\u0142towa\u0107<\/p>\n<p>pewien cie\u0144 rzeczy<\/p>\n<p>&nbsp;<\/p>\n<p>samych w sobie<\/p>\n<p>samych dla siebie<\/p>\n<p>&nbsp;<\/p>\n<p>reszta jest zaufaniem<\/p>\n<p>\u017ce nie zostaniesz<\/p>\n<p>&nbsp;<\/p>\n<p>odrzucony<\/p>\n<p>pot\u0119piony<\/p>\n<p>wy\u015bmiany<\/p>\n<p>&nbsp;<\/p>\n<p>nie wyrazisz<\/p>\n<p>nie wyrazisz<\/p>\n","protected":false},"excerpt":{"rendered":"<p>Cie\u0144 rzeczy &nbsp; mi\u0142o\u015bci nie wyrazisz s\u0142owem nie wyrazisz &nbsp; rozpaczy nie wyrazisz s\u0142owem nie wyrazisz &nbsp; mo\u017cesz da\u0107 tylko &nbsp; mo\u017cesz tylko ukszta\u0142towa\u0107 pewien&hellip; <\/p>\n","protected":false},"author":1,"featured_media":0,"parent":0,"menu_order":0,"comment_status":"closed","ping_status":"closed","template":"","meta":{"footnotes":""},"class_list":["post-262","page","type-page","status-publish","hentry"],"_links":{"self":[{"href":"https:\/\/hubertpietka.bialystok.pl\/index.php?rest_route=\/wp\/v2\/pages\/262","targetHints":{"allow":["GET"]}}],"collection":[{"href":"https:\/\/hubertpietka.bialystok.pl\/index.php?rest_route=\/wp\/v2\/pages"}],"about":[{"href":"https:\/\/hubertpietka.bialystok.pl\/index.php?rest_route=\/wp\/v2\/types\/page"}],"author":[{"embeddable":true,"href":"https:\/\/hubertpietka.bialystok.pl\/index.php?rest_route=\/wp\/v2\/users\/1"}],"replies":[{"embeddable":true,"href":"https:\/\/hubertpietka.bialystok.pl\/index.php?rest_route=%2Fwp%2Fv2%2Fcomments&post=262"}],"version-history":[{"count":1,"href":"https:\/\/hubertpietka.bialystok.pl\/index.php?rest_route=\/wp\/v2\/pages\/262\/revisions"}],"predecessor-version":[{"id":263,"href":"https:\/\/hubertpietka.bialystok.pl\/index.php?rest_route=\/wp\/v2\/pages\/262\/revisions\/263"}],"wp:attachment":[{"href":"https:\/\/hubertpietka.bialystok.pl\/index.php?rest_route=%2Fwp%2Fv2%2Fmedia&parent=262"}],"curies":[{"name":"wp","href":"https:\/\/api.w.org\/{rel}","templated":true}]}}