{"id":2633,"date":"2019-05-07T16:53:17","date_gmt":"2019-05-07T16:53:17","guid":{"rendered":"http:\/\/hubertpietka.bialystok.pl\/?page_id=2633"},"modified":"2019-05-07T17:00:03","modified_gmt":"2019-05-07T17:00:03","slug":"jaka-to-melodia-jaga-to-melodia","status":"publish","type":"page","link":"https:\/\/hubertpietka.bialystok.pl\/?page_id=2633","title":{"rendered":"Jaka to melodia \/Jaga &#8211; to melodia"},"content":{"rendered":"<p><strong><em>Jaka to melodia? \/ Jaga &#8211; to melodia \ud83d\ude42<br \/>\n<\/em><\/strong><\/p>\n<p>Jaki jaka jakie<br \/>\nJagi\u00a0 Jaga Jagie<br \/>\nL-Lonia<br \/>\nLeokadia<br \/>\nLeo<br \/>\nLew pi\u0142ki<\/p>\n<p>Taka to melodia<br \/>\nJagiello\u0144ska<br \/>\nJagie\u0142\u0142o bia\u0142ostocki<\/p>\n<p><em>Ps. Nastroje ju\u017c lepsze<\/em><br \/>\n<em> Bo Jaga wygra\u0142a wczoraj sw\u00f3j mecz<\/em><br \/>\n<em> Pogo\u0144 pogoni\u0142a 4:2<\/em><br \/>\n<em> Pi\u0142ka to jest rzecz dobra<\/em><br \/>\n\ud83d\ude42<br \/>\n<em><a href=\"http:\/\/hubertpietka.bialystok.pl\/wp-content\/uploads\/2019\/05\/IMG_Jaga.jpg\"><img loading=\"lazy\" decoding=\"async\" class=\"alignnone size-thumbnail wp-image-2636\" src=\"http:\/\/hubertpietka.bialystok.pl\/wp-content\/uploads\/2019\/05\/IMG_Jaga-150x150.jpg\" alt=\"\" width=\"150\" height=\"150\" \/><\/a><\/em><\/p>\n","protected":false},"excerpt":{"rendered":"<p>Jaka to melodia? \/ Jaga &#8211; to melodia \ud83d\ude42 Jaki jaka jakie Jagi\u00a0 Jaga Jagie L-Lonia Leokadia Leo Lew pi\u0142ki Taka to melodia Jagiello\u0144ska Jagie\u0142\u0142o&hellip; <\/p>\n","protected":false},"author":1,"featured_media":0,"parent":0,"menu_order":0,"comment_status":"closed","ping_status":"closed","template":"","meta":{"footnotes":""},"class_list":["post-2633","page","type-page","status-publish","hentry"],"_links":{"self":[{"href":"https:\/\/hubertpietka.bialystok.pl\/index.php?rest_route=\/wp\/v2\/pages\/2633","targetHints":{"allow":["GET"]}}],"collection":[{"href":"https:\/\/hubertpietka.bialystok.pl\/index.php?rest_route=\/wp\/v2\/pages"}],"about":[{"href":"https:\/\/hubertpietka.bialystok.pl\/index.php?rest_route=\/wp\/v2\/types\/page"}],"author":[{"embeddable":true,"href":"https:\/\/hubertpietka.bialystok.pl\/index.php?rest_route=\/wp\/v2\/users\/1"}],"replies":[{"embeddable":true,"href":"https:\/\/hubertpietka.bialystok.pl\/index.php?rest_route=%2Fwp%2Fv2%2Fcomments&post=2633"}],"version-history":[{"count":5,"href":"https:\/\/hubertpietka.bialystok.pl\/index.php?rest_route=\/wp\/v2\/pages\/2633\/revisions"}],"predecessor-version":[{"id":2641,"href":"https:\/\/hubertpietka.bialystok.pl\/index.php?rest_route=\/wp\/v2\/pages\/2633\/revisions\/2641"}],"wp:attachment":[{"href":"https:\/\/hubertpietka.bialystok.pl\/index.php?rest_route=%2Fwp%2Fv2%2Fmedia&parent=2633"}],"curies":[{"name":"wp","href":"https:\/\/api.w.org\/{rel}","templated":true}]}}