{"id":2654,"date":"2019-05-18T11:42:26","date_gmt":"2019-05-18T11:42:26","guid":{"rendered":"http:\/\/hubertpietka.bialystok.pl\/?page_id=2654"},"modified":"2019-05-18T12:02:15","modified_gmt":"2019-05-18T12:02:15","slug":"anno-domini-anno","status":"publish","type":"page","link":"https:\/\/hubertpietka.bialystok.pl\/?page_id=2654","title":{"rendered":"Anno Domini \/ Anno!"},"content":{"rendered":"<p><strong><em>Anno Domini \/ Anno!<\/em><\/strong><\/p>\n<p>Anno Domini<br \/>\nKa\u017cdego roku Pa\u0144skiego<br \/>\nAnno w domu moim<br \/>\nJak by\u0142a\u015b b\u0119dziesz<\/p>\n<p>Anno Domini<br \/>\nKa\u017cdego roku Pa\u0144skiego<br \/>\nAnno Pana \u0142asko dla mnie<br \/>\nBy\u0142a\u015b i b\u0119dziesz<\/p>\n<p>Anno Domini<br \/>\nKa\u017cdego roku Pa\u0144skiego<br \/>\nAnno dzi\u0119kuje Bogu<br \/>\nZa dar dla mnie z Ciebie<\/p>\n<p>Anno Domini<br \/>\nAnno Pana<br \/>\nKa\u017cdego roku<br \/>\nW Bogu razem trwajmy<\/p>\n<p><a href=\"http:\/\/hubertpietka.bialystok.pl\/wp-content\/uploads\/2019\/05\/Anno.jpg\"><img loading=\"lazy\" decoding=\"async\" class=\"alignnone size-thumbnail wp-image-2656\" src=\"http:\/\/hubertpietka.bialystok.pl\/wp-content\/uploads\/2019\/05\/Anno-150x150.jpg\" alt=\"\" width=\"150\" height=\"150\" \/><\/a><\/p>\n<h1 class=\"title style-scope ytd-video-primary-info-renderer\"><a href=\"https:\/\/www.youtube.com\/watch?v=rtM9IERRYVQ\"><em>Maleo Reggae Rockers &#8211; Alibi<\/em><\/a><\/h1>\n<p>&nbsp;<\/p>\n","protected":false},"excerpt":{"rendered":"<p>Anno Domini \/ Anno! Anno Domini Ka\u017cdego roku Pa\u0144skiego Anno w domu moim Jak by\u0142a\u015b b\u0119dziesz Anno Domini Ka\u017cdego roku Pa\u0144skiego Anno Pana \u0142asko dla&hellip; <\/p>\n","protected":false},"author":1,"featured_media":0,"parent":0,"menu_order":0,"comment_status":"closed","ping_status":"closed","template":"","meta":{"footnotes":""},"class_list":["post-2654","page","type-page","status-publish","hentry"],"_links":{"self":[{"href":"https:\/\/hubertpietka.bialystok.pl\/index.php?rest_route=\/wp\/v2\/pages\/2654","targetHints":{"allow":["GET"]}}],"collection":[{"href":"https:\/\/hubertpietka.bialystok.pl\/index.php?rest_route=\/wp\/v2\/pages"}],"about":[{"href":"https:\/\/hubertpietka.bialystok.pl\/index.php?rest_route=\/wp\/v2\/types\/page"}],"author":[{"embeddable":true,"href":"https:\/\/hubertpietka.bialystok.pl\/index.php?rest_route=\/wp\/v2\/users\/1"}],"replies":[{"embeddable":true,"href":"https:\/\/hubertpietka.bialystok.pl\/index.php?rest_route=%2Fwp%2Fv2%2Fcomments&post=2654"}],"version-history":[{"count":4,"href":"https:\/\/hubertpietka.bialystok.pl\/index.php?rest_route=\/wp\/v2\/pages\/2654\/revisions"}],"predecessor-version":[{"id":2658,"href":"https:\/\/hubertpietka.bialystok.pl\/index.php?rest_route=\/wp\/v2\/pages\/2654\/revisions\/2658"}],"wp:attachment":[{"href":"https:\/\/hubertpietka.bialystok.pl\/index.php?rest_route=%2Fwp%2Fv2%2Fmedia&parent=2654"}],"curies":[{"name":"wp","href":"https:\/\/api.w.org\/{rel}","templated":true}]}}