{"id":268,"date":"2017-01-18T21:34:49","date_gmt":"2017-01-18T21:34:49","guid":{"rendered":"http:\/\/hubertpietka.bialystok.pl\/?page_id=268"},"modified":"2017-01-18T21:34:49","modified_gmt":"2017-01-18T21:34:49","slug":"sa-chwile","status":"publish","type":"page","link":"https:\/\/hubertpietka.bialystok.pl\/?page_id=268","title":{"rendered":"S\u0105 chwile"},"content":{"rendered":"<p><strong>S\u0105 chwile<\/strong><\/p>\n<p>&nbsp;<\/p>\n<p>s\u0105 chwile<\/p>\n<p>s\u0105 takie chwile<\/p>\n<p>\u017ce \u017cy\u0107 si\u0119 nie chce<\/p>\n<p>do\u015b\u0107 masz wszystkiego<\/p>\n<p>ledwie na oczy patrzysz<\/p>\n<p>i zaraz dostaniesz wytrzeszczu<\/p>\n<p>&nbsp;<\/p>\n<p>s\u0105 takie chwile<\/p>\n<p>kiedy \u015bwiat ci jest niemi\u0142y<\/p>\n<p>ludzie \u017ale wilkiem patrz\u0105<\/p>\n<p>wszystko w tobie wrzeszczy<\/p>\n<p>\u017ce do\u015b\u0107 \u017ce ju\u017c nie chcesz nic<\/p>\n<p>tylko gdzie\u015b si\u0119 skry\u0107<\/p>\n<p>&nbsp;<\/p>\n<p>jednak musisz stan\u0105\u0107 naprzeciw<\/p>\n<p>wyci\u0105gn\u0105\u0107 szeroko ramiona<\/p>\n<p>jak Chrystus kt\u00f3ry na krzy\u017cu skona\u0142<\/p>\n","protected":false},"excerpt":{"rendered":"<p>S\u0105 chwile &nbsp; s\u0105 chwile s\u0105 takie chwile \u017ce \u017cy\u0107 si\u0119 nie chce do\u015b\u0107 masz wszystkiego ledwie na oczy patrzysz i zaraz dostaniesz wytrzeszczu &nbsp;&hellip; <\/p>\n","protected":false},"author":1,"featured_media":0,"parent":0,"menu_order":0,"comment_status":"closed","ping_status":"closed","template":"","meta":{"footnotes":""},"class_list":["post-268","page","type-page","status-publish","hentry"],"_links":{"self":[{"href":"https:\/\/hubertpietka.bialystok.pl\/index.php?rest_route=\/wp\/v2\/pages\/268","targetHints":{"allow":["GET"]}}],"collection":[{"href":"https:\/\/hubertpietka.bialystok.pl\/index.php?rest_route=\/wp\/v2\/pages"}],"about":[{"href":"https:\/\/hubertpietka.bialystok.pl\/index.php?rest_route=\/wp\/v2\/types\/page"}],"author":[{"embeddable":true,"href":"https:\/\/hubertpietka.bialystok.pl\/index.php?rest_route=\/wp\/v2\/users\/1"}],"replies":[{"embeddable":true,"href":"https:\/\/hubertpietka.bialystok.pl\/index.php?rest_route=%2Fwp%2Fv2%2Fcomments&post=268"}],"version-history":[{"count":1,"href":"https:\/\/hubertpietka.bialystok.pl\/index.php?rest_route=\/wp\/v2\/pages\/268\/revisions"}],"predecessor-version":[{"id":269,"href":"https:\/\/hubertpietka.bialystok.pl\/index.php?rest_route=\/wp\/v2\/pages\/268\/revisions\/269"}],"wp:attachment":[{"href":"https:\/\/hubertpietka.bialystok.pl\/index.php?rest_route=%2Fwp%2Fv2%2Fmedia&parent=268"}],"curies":[{"name":"wp","href":"https:\/\/api.w.org\/{rel}","templated":true}]}}