{"id":2685,"date":"2019-06-28T10:20:43","date_gmt":"2019-06-28T10:20:43","guid":{"rendered":"http:\/\/hubertpietka.bialystok.pl\/?page_id=2685"},"modified":"2019-06-28T10:48:19","modified_gmt":"2019-06-28T10:48:19","slug":"ty-to-nie-ja-nie","status":"publish","type":"page","link":"https:\/\/hubertpietka.bialystok.pl\/?page_id=2685","title":{"rendered":"Ty to nie \/ ja nie"},"content":{"rendered":"<p><strong><em>Ty to nie \/ ja nie<\/em><\/strong><\/p>\n<p>Ty to nie<br \/>\nJa lubi\u0119 tytonie<\/p>\n<p>Ja nie<br \/>\nJanie<br \/>\nNa Jezusa wskazujesz<\/p>\n<p>Ja te\u017c<br \/>\nCho\u0107 ja je\u017c<\/p>\n<p><strong>W \u015awi\u0119to Narodzenia Jana Chrzciciela pisano,<\/strong><br \/>\n<strong> Jezus jest Panem.<\/strong><\/p>\n<p><img decoding=\"async\" src=\"https:\/\/pbs.twimg.com\/media\/D9210jvXYAMqh1_.jpg\" alt=\"\" data-aria-label-part=\"\" \/><\/p>\n<p><em>Na zdj. Ko\u015bci\u00f3\u0142 \u015bw. Jana Chrzciciela na bia\u0142ostockich Dojlidach \/<\/em><br \/>\n<em> Jeszcze w scenerii Zmartwychwstania \/<\/em><br \/>\n<em> Jezus \u017cyje \/<\/em><br \/>\n<em> On nas kocha bardzo.<\/em><\/p>\n<h1 class=\"title style-scope ytd-video-primary-info-renderer\" style=\"text-align: center;\"><em><a href=\"https:\/\/www.youtube.com\/watch?v=dxSpiFl27kw\">Jezus Ci\u0119 kocha, pragnie, leczy<\/a><\/em><\/h1>\n","protected":false},"excerpt":{"rendered":"<p>Ty to nie \/ ja nie Ty to nie Ja lubi\u0119 tytonie Ja nie Janie Na Jezusa wskazujesz Ja te\u017c Cho\u0107 ja je\u017c W \u015awi\u0119to&hellip; <\/p>\n","protected":false},"author":1,"featured_media":0,"parent":0,"menu_order":0,"comment_status":"closed","ping_status":"closed","template":"","meta":{"footnotes":""},"class_list":["post-2685","page","type-page","status-publish","hentry"],"_links":{"self":[{"href":"https:\/\/hubertpietka.bialystok.pl\/index.php?rest_route=\/wp\/v2\/pages\/2685","targetHints":{"allow":["GET"]}}],"collection":[{"href":"https:\/\/hubertpietka.bialystok.pl\/index.php?rest_route=\/wp\/v2\/pages"}],"about":[{"href":"https:\/\/hubertpietka.bialystok.pl\/index.php?rest_route=\/wp\/v2\/types\/page"}],"author":[{"embeddable":true,"href":"https:\/\/hubertpietka.bialystok.pl\/index.php?rest_route=\/wp\/v2\/users\/1"}],"replies":[{"embeddable":true,"href":"https:\/\/hubertpietka.bialystok.pl\/index.php?rest_route=%2Fwp%2Fv2%2Fcomments&post=2685"}],"version-history":[{"count":3,"href":"https:\/\/hubertpietka.bialystok.pl\/index.php?rest_route=\/wp\/v2\/pages\/2685\/revisions"}],"predecessor-version":[{"id":2689,"href":"https:\/\/hubertpietka.bialystok.pl\/index.php?rest_route=\/wp\/v2\/pages\/2685\/revisions\/2689"}],"wp:attachment":[{"href":"https:\/\/hubertpietka.bialystok.pl\/index.php?rest_route=%2Fwp%2Fv2%2Fmedia&parent=2685"}],"curies":[{"name":"wp","href":"https:\/\/api.w.org\/{rel}","templated":true}]}}