{"id":2695,"date":"2019-07-18T11:52:48","date_gmt":"2019-07-18T11:52:48","guid":{"rendered":"http:\/\/hubertpietka.bialystok.pl\/?page_id=2695"},"modified":"2019-07-18T12:13:31","modified_gmt":"2019-07-18T12:13:31","slug":"aleksy-ale-iksy","status":"publish","type":"page","link":"https:\/\/hubertpietka.bialystok.pl\/?page_id=2695","title":{"rendered":"Aleksy \/ ale iksy"},"content":{"rendered":"<p><em><strong>Aleksy \/ ale iksy<\/strong><\/em><\/p>\n<p>Aleksy<br \/>\nale iksy<br \/>\ntyle znak\u00f3w zapytania<br \/>\nspraw do rozwi\u0105zania<\/p>\n<p>Aleksy<br \/>\nale ciii<br \/>\ncz\u0142owieka spotka\u0142em<br \/>\nprze\u017cy\u0142 co\u015b<br \/>\nczy w ciele<br \/>\nczy poza cia\u0142em<br \/>\nmo\u017ce w duchu<br \/>\nraczej w Duchu<br \/>\nAle ciii<br \/>\nale xxx<\/p>\n<p>Alle-luja<br \/>\nBogu chwa\u0142a<br \/>\nza wszystko<br \/>\nto On jest Bogiem<br \/>\na ja ciii<br \/>\nbyleby tylko z Bogiem<br \/>\nJego nie przys\u0142ania\u0107<br \/>\nniech On sam dzia\u0142a<\/p>\n<p><strong>W \u015bw. Aleksego pisano<\/strong><br \/>\n<strong> tak sobie a Bogu<\/strong><br \/>\n<strong> schody s\u0105 zawsze jakie\u015b<\/strong><br \/>\n<strong>czasem pod nie trzeba si\u0119 schroni\u0107<br \/>\n<\/strong><\/p>\n<p><img decoding=\"async\" src=\"https:\/\/pbs.twimg.com\/media\/D_wVveOXUAAXua2.jpg\" alt=\"\" data-aria-label-part=\"\" \/><\/p>\n<p><em>Na zdj. Ruchome schody \/<\/em><br \/>\n<em> ruchome piaski \/<\/em><br \/>\n<em> na Bia\u0142ostoczku \/<\/em><br \/>\n<em> ruchliwe pieski.<\/em><br \/>\n<em> (zdj. \u017bony w jej imieniny)<\/em><\/p>\n<h1 class=\"title style-scope ytd-video-primary-info-renderer\" style=\"text-align: center;\"><a href=\"https:\/\/www.youtube.com\/watch?v=pL11X4B9i4Y\"><em>D\u017cem &#8211; Alex<\/em><\/a><\/h1>\n<h1 class=\"title style-scope ytd-video-primary-info-renderer\" style=\"text-align: center;\"><a href=\"https:\/\/www.youtube.com\/watch?v=2RqI9fvw94s\"><em>Varius Manx &#8211; Ruchome piaski<\/em><\/a><\/h1>\n","protected":false},"excerpt":{"rendered":"<p>Aleksy \/ ale iksy Aleksy ale iksy tyle znak\u00f3w zapytania spraw do rozwi\u0105zania Aleksy ale ciii cz\u0142owieka spotka\u0142em prze\u017cy\u0142 co\u015b czy w ciele czy poza&hellip; <\/p>\n","protected":false},"author":1,"featured_media":0,"parent":0,"menu_order":0,"comment_status":"closed","ping_status":"closed","template":"","meta":{"footnotes":""},"class_list":["post-2695","page","type-page","status-publish","hentry"],"_links":{"self":[{"href":"https:\/\/hubertpietka.bialystok.pl\/index.php?rest_route=\/wp\/v2\/pages\/2695","targetHints":{"allow":["GET"]}}],"collection":[{"href":"https:\/\/hubertpietka.bialystok.pl\/index.php?rest_route=\/wp\/v2\/pages"}],"about":[{"href":"https:\/\/hubertpietka.bialystok.pl\/index.php?rest_route=\/wp\/v2\/types\/page"}],"author":[{"embeddable":true,"href":"https:\/\/hubertpietka.bialystok.pl\/index.php?rest_route=\/wp\/v2\/users\/1"}],"replies":[{"embeddable":true,"href":"https:\/\/hubertpietka.bialystok.pl\/index.php?rest_route=%2Fwp%2Fv2%2Fcomments&post=2695"}],"version-history":[{"count":11,"href":"https:\/\/hubertpietka.bialystok.pl\/index.php?rest_route=\/wp\/v2\/pages\/2695\/revisions"}],"predecessor-version":[{"id":2706,"href":"https:\/\/hubertpietka.bialystok.pl\/index.php?rest_route=\/wp\/v2\/pages\/2695\/revisions\/2706"}],"wp:attachment":[{"href":"https:\/\/hubertpietka.bialystok.pl\/index.php?rest_route=%2Fwp%2Fv2%2Fmedia&parent=2695"}],"curies":[{"name":"wp","href":"https:\/\/api.w.org\/{rel}","templated":true}]}}