{"id":271,"date":"2017-01-18T21:36:43","date_gmt":"2017-01-18T21:36:43","guid":{"rendered":"http:\/\/hubertpietka.bialystok.pl\/?page_id=271"},"modified":"2017-01-18T21:36:43","modified_gmt":"2017-01-18T21:36:43","slug":"czasem","status":"publish","type":"page","link":"https:\/\/hubertpietka.bialystok.pl\/?page_id=271","title":{"rendered":"Czasem"},"content":{"rendered":"<p><strong>Czasem<\/strong><\/p>\n<p>&nbsp;<\/p>\n<p>czasem g\u0142owa<\/p>\n<p>nie nad\u0105\u017ca za cia\u0142em<\/p>\n<p>pragnienia za rzeczywisto\u015bci\u0105<\/p>\n<p>rzeczywisto\u015b\u0107 za wspomnieniami<\/p>\n<p>&nbsp;<\/p>\n<p>brak tu wszelakiej oczywisto\u015bci<\/p>\n<p>logika mo\u017ce i jest<\/p>\n<p>lecz szyta grubymi ni\u0107mi<\/p>\n<p>&nbsp;<\/p>\n<p>jak \u017cy\u0107<\/p>\n<p>jak i\u015b\u0107<\/p>\n<p>jak odszuka\u0107<\/p>\n<p>odkry\u0107 istot\u0119 ducha<\/p>\n<p>&nbsp;<\/p>\n<p>gdy nie ma nic<\/p>\n<p>&nbsp;<\/p>\n<p>jednako<\/p>\n<p>prze\u017cuwa\u0107 trzeba<\/p>\n<p>rzeczywisto\u015b\u0107 jako\u015b<\/p>\n<p>i<\/p>\n<p>spe\u0142nia\u0107 swe niespe\u0142nienia<\/p>\n<p>nawet w strefie cienia<\/p>\n<p>wyczerpania tych pok\u0142ad\u00f3w<\/p>\n<p>najg\u0142\u0119bszych<\/p>\n<p>ostatnich<\/p>\n<p>&nbsp;<\/p>\n<p>byle jako\u015b wyj\u015b\u0107 z matni<\/p>\n","protected":false},"excerpt":{"rendered":"<p>Czasem &nbsp; czasem g\u0142owa nie nad\u0105\u017ca za cia\u0142em pragnienia za rzeczywisto\u015bci\u0105 rzeczywisto\u015b\u0107 za wspomnieniami &nbsp; brak tu wszelakiej oczywisto\u015bci logika mo\u017ce i jest lecz szyta&hellip; <\/p>\n","protected":false},"author":1,"featured_media":0,"parent":0,"menu_order":0,"comment_status":"closed","ping_status":"closed","template":"","meta":{"footnotes":""},"class_list":["post-271","page","type-page","status-publish","hentry"],"_links":{"self":[{"href":"https:\/\/hubertpietka.bialystok.pl\/index.php?rest_route=\/wp\/v2\/pages\/271","targetHints":{"allow":["GET"]}}],"collection":[{"href":"https:\/\/hubertpietka.bialystok.pl\/index.php?rest_route=\/wp\/v2\/pages"}],"about":[{"href":"https:\/\/hubertpietka.bialystok.pl\/index.php?rest_route=\/wp\/v2\/types\/page"}],"author":[{"embeddable":true,"href":"https:\/\/hubertpietka.bialystok.pl\/index.php?rest_route=\/wp\/v2\/users\/1"}],"replies":[{"embeddable":true,"href":"https:\/\/hubertpietka.bialystok.pl\/index.php?rest_route=%2Fwp%2Fv2%2Fcomments&post=271"}],"version-history":[{"count":1,"href":"https:\/\/hubertpietka.bialystok.pl\/index.php?rest_route=\/wp\/v2\/pages\/271\/revisions"}],"predecessor-version":[{"id":272,"href":"https:\/\/hubertpietka.bialystok.pl\/index.php?rest_route=\/wp\/v2\/pages\/271\/revisions\/272"}],"wp:attachment":[{"href":"https:\/\/hubertpietka.bialystok.pl\/index.php?rest_route=%2Fwp%2Fv2%2Fmedia&parent=271"}],"curies":[{"name":"wp","href":"https:\/\/api.w.org\/{rel}","templated":true}]}}