{"id":2715,"date":"2019-07-29T10:08:51","date_gmt":"2019-07-29T10:08:51","guid":{"rendered":"http:\/\/hubertpietka.bialystok.pl\/?page_id=2715"},"modified":"2019-07-29T10:20:52","modified_gmt":"2019-07-29T10:20:52","slug":"2715-2","status":"publish","type":"page","link":"https:\/\/hubertpietka.bialystok.pl\/?page_id=2715","title":{"rendered":"Piosenka o Annie"},"content":{"rendered":"<p><strong><em>Piosenka o Annie<\/em><\/strong><\/p>\n<p>Na-na-na<br \/>\nAn-na<\/p>\n<p>M-anna<br \/>\n\u0141aska Pa\u0144ska dla mnie<\/p>\n<p>Hos-anna<br \/>\nBogu chwa\u0142a za Ann\u0119<\/p>\n<p>Z Ann\u0105 do Ani<br \/>\nNawet do Tosk-ani-i<\/p>\n<p>Dla Anny<br \/>\nKwiaty dziew-anny<\/p>\n<p><strong>Nazajutrz po \u015bw. Annie pisano<\/strong><br \/>\n<strong>Co\u015b w cz\u0142owieku dojrza\u0142o<\/strong><br \/>\n<strong>Taki wyraz przybra\u0142o<\/strong><br \/>\n<strong>Si\u0119 nazbiera\u0142o i wyla\u0142o<\/strong><br \/>\n<strong>\u00a0<\/strong><br \/>\n<strong>Tyle wody s\u0142\u00f3w dobrych<\/strong><br \/>\n<strong>W Annie<\/strong><br \/>\n<strong>Jak w w-annie<\/strong><br \/>\n<strong>\u015alicznie pi\u0119knie \u0142adnie<\/strong><\/p>\n<p><img decoding=\"async\" class=\"css-9pa8cd\" draggable=\"false\" src=\"https:\/\/pbs.twimg.com\/media\/EAoqS3SXkAEp48-?format=jpg&amp;name=small\" alt=\"Image\" \/><\/p>\n<p><em>W \u015bw. Anny zdj\u0119cie zrobiono \/<\/em><br \/>\n<em>Na \u017bytniej wieczorow\u0105 por\u0105 \/<\/em><br \/>\n<em>Prawda \u017ce \u0142adnie \/<\/em><br \/>\n<em>Wow &#8211; Annie!<\/em><\/p>\n<h1 class=\"title style-scope ytd-video-primary-info-renderer\" style=\"text-align: center;\"><a href=\"https:\/\/www.youtube.com\/watch?v=rpU-fMBoyaQ\"><em>Krzysztof Zalewski &#8211; Mi\u0142o\u015b\u0107, mi\u0142o\u015b\u0107<\/em><\/a><\/h1>\n","protected":false},"excerpt":{"rendered":"<p>Piosenka o Annie Na-na-na An-na M-anna \u0141aska Pa\u0144ska dla mnie Hos-anna Bogu chwa\u0142a za Ann\u0119 Z Ann\u0105 do Ani Nawet do Tosk-ani-i Dla Anny Kwiaty&hellip; <\/p>\n","protected":false},"author":1,"featured_media":0,"parent":0,"menu_order":0,"comment_status":"closed","ping_status":"closed","template":"","meta":{"footnotes":""},"class_list":["post-2715","page","type-page","status-publish","hentry"],"_links":{"self":[{"href":"https:\/\/hubertpietka.bialystok.pl\/index.php?rest_route=\/wp\/v2\/pages\/2715","targetHints":{"allow":["GET"]}}],"collection":[{"href":"https:\/\/hubertpietka.bialystok.pl\/index.php?rest_route=\/wp\/v2\/pages"}],"about":[{"href":"https:\/\/hubertpietka.bialystok.pl\/index.php?rest_route=\/wp\/v2\/types\/page"}],"author":[{"embeddable":true,"href":"https:\/\/hubertpietka.bialystok.pl\/index.php?rest_route=\/wp\/v2\/users\/1"}],"replies":[{"embeddable":true,"href":"https:\/\/hubertpietka.bialystok.pl\/index.php?rest_route=%2Fwp%2Fv2%2Fcomments&post=2715"}],"version-history":[{"count":5,"href":"https:\/\/hubertpietka.bialystok.pl\/index.php?rest_route=\/wp\/v2\/pages\/2715\/revisions"}],"predecessor-version":[{"id":2720,"href":"https:\/\/hubertpietka.bialystok.pl\/index.php?rest_route=\/wp\/v2\/pages\/2715\/revisions\/2720"}],"wp:attachment":[{"href":"https:\/\/hubertpietka.bialystok.pl\/index.php?rest_route=%2Fwp%2Fv2%2Fmedia&parent=2715"}],"curies":[{"name":"wp","href":"https:\/\/api.w.org\/{rel}","templated":true}]}}