{"id":2722,"date":"2019-07-29T10:25:47","date_gmt":"2019-07-29T10:25:47","guid":{"rendered":"http:\/\/hubertpietka.bialystok.pl\/?page_id=2722"},"modified":"2019-07-29T10:25:47","modified_gmt":"2019-07-29T10:25:47","slug":"poprzestawanie-poprzez-stawanie-sie","status":"publish","type":"page","link":"https:\/\/hubertpietka.bialystok.pl\/?page_id=2722","title":{"rendered":"Poprzestawanie \/ poprzez stawanie si\u0119"},"content":{"rendered":"<p><em><strong>Poprzestawanie \/ poprzez stawanie si\u0119<\/strong><\/em><\/p>\n<p>Poprzestawanie<br \/>\nna ma\u0142ym<br \/>\nna tym co konieczne<br \/>\nPoprzez stawanie si\u0119<br \/>\ntym kim by\u0107 si\u0119 powinno<\/p>\n<p>Nie tylko w sobie<br \/>\nbardziej w Bogu<br \/>\nbo to o Niego<br \/>\nnajbardziej tu chodzi<\/p>\n<p>Poprzez przeciwno\u015bci przeskakiwanie<br \/>\npoprzez trudno\u015bci si\u0119 stawanie<br \/>\nhartowanie duszy i cia\u0142a<br \/>\njedno\u015bci\u0105 rozumu i serca<\/p>\n<p>Poprzez przystawanie<br \/>\nz bliskimi tak\u017ce<br \/>\nz tymi z kt\u00f3rymi<br \/>\nw jednej orkiestrze gra si\u0119 zgodnie<\/p>\n<p>Przystawa\u0107 z Bogiem<br \/>\nw ka\u017cdej \u017cycia dobie<br \/>\nstawa\u0107 si\u0119 w Nim<br \/>\na z\u0142u przeciwstawia\u0107 si\u0119 przez mi\u0142o\u015b\u0107<\/p>\n<h1 class=\"title style-scope ytd-video-primary-info-renderer\" style=\"text-align: center;\"><a href=\"https:\/\/www.youtube.com\/watch?v=elCJSozdO-E\"><em>Ty dasz mi pok\u00f3j serca<\/em><\/a><\/h1>\n","protected":false},"excerpt":{"rendered":"<p>Poprzestawanie \/ poprzez stawanie si\u0119 Poprzestawanie na ma\u0142ym na tym co konieczne Poprzez stawanie si\u0119 tym kim by\u0107 si\u0119 powinno Nie tylko w sobie bardziej&hellip; <\/p>\n","protected":false},"author":1,"featured_media":0,"parent":0,"menu_order":0,"comment_status":"closed","ping_status":"closed","template":"","meta":{"footnotes":""},"class_list":["post-2722","page","type-page","status-publish","hentry"],"_links":{"self":[{"href":"https:\/\/hubertpietka.bialystok.pl\/index.php?rest_route=\/wp\/v2\/pages\/2722","targetHints":{"allow":["GET"]}}],"collection":[{"href":"https:\/\/hubertpietka.bialystok.pl\/index.php?rest_route=\/wp\/v2\/pages"}],"about":[{"href":"https:\/\/hubertpietka.bialystok.pl\/index.php?rest_route=\/wp\/v2\/types\/page"}],"author":[{"embeddable":true,"href":"https:\/\/hubertpietka.bialystok.pl\/index.php?rest_route=\/wp\/v2\/users\/1"}],"replies":[{"embeddable":true,"href":"https:\/\/hubertpietka.bialystok.pl\/index.php?rest_route=%2Fwp%2Fv2%2Fcomments&post=2722"}],"version-history":[{"count":1,"href":"https:\/\/hubertpietka.bialystok.pl\/index.php?rest_route=\/wp\/v2\/pages\/2722\/revisions"}],"predecessor-version":[{"id":2723,"href":"https:\/\/hubertpietka.bialystok.pl\/index.php?rest_route=\/wp\/v2\/pages\/2722\/revisions\/2723"}],"wp:attachment":[{"href":"https:\/\/hubertpietka.bialystok.pl\/index.php?rest_route=%2Fwp%2Fv2%2Fmedia&parent=2722"}],"curies":[{"name":"wp","href":"https:\/\/api.w.org\/{rel}","templated":true}]}}