{"id":2725,"date":"2019-07-31T14:21:04","date_gmt":"2019-07-31T14:21:04","guid":{"rendered":"http:\/\/hubertpietka.bialystok.pl\/?page_id=2725"},"modified":"2019-07-31T14:34:05","modified_gmt":"2019-07-31T14:34:05","slug":"jasne-lata-lice-lipce","status":"publish","type":"page","link":"https:\/\/hubertpietka.bialystok.pl\/?page_id=2725","title":{"rendered":"Jasne lata lice \/ lipce"},"content":{"rendered":"<p><em><strong>Jasne lata lice \/ lipce<\/strong><\/em><\/p>\n<p>mo\u017ce by\u0107 ciep\u0142y<br \/>\nmo\u017ce by\u0107 gor\u0105cy<br \/>\nmo\u017ce by\u0107 upalny<br \/>\nmo\u017ce by\u0107 deszczowy<br \/>\nmo\u017ce by\u0107 burzowy<br \/>\nmo\u017ce by\u0107 zimny<\/p>\n<p>Jednak lipiec<br \/>\nto zawsze lata jasne oblicze<\/p>\n<p>mo\u017ce by\u0107 trudno<br \/>\nmo\u017ce by\u0107 \u0142atwo<br \/>\nmo\u017ce by\u0107 znojno<br \/>\nmo\u017ce by\u0107 troch\u0119 relaksu<\/p>\n<p>A jednak lipiec<br \/>\nPatrz\u0119 w lata jasne lice<\/p>\n<p>obliczam lata<br \/>\npoprzez lipcowe<br \/>\ns\u0142o\u0144ce deszcz drzewa trawy kwiaty<\/p>\n<p>oblicze lata<br \/>\ndni d\u0142u\u017cszych<br \/>\nnocy gwiezdnych<br \/>\nrozja\u015bniaj\u0105 si\u0119<br \/>\nspojrzeniem serca prostym<\/p>\n<p><img decoding=\"async\" class=\"css-9pa8cd\" draggable=\"false\" src=\"https:\/\/pbs.twimg.com\/media\/EAz5LMwXUAELmXH?format=jpg&amp;name=900x900\" alt=\"Image\" \/><\/p>\n<p>Na zdj. Lipcowe liliowce \/<br \/>\nna dzia\u0142ce \/<br \/>\njak latawce \/<br \/>\nlato leci wi\u0119c \/<br \/>\npochwyci\u0107 trzeba je czasem.<\/p>\n","protected":false},"excerpt":{"rendered":"<p>Jasne lata lice \/ lipce mo\u017ce by\u0107 ciep\u0142y mo\u017ce by\u0107 gor\u0105cy mo\u017ce by\u0107 upalny mo\u017ce by\u0107 deszczowy mo\u017ce by\u0107 burzowy mo\u017ce by\u0107 zimny Jednak lipiec&hellip; <\/p>\n","protected":false},"author":1,"featured_media":0,"parent":0,"menu_order":0,"comment_status":"closed","ping_status":"closed","template":"","meta":{"footnotes":""},"class_list":["post-2725","page","type-page","status-publish","hentry"],"_links":{"self":[{"href":"https:\/\/hubertpietka.bialystok.pl\/index.php?rest_route=\/wp\/v2\/pages\/2725","targetHints":{"allow":["GET"]}}],"collection":[{"href":"https:\/\/hubertpietka.bialystok.pl\/index.php?rest_route=\/wp\/v2\/pages"}],"about":[{"href":"https:\/\/hubertpietka.bialystok.pl\/index.php?rest_route=\/wp\/v2\/types\/page"}],"author":[{"embeddable":true,"href":"https:\/\/hubertpietka.bialystok.pl\/index.php?rest_route=\/wp\/v2\/users\/1"}],"replies":[{"embeddable":true,"href":"https:\/\/hubertpietka.bialystok.pl\/index.php?rest_route=%2Fwp%2Fv2%2Fcomments&post=2725"}],"version-history":[{"count":8,"href":"https:\/\/hubertpietka.bialystok.pl\/index.php?rest_route=\/wp\/v2\/pages\/2725\/revisions"}],"predecessor-version":[{"id":2733,"href":"https:\/\/hubertpietka.bialystok.pl\/index.php?rest_route=\/wp\/v2\/pages\/2725\/revisions\/2733"}],"wp:attachment":[{"href":"https:\/\/hubertpietka.bialystok.pl\/index.php?rest_route=%2Fwp%2Fv2%2Fmedia&parent=2725"}],"curies":[{"name":"wp","href":"https:\/\/api.w.org\/{rel}","templated":true}]}}