{"id":274,"date":"2017-01-18T21:38:23","date_gmt":"2017-01-18T21:38:23","guid":{"rendered":"http:\/\/hubertpietka.bialystok.pl\/?page_id=274"},"modified":"2017-01-18T23:28:07","modified_gmt":"2017-01-18T23:28:07","slug":"prawdziwe-szczescie","status":"publish","type":"page","link":"https:\/\/hubertpietka.bialystok.pl\/?page_id=274","title":{"rendered":"Prawdziwe szcz\u0119\u015bcie"},"content":{"rendered":"<p><strong>Prawdziwe szcz\u0119\u015bcie<\/strong><\/p>\n<p>&nbsp;<\/p>\n<p>je\u017celi zadajesz sobie pytanie:<\/p>\n<p>czy jestem szcz\u0119\u015bliwy?<\/p>\n<p>&#8211; sp\u00f3jrz w niebo noc\u0105<\/p>\n<p>na gwiazdy<\/p>\n<p>&nbsp;<\/p>\n<p>czy tw\u00f3j wzrok<\/p>\n<p>zatrzyma si\u0119 na nich?<\/p>\n<p>czy dosi\u0119gnie ci\u0119 refleksja<\/p>\n<p>&#8211; \u017ce dobrze jest mi tu by\u0107\u2026<\/p>\n<p>&nbsp;<\/p>\n<p>a mo\u017ce zbyt cz\u0119sto<\/p>\n<p>patrzysz w ziemi\u0119<\/p>\n<p>nie podnosisz wzroku ku \u015bwiat\u0142u<\/p>\n<p>przera\u017cony zagoniony\u2026<\/p>\n<p>&nbsp;<\/p>\n<p>czy kiedy spogl\u0105dasz na swe \u017cycie<\/p>\n<p>w takiej chwili<\/p>\n<p>&#8211; ogarnia ci\u0119 ufno\u015b\u0107<\/p>\n<p>a mo\u017ce ci\u0119 w \u015brodku mdli?<\/p>\n<p>&nbsp;<\/p>\n<p>z\u0142orzeczysz zawiedziony<\/p>\n<p>czy w szcz\u0119\u015bciu pogr\u0105\u017cony<\/p>\n<p>kontemplujesz cuda \u015bwiata<\/p>\n<p>ze wszystkim si\u0119 bratasz?<\/p>\n<p>&nbsp;<\/p>\n<p>czy nie zadziwia ci\u0119 ten \u015bwiat<\/p>\n<p>i cz\u0142owiek w nim<\/p>\n<p>kt\u00f3ry ma swe miejsce<\/p>\n<p>sw\u00f3j czas?<\/p>\n<p>&nbsp;<\/p>\n<p>bez ciebie ten \u015bwiat<\/p>\n<p>by nie istnia\u0142<\/p>\n<p>On stworzy\u0142 go<\/p>\n<p>z mi\u0142o\u015bci do ciebie<\/p>\n<p>&nbsp;<\/p>\n<p>czy dzi\u0119kujesz<\/p>\n<p>bezg\u0142o\u015bnie bezgestnie<\/p>\n<p>po prostu jestem<\/p>\n<p>tak jestem<\/p>\n<p>&#8211; jeste\u015b!<\/p>\n","protected":false},"excerpt":{"rendered":"<p>Prawdziwe szcz\u0119\u015bcie &nbsp; je\u017celi zadajesz sobie pytanie: czy jestem szcz\u0119\u015bliwy? &#8211; sp\u00f3jrz w niebo noc\u0105 na gwiazdy &nbsp; czy tw\u00f3j wzrok zatrzyma si\u0119 na nich?&hellip; <\/p>\n","protected":false},"author":1,"featured_media":0,"parent":0,"menu_order":0,"comment_status":"closed","ping_status":"closed","template":"","meta":{"footnotes":""},"class_list":["post-274","page","type-page","status-publish","hentry"],"_links":{"self":[{"href":"https:\/\/hubertpietka.bialystok.pl\/index.php?rest_route=\/wp\/v2\/pages\/274","targetHints":{"allow":["GET"]}}],"collection":[{"href":"https:\/\/hubertpietka.bialystok.pl\/index.php?rest_route=\/wp\/v2\/pages"}],"about":[{"href":"https:\/\/hubertpietka.bialystok.pl\/index.php?rest_route=\/wp\/v2\/types\/page"}],"author":[{"embeddable":true,"href":"https:\/\/hubertpietka.bialystok.pl\/index.php?rest_route=\/wp\/v2\/users\/1"}],"replies":[{"embeddable":true,"href":"https:\/\/hubertpietka.bialystok.pl\/index.php?rest_route=%2Fwp%2Fv2%2Fcomments&post=274"}],"version-history":[{"count":4,"href":"https:\/\/hubertpietka.bialystok.pl\/index.php?rest_route=\/wp\/v2\/pages\/274\/revisions"}],"predecessor-version":[{"id":371,"href":"https:\/\/hubertpietka.bialystok.pl\/index.php?rest_route=\/wp\/v2\/pages\/274\/revisions\/371"}],"wp:attachment":[{"href":"https:\/\/hubertpietka.bialystok.pl\/index.php?rest_route=%2Fwp%2Fv2%2Fmedia&parent=274"}],"curies":[{"name":"wp","href":"https:\/\/api.w.org\/{rel}","templated":true}]}}