{"id":2758,"date":"2019-08-14T12:27:48","date_gmt":"2019-08-14T12:27:48","guid":{"rendered":"http:\/\/hubertpietka.bialystok.pl\/?page_id=2758"},"modified":"2019-08-14T12:31:30","modified_gmt":"2019-08-14T12:31:30","slug":"modlitwa-tkliwa","status":"publish","type":"page","link":"https:\/\/hubertpietka.bialystok.pl\/?page_id=2758","title":{"rendered":"Modlitwa \/ tkliwa"},"content":{"rendered":"<p><strong><em>Modlitwa \/ tkliwa<\/em><\/strong><\/p>\n<p>Maryjo, Matko kochana!<br \/>\nPozw\u00f3l przytuli\u0107 si\u0119 do Twego policzka, by odesz\u0142y wszelkie l\u0119ki i strapienia.<br \/>\nPozw\u00f3l przytuli\u0107 si\u0119 do Twego serca, by uczucia oczyszcza\u0142y si\u0119.<br \/>\nJestem Twoim dzieckiem!<\/p>\n<p>Jezu kochany!<br \/>\nDo Serca Twego mnie przytul, by umocni\u0142o si\u0119 we mnie \u017cycie.<br \/>\nPozw\u00f3l spocz\u0105\u0107 na Twojej piersi, by oczyszcza\u0142y si\u0119 my\u015bli.<br \/>\nJestem dzieckiem Bo\u017cym!<\/p>\n<p><img decoding=\"async\" class=\"css-9pa8cd\" draggable=\"false\" src=\"https:\/\/pbs.twimg.com\/media\/EB7hLbDXoAEdA9x?format=jpg&amp;name=small\" alt=\"Image\" \/><\/p>\n<p><em>Na zdj. Jezus i Maryja \/<\/em><br \/>\n<em>W bia\u0142ostockim ko\u015bciele Chrystusa Kr\u00f3la \/<\/em><br \/>\n<em>W Matki Bo\u017cej Kalwaryjskiej i Fatimskiej pisano \/<\/em><br \/>\n<em>Maryja i Jezus ludziom bliscy s\u0105 tak bardzo.<\/em><\/p>\n<p><strong>Ad. Matka Bo\u017ca Kalwaryjska<\/strong><br \/>\n<strong>Przytula Dzieci\u0105tko Jezus do swego policzka<\/strong><br \/>\n<strong>Jezus \u015bw. Janowi<\/strong><br \/>\n<strong>Na swojej piersi spocz\u0105\u0107 pozwoli\u0142<\/strong><\/p>\n<p style=\"text-align: center;\"><a href=\"https:\/\/www.youtube.com\/watch?v=5fw3vTNjtKI\"><em><strong>Schowaj mnie<\/strong><\/em><\/a><\/p>\n","protected":false},"excerpt":{"rendered":"<p>Modlitwa \/ tkliwa Maryjo, Matko kochana! Pozw\u00f3l przytuli\u0107 si\u0119 do Twego policzka, by odesz\u0142y wszelkie l\u0119ki i strapienia. Pozw\u00f3l przytuli\u0107 si\u0119 do Twego serca, by&hellip; <\/p>\n","protected":false},"author":1,"featured_media":0,"parent":0,"menu_order":0,"comment_status":"closed","ping_status":"closed","template":"","meta":{"footnotes":""},"class_list":["post-2758","page","type-page","status-publish","hentry"],"_links":{"self":[{"href":"https:\/\/hubertpietka.bialystok.pl\/index.php?rest_route=\/wp\/v2\/pages\/2758","targetHints":{"allow":["GET"]}}],"collection":[{"href":"https:\/\/hubertpietka.bialystok.pl\/index.php?rest_route=\/wp\/v2\/pages"}],"about":[{"href":"https:\/\/hubertpietka.bialystok.pl\/index.php?rest_route=\/wp\/v2\/types\/page"}],"author":[{"embeddable":true,"href":"https:\/\/hubertpietka.bialystok.pl\/index.php?rest_route=\/wp\/v2\/users\/1"}],"replies":[{"embeddable":true,"href":"https:\/\/hubertpietka.bialystok.pl\/index.php?rest_route=%2Fwp%2Fv2%2Fcomments&post=2758"}],"version-history":[{"count":4,"href":"https:\/\/hubertpietka.bialystok.pl\/index.php?rest_route=\/wp\/v2\/pages\/2758\/revisions"}],"predecessor-version":[{"id":2762,"href":"https:\/\/hubertpietka.bialystok.pl\/index.php?rest_route=\/wp\/v2\/pages\/2758\/revisions\/2762"}],"wp:attachment":[{"href":"https:\/\/hubertpietka.bialystok.pl\/index.php?rest_route=%2Fwp%2Fv2%2Fmedia&parent=2758"}],"curies":[{"name":"wp","href":"https:\/\/api.w.org\/{rel}","templated":true}]}}