{"id":2764,"date":"2019-08-17T08:49:12","date_gmt":"2019-08-17T08:49:12","guid":{"rendered":"http:\/\/hubertpietka.bialystok.pl\/?page_id=2764"},"modified":"2019-08-17T10:42:05","modified_gmt":"2019-08-17T10:42:05","slug":"16-08","status":"publish","type":"page","link":"https:\/\/hubertpietka.bialystok.pl\/?page_id=2764","title":{"rendered":"16.08"},"content":{"rendered":"<p><strong><em>16.08<\/em><\/strong><\/p>\n<p><strong>I<\/strong><br \/>\n99 rocznica<br \/>\nOg\u00f3lnopolska<br \/>\nZwyci\u0119stwo or\u0119\u017ca polskiego<br \/>\nNad zaraz\u0105 czerwon\u0105<br \/>\nW Cudzie nad Wis\u0142\u0105<\/p>\n<p>76 rocznica<br \/>\nLokalna og\u00f3lnoludzka<br \/>\nPowstanie w Getcie Bia\u0142ostockim<br \/>\nPrzeciwko zarazie brunatnej<br \/>\nBrutalnie spacyfikowane<\/p>\n<p>100 rocznica<br \/>\nLokalna polska<br \/>\nPowstanie \u015al\u0105skie<\/p>\n<p><strong>II<\/strong><br \/>\n600-lecie<br \/>\n\u015aw. Rocha \u015bmierci<br \/>\nPatrona przeciw<br \/>\nZarazie ka\u017cdej<br \/>\nJak\u0105kolwiek by mia\u0142a barw\u0119<\/p>\n<p>Patrona przeciw d\u017cumie<br \/>\nTrzeba stale czuwa\u0107<br \/>\nBy nie zarazi\u0107 ni\u0105 siebie i innych<br \/>\nBo o walk\u0119 z zaraz\u0105 grzechu chodzi<br \/>\nA jednocze\u015bnie wa\u017cny jest ka\u017cdy cz\u0142owiek<\/p>\n<p><em>Na zdj. Dzi\u015b wyruszy\u0142a do Wilna \/<\/em><br \/>\n<em>Bia\u0142ostocka Piesza Pielgrzymka \/<\/em><br \/>\n<em>Id\u017acie z Bogiem pielgrzymi \/<\/em><br \/>\n<em>M\u00f3dlcie si\u0119 za nami!<\/em><\/p>\n<p><img decoding=\"async\" class=\"css-9pa8cd\" draggable=\"false\" src=\"https:\/\/pbs.twimg.com\/media\/ECKMJc4XsAAoNgl?format=jpg&amp;name=small\" alt=\"Image\" \/><\/p>\n","protected":false},"excerpt":{"rendered":"<p>16.08 I 99 rocznica Og\u00f3lnopolska Zwyci\u0119stwo or\u0119\u017ca polskiego Nad zaraz\u0105 czerwon\u0105 W Cudzie nad Wis\u0142\u0105 76 rocznica Lokalna og\u00f3lnoludzka Powstanie w Getcie Bia\u0142ostockim Przeciwko zarazie&hellip; <\/p>\n","protected":false},"author":1,"featured_media":0,"parent":0,"menu_order":0,"comment_status":"closed","ping_status":"closed","template":"","meta":{"footnotes":""},"class_list":["post-2764","page","type-page","status-publish","hentry"],"_links":{"self":[{"href":"https:\/\/hubertpietka.bialystok.pl\/index.php?rest_route=\/wp\/v2\/pages\/2764","targetHints":{"allow":["GET"]}}],"collection":[{"href":"https:\/\/hubertpietka.bialystok.pl\/index.php?rest_route=\/wp\/v2\/pages"}],"about":[{"href":"https:\/\/hubertpietka.bialystok.pl\/index.php?rest_route=\/wp\/v2\/types\/page"}],"author":[{"embeddable":true,"href":"https:\/\/hubertpietka.bialystok.pl\/index.php?rest_route=\/wp\/v2\/users\/1"}],"replies":[{"embeddable":true,"href":"https:\/\/hubertpietka.bialystok.pl\/index.php?rest_route=%2Fwp%2Fv2%2Fcomments&post=2764"}],"version-history":[{"count":6,"href":"https:\/\/hubertpietka.bialystok.pl\/index.php?rest_route=\/wp\/v2\/pages\/2764\/revisions"}],"predecessor-version":[{"id":2771,"href":"https:\/\/hubertpietka.bialystok.pl\/index.php?rest_route=\/wp\/v2\/pages\/2764\/revisions\/2771"}],"wp:attachment":[{"href":"https:\/\/hubertpietka.bialystok.pl\/index.php?rest_route=%2Fwp%2Fv2%2Fmedia&parent=2764"}],"curies":[{"name":"wp","href":"https:\/\/api.w.org\/{rel}","templated":true}]}}