{"id":277,"date":"2017-01-18T21:40:57","date_gmt":"2017-01-18T21:40:57","guid":{"rendered":"http:\/\/hubertpietka.bialystok.pl\/?page_id=277"},"modified":"2017-01-18T23:30:27","modified_gmt":"2017-01-18T23:30:27","slug":"przemijanie","status":"publish","type":"page","link":"https:\/\/hubertpietka.bialystok.pl\/?page_id=277","title":{"rendered":"Przemijanie"},"content":{"rendered":"<p><strong>Przemijanie<\/strong><\/p>\n<p>&nbsp;<\/p>\n<p><em>Intro<\/em><\/p>\n<p>przemijanie<\/p>\n<p>to dalsze trwanie<\/p>\n<p>w nico\u015bci<\/p>\n<p>to kondycja ludzka<\/p>\n<p>zmierzania<\/p>\n<p>ku wieczno\u015bci<\/p>\n<p>&nbsp;<\/p>\n<p>zawierzenia<\/p>\n<p>istnienia<\/p>\n<p>spe\u0142nienia<\/p>\n<p>dlatego:<\/p>\n<p>&nbsp;<\/p>\n<p><em>I<\/em><\/p>\n<p>nie b\u0119d\u0119 pisa\u0142<\/p>\n<p>&#8211; zapomnijcie o mnie<\/p>\n<p>bo i tak zapomnicie<\/p>\n<p>kiedy odejd\u0119<\/p>\n<p>&nbsp;<\/p>\n<p>jedynie w sercach<\/p>\n<p>ludzi naprawd\u0119 mi bliskich<\/p>\n<p>pozostan\u0119<\/p>\n<p>dop\u00f3ki oni b\u0119d\u0105\u2026<\/p>\n<p>&nbsp;<\/p>\n<p><em>II<\/em><\/p>\n<p>nie b\u0119d\u0119 pisa\u0142<\/p>\n<p>\u017ce co\u015b po mnie zostanie<\/p>\n<p>listy zniszczej\u0105<\/p>\n<p>pami\u0105tki rozsypi\u0105 si\u0119<\/p>\n<p>&nbsp;<\/p>\n<p>jedynie my\u015bl<\/p>\n<p>jak strza\u0142a<\/p>\n<p>zatoczy ko\u0142o<\/p>\n<p>na widnokr\u0119gu nieba<\/p>\n<p>&nbsp;<\/p>\n<p><em>III<\/em><\/p>\n<p>nie b\u0119d\u0119 pisa\u0142<\/p>\n<p>&#8211; pami\u0119tajcie o mnie!<\/p>\n<p>niech przemin\u0119 jak drzewo<\/p>\n<p>prosto dumnie pokornie<\/p>\n<p>&nbsp;<\/p>\n<p><em>Exodus<\/em><\/p>\n<p>jestem by\u0142em<\/p>\n<p>nie ma mnie<\/p>\n<p>nie b\u0119d\u0105<\/p>\n<p>&nbsp;<\/p>\n<p>jedynie powietrze<\/p>\n<p>wzbudzi\u0142o fal\u0119<\/p>\n<p>na jeziorze \u017cycia<\/p>\n<p>&nbsp;<\/p>\n<p>prze-mi-ja-my\u2026<\/p>\n","protected":false},"excerpt":{"rendered":"<p>Przemijanie &nbsp; Intro przemijanie to dalsze trwanie w nico\u015bci to kondycja ludzka zmierzania ku wieczno\u015bci &nbsp; zawierzenia istnienia spe\u0142nienia dlatego: &nbsp; I nie b\u0119d\u0119 pisa\u0142&hellip; <\/p>\n","protected":false},"author":1,"featured_media":0,"parent":0,"menu_order":0,"comment_status":"closed","ping_status":"closed","template":"","meta":{"footnotes":""},"class_list":["post-277","page","type-page","status-publish","hentry"],"_links":{"self":[{"href":"https:\/\/hubertpietka.bialystok.pl\/index.php?rest_route=\/wp\/v2\/pages\/277","targetHints":{"allow":["GET"]}}],"collection":[{"href":"https:\/\/hubertpietka.bialystok.pl\/index.php?rest_route=\/wp\/v2\/pages"}],"about":[{"href":"https:\/\/hubertpietka.bialystok.pl\/index.php?rest_route=\/wp\/v2\/types\/page"}],"author":[{"embeddable":true,"href":"https:\/\/hubertpietka.bialystok.pl\/index.php?rest_route=\/wp\/v2\/users\/1"}],"replies":[{"embeddable":true,"href":"https:\/\/hubertpietka.bialystok.pl\/index.php?rest_route=%2Fwp%2Fv2%2Fcomments&post=277"}],"version-history":[{"count":3,"href":"https:\/\/hubertpietka.bialystok.pl\/index.php?rest_route=\/wp\/v2\/pages\/277\/revisions"}],"predecessor-version":[{"id":373,"href":"https:\/\/hubertpietka.bialystok.pl\/index.php?rest_route=\/wp\/v2\/pages\/277\/revisions\/373"}],"wp:attachment":[{"href":"https:\/\/hubertpietka.bialystok.pl\/index.php?rest_route=%2Fwp%2Fv2%2Fmedia&parent=277"}],"curies":[{"name":"wp","href":"https:\/\/api.w.org\/{rel}","templated":true}]}}