{"id":2778,"date":"2019-09-05T11:47:37","date_gmt":"2019-09-05T11:47:37","guid":{"rendered":"http:\/\/hubertpietka.bialystok.pl\/?page_id=2778"},"modified":"2019-09-05T11:48:54","modified_gmt":"2019-09-05T11:48:54","slug":"modlitwa-obron-o-bron","status":"publish","type":"page","link":"https:\/\/hubertpietka.bialystok.pl\/?page_id=2778","title":{"rendered":"Modlitwa obro\u0144 \/ O bro\u0144"},"content":{"rendered":"<p><strong><em>Modlitwa obro\u0144 \/ O bro\u0144<\/em><\/strong><\/p>\n<p>Obro\u0144 nas Panie przed z\u0142em<br \/>\nO bro\u0144 nas przed nim zawsze<\/p>\n<p>Nie tylko w chwili tej<br \/>\nLecz i w ka\u017cdej innej<\/p>\n<p>Do Ciebie t\u0119 modlitw\u0119 zanosimy<br \/>\nUfni w jej przyczyn\u0119<br \/>\nI Twoj\u0105 obron\u0119<\/p>\n<p><img decoding=\"async\" class=\"css-9pa8cd\" draggable=\"false\" src=\"https:\/\/pbs.twimg.com\/media\/EDsn30rWkAAANZn?format=jpg&amp;name=small\" alt=\"Image\" \/><\/p>\n<p><em>Na zdj. Jezus Mi\u0142osierny i R\u00f3\u017caniec \/<\/em><br \/>\n<em>S\u0105 obron\u0105 nasz\u0105 \/<\/em><br \/>\n<em>W ko\u015bciele Niepokalanego Serca Maryi \/<\/em><br \/>\n<em>W Busku-Zdroju.<\/em><\/p>\n","protected":false},"excerpt":{"rendered":"<p>Modlitwa obro\u0144 \/ O bro\u0144 Obro\u0144 nas Panie przed z\u0142em O bro\u0144 nas przed nim zawsze Nie tylko w chwili tej Lecz i w ka\u017cdej&hellip; <\/p>\n","protected":false},"author":1,"featured_media":0,"parent":0,"menu_order":0,"comment_status":"closed","ping_status":"closed","template":"","meta":{"footnotes":""},"class_list":["post-2778","page","type-page","status-publish","hentry"],"_links":{"self":[{"href":"https:\/\/hubertpietka.bialystok.pl\/index.php?rest_route=\/wp\/v2\/pages\/2778","targetHints":{"allow":["GET"]}}],"collection":[{"href":"https:\/\/hubertpietka.bialystok.pl\/index.php?rest_route=\/wp\/v2\/pages"}],"about":[{"href":"https:\/\/hubertpietka.bialystok.pl\/index.php?rest_route=\/wp\/v2\/types\/page"}],"author":[{"embeddable":true,"href":"https:\/\/hubertpietka.bialystok.pl\/index.php?rest_route=\/wp\/v2\/users\/1"}],"replies":[{"embeddable":true,"href":"https:\/\/hubertpietka.bialystok.pl\/index.php?rest_route=%2Fwp%2Fv2%2Fcomments&post=2778"}],"version-history":[{"count":2,"href":"https:\/\/hubertpietka.bialystok.pl\/index.php?rest_route=\/wp\/v2\/pages\/2778\/revisions"}],"predecessor-version":[{"id":2780,"href":"https:\/\/hubertpietka.bialystok.pl\/index.php?rest_route=\/wp\/v2\/pages\/2778\/revisions\/2780"}],"wp:attachment":[{"href":"https:\/\/hubertpietka.bialystok.pl\/index.php?rest_route=%2Fwp%2Fv2%2Fmedia&parent=2778"}],"curies":[{"name":"wp","href":"https:\/\/api.w.org\/{rel}","templated":true}]}}