{"id":2782,"date":"2019-09-05T11:54:46","date_gmt":"2019-09-05T11:54:46","guid":{"rendered":"http:\/\/hubertpietka.bialystok.pl\/?page_id=2782"},"modified":"2019-09-05T11:57:28","modified_gmt":"2019-09-05T11:57:28","slug":"stopnica-smreczany-punkty-wakacyjnego-wyjazdu","status":"publish","type":"page","link":"https:\/\/hubertpietka.bialystok.pl\/?page_id=2782","title":{"rendered":"Stopnica &#8211; Smreczany \/ punkty wakacyjnego wyjazdu"},"content":{"rendered":"<p><strong><em>Stopnica &#8211; Smreczany \/ punkty wakacyjnego wyjazdu<\/em><\/strong><\/p>\n<p>Pierwszy<br \/>\nStopnica<br \/>\nStop du\u017co pracy<br \/>\nNic takiego<br \/>\nPotrzebne bardzo<br \/>\n<img decoding=\"async\" class=\"css-9pa8cd\" draggable=\"false\" src=\"https:\/\/pbs.twimg.com\/media\/EDso5CyXUAAYeVW?format=jpg&amp;name=small\" alt=\"Image\" \/><br \/>\nS\u0142owa s\u0142owa<br \/>\nS\u0142owacja<br \/>\nMiejsce drugie<br \/>\nD\u0142ugie owacje<br \/>\n<img decoding=\"async\" class=\"css-9pa8cd\" draggable=\"false\" src=\"https:\/\/pbs.twimg.com\/media\/EDspf6DXYAE2yhJ?format=jpg&amp;name=small\" alt=\"Image\" \/><br \/>\nWakacje<br \/>\nW akcji<br \/>\nUrlop i ukrop<br \/>\nCienie i blaski<\/p>\n<p>Warszawa<br \/>\nPrzymusowe l\u0105dowanie<br \/>\nTrzecie<br \/>\nAwaria z Krakowa<br \/>\nW tym mie\u015bcie<br \/>\n<img decoding=\"async\" class=\"css-9pa8cd\" draggable=\"false\" src=\"https:\/\/pbs.twimg.com\/media\/EDspq5UXUAEeVNI?format=jpg&amp;name=small\" alt=\"Image\" \/><br \/>\n<em>Te wspomnienia<\/em><br \/>\n<em>Niech przemieni\u0105<\/em><br \/>\n<em>Czas ten<\/em><br \/>\n<em>Dany na rzeczy inne<\/em><\/p>\n","protected":false},"excerpt":{"rendered":"<p>Stopnica &#8211; Smreczany \/ punkty wakacyjnego wyjazdu Pierwszy Stopnica Stop du\u017co pracy Nic takiego Potrzebne bardzo S\u0142owa s\u0142owa S\u0142owacja Miejsce drugie D\u0142ugie owacje Wakacje W&hellip; <\/p>\n","protected":false},"author":1,"featured_media":0,"parent":0,"menu_order":0,"comment_status":"closed","ping_status":"closed","template":"","meta":{"footnotes":""},"class_list":["post-2782","page","type-page","status-publish","hentry"],"_links":{"self":[{"href":"https:\/\/hubertpietka.bialystok.pl\/index.php?rest_route=\/wp\/v2\/pages\/2782","targetHints":{"allow":["GET"]}}],"collection":[{"href":"https:\/\/hubertpietka.bialystok.pl\/index.php?rest_route=\/wp\/v2\/pages"}],"about":[{"href":"https:\/\/hubertpietka.bialystok.pl\/index.php?rest_route=\/wp\/v2\/types\/page"}],"author":[{"embeddable":true,"href":"https:\/\/hubertpietka.bialystok.pl\/index.php?rest_route=\/wp\/v2\/users\/1"}],"replies":[{"embeddable":true,"href":"https:\/\/hubertpietka.bialystok.pl\/index.php?rest_route=%2Fwp%2Fv2%2Fcomments&post=2782"}],"version-history":[{"count":3,"href":"https:\/\/hubertpietka.bialystok.pl\/index.php?rest_route=\/wp\/v2\/pages\/2782\/revisions"}],"predecessor-version":[{"id":2785,"href":"https:\/\/hubertpietka.bialystok.pl\/index.php?rest_route=\/wp\/v2\/pages\/2782\/revisions\/2785"}],"wp:attachment":[{"href":"https:\/\/hubertpietka.bialystok.pl\/index.php?rest_route=%2Fwp%2Fv2%2Fmedia&parent=2782"}],"curies":[{"name":"wp","href":"https:\/\/api.w.org\/{rel}","templated":true}]}}