{"id":2787,"date":"2019-09-05T12:03:14","date_gmt":"2019-09-05T12:03:14","guid":{"rendered":"http:\/\/hubertpietka.bialystok.pl\/?page_id=2787"},"modified":"2019-09-05T12:12:00","modified_gmt":"2019-09-05T12:12:00","slug":"1-9-19","status":"publish","type":"page","link":"https:\/\/hubertpietka.bialystok.pl\/?page_id=2787","title":{"rendered":"1.9.19"},"content":{"rendered":"<p><strong><em>1.9.19<\/em><\/strong><\/p>\n<p><em>I<\/em><br \/>\n80-lecie<br \/>\nNapa\u015bci na Polsk\u0119<br \/>\nNiemiec Hitlerowskich<br \/>\nHekatomba \u015bwiatowa druga<br \/>\nPocz\u0105tek mia\u0142a tu<\/p>\n<p>Maryjo Kr\u00f3lowo Pokoju<br \/>\nTego dnia wspominana<br \/>\nNiech nigdy nie powt\u00f3rzy si\u0119<br \/>\nTen okropny wylew z\u0142a<\/p>\n<p><em>II<\/em><br \/>\n30-lecie<br \/>\nKazimierza Deyny \u015bmierci<br \/>\nPolskiego pi\u0142karza legendy<\/p>\n<p>Wspominana te\u017c tego dnia<br \/>\nJest \u015bw. Bronis\u0142awa<br \/>\nBo zawsze dba\u0107 trzeba<br \/>\nO dobr\u0105 s\u0142aw\u0119<br \/>\nTych kt\u00f3rym co\u015b zawdzi\u0119czamy<\/p>\n<p><em>Na zdj. Jan Pawe\u0142 II i krzy\u017c \/<\/em><br \/>\n<em>&#8222;Nigdy wi\u0119cej wojny&#8221; \/<\/em><br \/>\n<em>Buski ko\u015bci\u00f3\u0142 \/<\/em><br \/>\n<em>Niepokalanego Serca Maryi.<\/em><\/p>\n<p><img decoding=\"async\" class=\"css-9pa8cd\" draggable=\"false\" src=\"https:\/\/pbs.twimg.com\/media\/EDsoIwvWwAAf8nN?format=jpg&amp;name=small\" alt=\"Image\" \/><\/p>\n<h1 class=\"title style-scope ytd-video-primary-info-renderer\" style=\"text-align: center;\"><a href=\"https:\/\/www.youtube.com\/watch?v=PhPaFM7ykjo\"><em>Serce wielkie nam daj &#8211; Jednego Serca Jednego Ducha 2013<\/em><\/a><\/h1>\n","protected":false},"excerpt":{"rendered":"<p>1.9.19 I 80-lecie Napa\u015bci na Polsk\u0119 Niemiec Hitlerowskich Hekatomba \u015bwiatowa druga Pocz\u0105tek mia\u0142a tu Maryjo Kr\u00f3lowo Pokoju Tego dnia wspominana Niech nigdy nie powt\u00f3rzy si\u0119&hellip; <\/p>\n","protected":false},"author":1,"featured_media":0,"parent":0,"menu_order":0,"comment_status":"closed","ping_status":"closed","template":"","meta":{"footnotes":""},"class_list":["post-2787","page","type-page","status-publish","hentry"],"_links":{"self":[{"href":"https:\/\/hubertpietka.bialystok.pl\/index.php?rest_route=\/wp\/v2\/pages\/2787","targetHints":{"allow":["GET"]}}],"collection":[{"href":"https:\/\/hubertpietka.bialystok.pl\/index.php?rest_route=\/wp\/v2\/pages"}],"about":[{"href":"https:\/\/hubertpietka.bialystok.pl\/index.php?rest_route=\/wp\/v2\/types\/page"}],"author":[{"embeddable":true,"href":"https:\/\/hubertpietka.bialystok.pl\/index.php?rest_route=\/wp\/v2\/users\/1"}],"replies":[{"embeddable":true,"href":"https:\/\/hubertpietka.bialystok.pl\/index.php?rest_route=%2Fwp%2Fv2%2Fcomments&post=2787"}],"version-history":[{"count":4,"href":"https:\/\/hubertpietka.bialystok.pl\/index.php?rest_route=\/wp\/v2\/pages\/2787\/revisions"}],"predecessor-version":[{"id":2792,"href":"https:\/\/hubertpietka.bialystok.pl\/index.php?rest_route=\/wp\/v2\/pages\/2787\/revisions\/2792"}],"wp:attachment":[{"href":"https:\/\/hubertpietka.bialystok.pl\/index.php?rest_route=%2Fwp%2Fv2%2Fmedia&parent=2787"}],"curies":[{"name":"wp","href":"https:\/\/api.w.org\/{rel}","templated":true}]}}