{"id":2794,"date":"2019-09-18T10:09:40","date_gmt":"2019-09-18T10:09:40","guid":{"rendered":"http:\/\/hubertpietka.bialystok.pl\/?page_id=2794"},"modified":"2019-09-18T10:27:45","modified_gmt":"2019-09-18T10:27:45","slug":"modlitwa-po-klesce-nie-ostatniej-i-nie-pierwszej","status":"publish","type":"page","link":"https:\/\/hubertpietka.bialystok.pl\/?page_id=2794","title":{"rendered":"Modlitwa po kl\u0119sce \/ nie ostatniej i nie pierwszej"},"content":{"rendered":"<p><strong><em>Modlitwa po kl\u0119sce \/ nie ostatniej i nie pierwszej<\/em><\/strong><\/p>\n<p>Panie<br \/>\nNiech wszystkie bitwy moje<br \/>\nB\u0119d\u0105 przegrane<\/p>\n<p>Bylebym wygra\u0142<br \/>\nT\u0105 walk\u0119 najwi\u0119ksz\u0105<br \/>\nOstatni\u0105 najwa\u017cniejsz\u0105<\/p>\n<p>Nie jest sposobem przecie\u017c<br \/>\nWygrywa\u0107 ci\u0105gle<br \/>\nLecz nauczy\u0107 si\u0119 przegrywa\u0107<\/p>\n<p>W tym jest mi\u0142o\u015b\u0107<\/p>\n<p>Przecie\u017c to nie o mnie tu chodzi wreszcie<br \/>\nLecz o Ciebie Panie<br \/>\nTy po ludzku te\u017c by\u0142e\u015b przegrany<\/p>\n<p><em>Na zdj. Jezus Ukrzy\u017cowany<\/em><br \/>\n<em>W Opatrzno\u015bci Bo\u017cej hospicjum<\/em><br \/>\n<em>Patrz jak jest poraniony<\/em><br \/>\n<em>Opatrzno\u015bci Bo\u017ca mi\u0142osierna<\/em><br \/>\n<em>Ufam Tobie<\/em><\/p>\n<p><img decoding=\"async\" class=\"css-9pa8cd\" draggable=\"true\" src=\"https:\/\/pbs.twimg.com\/media\/EEpyeTsXYAAUReA?format=jpg&amp;name=small\" alt=\"Image\" \/><\/p>\n<p style=\"text-align: left;\"><strong>(<\/strong> <a href=\"https:\/\/www.youtube.com\/watch?v=h4zimBRLAKY\"><em><strong>D\u017cem &#8211; Wszystko wzi\u0119\u0142<\/strong><\/em><\/a><a href=\"https:\/\/www.youtube.com\/watch?v=h4zimBRLAKY\"><em><strong>o w \u0142eb<\/strong><\/em><\/a><\/p>\n<h1 class=\"title style-scope ytd-video-primary-info-renderer\" style=\"text-align: left;\"><em><a href=\"https:\/\/www.youtube.com\/watch?v=-H21AnIHSIU\">D\u017cem &#8211; Ja wiem &#8211; Oboj\u0119tno\u015b\u0107 <\/a><\/em>)<\/h1>\n<h1 class=\"title style-scope ytd-video-primary-info-renderer\" style=\"text-align: right;\"><a href=\"https:\/\/www.youtube.com\/watch?v=JbhIHF3SHm0\"><em>Lednica2000 &#8211; Podnie\u015b mnie Jezu<\/em><\/a><\/h1>\n","protected":false},"excerpt":{"rendered":"<p>Modlitwa po kl\u0119sce \/ nie ostatniej i nie pierwszej Panie Niech wszystkie bitwy moje B\u0119d\u0105 przegrane Bylebym wygra\u0142 T\u0105 walk\u0119 najwi\u0119ksz\u0105 Ostatni\u0105 najwa\u017cniejsz\u0105 Nie jest&hellip; <\/p>\n","protected":false},"author":1,"featured_media":0,"parent":0,"menu_order":0,"comment_status":"closed","ping_status":"closed","template":"","meta":{"footnotes":""},"class_list":["post-2794","page","type-page","status-publish","hentry"],"_links":{"self":[{"href":"https:\/\/hubertpietka.bialystok.pl\/index.php?rest_route=\/wp\/v2\/pages\/2794","targetHints":{"allow":["GET"]}}],"collection":[{"href":"https:\/\/hubertpietka.bialystok.pl\/index.php?rest_route=\/wp\/v2\/pages"}],"about":[{"href":"https:\/\/hubertpietka.bialystok.pl\/index.php?rest_route=\/wp\/v2\/types\/page"}],"author":[{"embeddable":true,"href":"https:\/\/hubertpietka.bialystok.pl\/index.php?rest_route=\/wp\/v2\/users\/1"}],"replies":[{"embeddable":true,"href":"https:\/\/hubertpietka.bialystok.pl\/index.php?rest_route=%2Fwp%2Fv2%2Fcomments&post=2794"}],"version-history":[{"count":5,"href":"https:\/\/hubertpietka.bialystok.pl\/index.php?rest_route=\/wp\/v2\/pages\/2794\/revisions"}],"predecessor-version":[{"id":2799,"href":"https:\/\/hubertpietka.bialystok.pl\/index.php?rest_route=\/wp\/v2\/pages\/2794\/revisions\/2799"}],"wp:attachment":[{"href":"https:\/\/hubertpietka.bialystok.pl\/index.php?rest_route=%2Fwp%2Fv2%2Fmedia&parent=2794"}],"curies":[{"name":"wp","href":"https:\/\/api.w.org\/{rel}","templated":true}]}}