{"id":2801,"date":"2019-09-18T10:37:36","date_gmt":"2019-09-18T10:37:36","guid":{"rendered":"http:\/\/hubertpietka.bialystok.pl\/?page_id=2801"},"modified":"2019-09-18T10:45:18","modified_gmt":"2019-09-18T10:45:18","slug":"przytul-anki-duma-nia-i-inne-przyblizenia","status":"publish","type":"page","link":"https:\/\/hubertpietka.bialystok.pl\/?page_id=2801","title":{"rendered":"Przytul-Anki Duma-nia \/ i inne przybli\u017cenia"},"content":{"rendered":"<p><strong><em>Przytul-Anki Duma-nia \/ i inne przybli\u017cenia<\/em><\/strong><\/p>\n<p>Przytul-Ank\u0119<br \/>\nKiedy jest ci \u017ale<br \/>\nOna potrzebuje tego te\u017c<\/p>\n<p>Po-Duma-j<br \/>\nOd tego jest ten pies<br \/>\nTo najlepsze na stres<\/p>\n<p>Przybli\u017c si\u0119<br \/>\nDo bli\u017anich te\u017c<br \/>\nNiech zabli\u017ani\u0105 rany si\u0119<\/p>\n<p>Oni po to s\u0105<br \/>\nBy\u015b nie by\u0142 sam<br \/>\nDosta\u0142e\u015b by da\u0107<\/p>\n<p><em>Na zdj. Nazwa wdzi\u0119cznie brzmi\u0105c\u0105<\/em><br \/>\n<em>Przytulanka podmoniecka<\/em><br \/>\n<em>Kiedy\u015b tam m\u00f3g\u0142 by\u0107 nasz dom<\/em><br \/>\n<em>Dom jest tam gdzie bliscy s\u0105<\/em><\/p>\n<p><img decoding=\"async\" class=\"css-9pa8cd\" draggable=\"true\" src=\"https:\/\/pbs.twimg.com\/media\/EEp0fY6W4AA7AYW?format=jpg&amp;name=small\" alt=\"Image\" \/><\/p>\n<h1 class=\"title style-scope ytd-video-primary-info-renderer\" style=\"text-align: center;\"><a href=\"https:\/\/www.youtube.com\/watch?v=LqybKftzSh0\"><em>Tomek Kami\u0144ski &#8211; B\u0105d\u017a blisko mnie<\/em><\/a><\/h1>\n","protected":false},"excerpt":{"rendered":"<p>Przytul-Anki Duma-nia \/ i inne przybli\u017cenia Przytul-Ank\u0119 Kiedy jest ci \u017ale Ona potrzebuje tego te\u017c Po-Duma-j Od tego jest ten pies To najlepsze na stres&hellip; <\/p>\n","protected":false},"author":1,"featured_media":0,"parent":0,"menu_order":0,"comment_status":"closed","ping_status":"closed","template":"","meta":{"footnotes":""},"class_list":["post-2801","page","type-page","status-publish","hentry"],"_links":{"self":[{"href":"https:\/\/hubertpietka.bialystok.pl\/index.php?rest_route=\/wp\/v2\/pages\/2801","targetHints":{"allow":["GET"]}}],"collection":[{"href":"https:\/\/hubertpietka.bialystok.pl\/index.php?rest_route=\/wp\/v2\/pages"}],"about":[{"href":"https:\/\/hubertpietka.bialystok.pl\/index.php?rest_route=\/wp\/v2\/types\/page"}],"author":[{"embeddable":true,"href":"https:\/\/hubertpietka.bialystok.pl\/index.php?rest_route=\/wp\/v2\/users\/1"}],"replies":[{"embeddable":true,"href":"https:\/\/hubertpietka.bialystok.pl\/index.php?rest_route=%2Fwp%2Fv2%2Fcomments&post=2801"}],"version-history":[{"count":4,"href":"https:\/\/hubertpietka.bialystok.pl\/index.php?rest_route=\/wp\/v2\/pages\/2801\/revisions"}],"predecessor-version":[{"id":2805,"href":"https:\/\/hubertpietka.bialystok.pl\/index.php?rest_route=\/wp\/v2\/pages\/2801\/revisions\/2805"}],"wp:attachment":[{"href":"https:\/\/hubertpietka.bialystok.pl\/index.php?rest_route=%2Fwp%2Fv2%2Fmedia&parent=2801"}],"curies":[{"name":"wp","href":"https:\/\/api.w.org\/{rel}","templated":true}]}}