{"id":2807,"date":"2019-09-18T10:52:11","date_gmt":"2019-09-18T10:52:11","guid":{"rendered":"http:\/\/hubertpietka.bialystok.pl\/?page_id=2807"},"modified":"2019-09-18T11:01:56","modified_gmt":"2019-09-18T11:01:56","slug":"oj-czy-znana-ojczyzna-nasza-kochana","status":"publish","type":"page","link":"https:\/\/hubertpietka.bialystok.pl\/?page_id=2807","title":{"rendered":"Oj czy znana \/ Ojczyzna nasza"},"content":{"rendered":"<p><strong><em>Oj czy znana \/ Ojczyzna nasza<br \/>\n<\/em><\/strong><\/p>\n<p>Oj czy zna<br \/>\nCzy ka\u017cdy wie<br \/>\nCzym Ojczyzna nasza jest<\/p>\n<p>Oj czy znany<br \/>\nZesp\u00f3\u0142 d\u00f3br<br \/>\nTworz\u0105cy byt ojczy\u017aniany<\/p>\n<p>Oj czy znane<br \/>\nOjczyzny naszej sprawy<\/p>\n<p>Oj chcie\u0107<br \/>\nJak ojciec<br \/>\nDobra Ojczyzny<br \/>\nMatki naszej<\/p>\n<p>Oj czy znana<br \/>\nMi\u0142o\u015b\u0107 ojczy\u017aniana<\/p>\n<p>Patriotyzm<br \/>\nPater noster<\/p>\n<p><em>Na zdj. Kapliczka w Zab\u0142udowie<\/em><br \/>\n<em>&#8222;M\u00f3dlmy si\u0119 o m\u0105dro\u015b\u0107 i jedno\u015b\u0107 narodu&#8221;<\/em><br \/>\n<em>Wyp\u0142ywa to z troski<\/em><br \/>\n<em>O Ojczyzny naszej dobrostan<\/em><\/p>\n<p><img decoding=\"async\" class=\"css-9pa8cd\" draggable=\"true\" src=\"https:\/\/pbs.twimg.com\/media\/EEp2P_YXYAENzAX?format=jpg&amp;name=small\" alt=\"Image\" \/><\/p>\n<h1 class=\"title style-scope ytd-video-primary-info-renderer\" style=\"text-align: center;\"><em><a href=\"https:\/\/www.youtube.com\/watch?v=MphC7KFv-y0\">Ma\u0142a Armia Janosika &#8211; Si\u0142a jest w jedno\u015bci<\/a><\/em><\/h1>\n","protected":false},"excerpt":{"rendered":"<p>Oj czy znana \/ Ojczyzna nasza Oj czy zna Czy ka\u017cdy wie Czym Ojczyzna nasza jest Oj czy znany Zesp\u00f3\u0142 d\u00f3br Tworz\u0105cy byt ojczy\u017aniany Oj&hellip; <\/p>\n","protected":false},"author":1,"featured_media":0,"parent":0,"menu_order":0,"comment_status":"closed","ping_status":"closed","template":"","meta":{"footnotes":""},"class_list":["post-2807","page","type-page","status-publish","hentry"],"_links":{"self":[{"href":"https:\/\/hubertpietka.bialystok.pl\/index.php?rest_route=\/wp\/v2\/pages\/2807","targetHints":{"allow":["GET"]}}],"collection":[{"href":"https:\/\/hubertpietka.bialystok.pl\/index.php?rest_route=\/wp\/v2\/pages"}],"about":[{"href":"https:\/\/hubertpietka.bialystok.pl\/index.php?rest_route=\/wp\/v2\/types\/page"}],"author":[{"embeddable":true,"href":"https:\/\/hubertpietka.bialystok.pl\/index.php?rest_route=\/wp\/v2\/users\/1"}],"replies":[{"embeddable":true,"href":"https:\/\/hubertpietka.bialystok.pl\/index.php?rest_route=%2Fwp%2Fv2%2Fcomments&post=2807"}],"version-history":[{"count":5,"href":"https:\/\/hubertpietka.bialystok.pl\/index.php?rest_route=\/wp\/v2\/pages\/2807\/revisions"}],"predecessor-version":[{"id":2813,"href":"https:\/\/hubertpietka.bialystok.pl\/index.php?rest_route=\/wp\/v2\/pages\/2807\/revisions\/2813"}],"wp:attachment":[{"href":"https:\/\/hubertpietka.bialystok.pl\/index.php?rest_route=%2Fwp%2Fv2%2Fmedia&parent=2807"}],"curies":[{"name":"wp","href":"https:\/\/api.w.org\/{rel}","templated":true}]}}