{"id":2814,"date":"2019-09-18T11:05:23","date_gmt":"2019-09-18T11:05:23","guid":{"rendered":"http:\/\/hubertpietka.bialystok.pl\/?page_id=2814"},"modified":"2019-09-18T11:06:03","modified_gmt":"2019-09-18T11:06:03","slug":"modlitwa-ubogiego-krotka","status":"publish","type":"page","link":"https:\/\/hubertpietka.bialystok.pl\/?page_id=2814","title":{"rendered":"Modlitwa ubogiego \/ kr\u00f3tka"},"content":{"rendered":"<p><strong><em>Modlitwa ubogiego \/ kr\u00f3tka<\/em><\/strong><\/p>\n<p>Obro\u0144 mnie przed moim przeciwnikiem<br \/>\nNiech si\u0119 Panie na zawsze nie zawstydz\u0119<br \/>\nNie ze wzgl\u0119du na mnie Panie<br \/>\nLecz na Mi\u0142osierdzie Twoje<br \/>\nAmen<\/p>\n<p><em>Na zdj. Mi\u0142osierdzia Bo\u017cego krakowskie sanktuarium \/<\/em><br \/>\n<em>Nie zwa\u017caj na n\u0119dz\u0119 moj\u0105 Panie \/<\/em><br \/>\n<em>Mi\u0142osierdzie Twoje \/<\/em><br \/>\n<em>Ponad wszelkie n\u0119dze moje.<\/em><\/p>\n<p><img decoding=\"async\" class=\"css-9pa8cd\" draggable=\"true\" src=\"https:\/\/pbs.twimg.com\/media\/EEp5xb2X4AAD2Fu?format=jpg&amp;name=small\" alt=\"Image\" \/><\/p>\n","protected":false},"excerpt":{"rendered":"<p>Modlitwa ubogiego \/ kr\u00f3tka Obro\u0144 mnie przed moim przeciwnikiem Niech si\u0119 Panie na zawsze nie zawstydz\u0119 Nie ze wzgl\u0119du na mnie Panie Lecz na Mi\u0142osierdzie&hellip; <\/p>\n","protected":false},"author":1,"featured_media":0,"parent":0,"menu_order":0,"comment_status":"closed","ping_status":"closed","template":"","meta":{"footnotes":""},"class_list":["post-2814","page","type-page","status-publish","hentry"],"_links":{"self":[{"href":"https:\/\/hubertpietka.bialystok.pl\/index.php?rest_route=\/wp\/v2\/pages\/2814","targetHints":{"allow":["GET"]}}],"collection":[{"href":"https:\/\/hubertpietka.bialystok.pl\/index.php?rest_route=\/wp\/v2\/pages"}],"about":[{"href":"https:\/\/hubertpietka.bialystok.pl\/index.php?rest_route=\/wp\/v2\/types\/page"}],"author":[{"embeddable":true,"href":"https:\/\/hubertpietka.bialystok.pl\/index.php?rest_route=\/wp\/v2\/users\/1"}],"replies":[{"embeddable":true,"href":"https:\/\/hubertpietka.bialystok.pl\/index.php?rest_route=%2Fwp%2Fv2%2Fcomments&post=2814"}],"version-history":[{"count":2,"href":"https:\/\/hubertpietka.bialystok.pl\/index.php?rest_route=\/wp\/v2\/pages\/2814\/revisions"}],"predecessor-version":[{"id":2816,"href":"https:\/\/hubertpietka.bialystok.pl\/index.php?rest_route=\/wp\/v2\/pages\/2814\/revisions\/2816"}],"wp:attachment":[{"href":"https:\/\/hubertpietka.bialystok.pl\/index.php?rest_route=%2Fwp%2Fv2%2Fmedia&parent=2814"}],"curies":[{"name":"wp","href":"https:\/\/api.w.org\/{rel}","templated":true}]}}