{"id":2823,"date":"2019-09-18T11:28:04","date_gmt":"2019-09-18T11:28:04","guid":{"rendered":"http:\/\/hubertpietka.bialystok.pl\/?page_id=2823"},"modified":"2019-09-18T11:31:28","modified_gmt":"2019-09-18T11:31:28","slug":"modlitwa-milosierna-milosci-badz-przy-nas","status":"publish","type":"page","link":"https:\/\/hubertpietka.bialystok.pl\/?page_id=2823","title":{"rendered":"Modlitwa \/ Mi\u0142osierna Mi\u0142o\u015bci b\u0105d\u017a przy nas"},"content":{"rendered":"<p><strong><em>Modlitwa \/ Mi\u0142osierna Mi\u0142o\u015bci b\u0105d\u017a przy nas<\/em><\/strong><\/p>\n<p>Niech Mi\u0142osierdzie Twoje Panie<br \/>\nObjawia si\u0119 na nas zawsze<br \/>\nNiech nas przenika \u017cycie nasze<br \/>\nNiech b\u0119dzie \u015bwiadectwem<br \/>\nTwej Mi\u0142o\u015bci Mi\u0142osiernej<\/p>\n<p>Niech Mi\u0142osierdzie Twoje<br \/>\nCa\u0142kowicie nas obejmuje<br \/>\nNiech b\u0119dzie znakiem i symbolem<br \/>\nMi\u0142o\u015bci Twojej<\/p>\n<p>Jezu ufam Tobie<\/p>\n<p><em>Na zdj. Bia\u0142ostockie Mi\u0142osierdzia Bo\u017cego Sanktuarium \/<\/em><br \/>\n<em>\u017by\u0107 w \u015bwietle Bo\u017cej \u0142aski \/<\/em><br \/>\n<em>Zawsze.<\/em><\/p>\n<p><img decoding=\"async\" class=\"css-9pa8cd\" draggable=\"true\" src=\"https:\/\/pbs.twimg.com\/media\/EEp-yLPXoAAnrkG?format=jpg&amp;name=small\" alt=\"Image\" \/><\/p>\n<h1 class=\"title style-scope ytd-video-primary-info-renderer\" style=\"text-align: center;\"><a href=\"https:\/\/www.youtube.com\/watch?v=t8glLw4m3hI\"><em>Oka\u017c mi Bo\u017ce Mi\u0142osierdzie &#8211; Lumen<\/em><\/a><\/h1>\n","protected":false},"excerpt":{"rendered":"<p>Modlitwa \/ Mi\u0142osierna Mi\u0142o\u015bci b\u0105d\u017a przy nas Niech Mi\u0142osierdzie Twoje Panie Objawia si\u0119 na nas zawsze Niech nas przenika \u017cycie nasze Niech b\u0119dzie \u015bwiadectwem Twej&hellip; <\/p>\n","protected":false},"author":1,"featured_media":0,"parent":0,"menu_order":0,"comment_status":"closed","ping_status":"closed","template":"","meta":{"footnotes":""},"class_list":["post-2823","page","type-page","status-publish","hentry"],"_links":{"self":[{"href":"https:\/\/hubertpietka.bialystok.pl\/index.php?rest_route=\/wp\/v2\/pages\/2823","targetHints":{"allow":["GET"]}}],"collection":[{"href":"https:\/\/hubertpietka.bialystok.pl\/index.php?rest_route=\/wp\/v2\/pages"}],"about":[{"href":"https:\/\/hubertpietka.bialystok.pl\/index.php?rest_route=\/wp\/v2\/types\/page"}],"author":[{"embeddable":true,"href":"https:\/\/hubertpietka.bialystok.pl\/index.php?rest_route=\/wp\/v2\/users\/1"}],"replies":[{"embeddable":true,"href":"https:\/\/hubertpietka.bialystok.pl\/index.php?rest_route=%2Fwp%2Fv2%2Fcomments&post=2823"}],"version-history":[{"count":4,"href":"https:\/\/hubertpietka.bialystok.pl\/index.php?rest_route=\/wp\/v2\/pages\/2823\/revisions"}],"predecessor-version":[{"id":2827,"href":"https:\/\/hubertpietka.bialystok.pl\/index.php?rest_route=\/wp\/v2\/pages\/2823\/revisions\/2827"}],"wp:attachment":[{"href":"https:\/\/hubertpietka.bialystok.pl\/index.php?rest_route=%2Fwp%2Fv2%2Fmedia&parent=2823"}],"curies":[{"name":"wp","href":"https:\/\/api.w.org\/{rel}","templated":true}]}}