{"id":283,"date":"2017-01-18T21:53:24","date_gmt":"2017-01-18T21:53:24","guid":{"rendered":"http:\/\/hubertpietka.bialystok.pl\/?page_id=283"},"modified":"2017-01-18T23:23:55","modified_gmt":"2017-01-18T23:23:55","slug":"najoczywistsza-najprawdziwsza","status":"publish","type":"page","link":"https:\/\/hubertpietka.bialystok.pl\/?page_id=283","title":{"rendered":"Najoczywistsza, najprawdziwsza"},"content":{"rendered":"<p><strong>Najoczywistsza, najprawdziwsza<\/strong><\/p>\n<p>&nbsp;<\/p>\n<p>I<\/p>\n<p>z rzeczy najoczywistszych<\/p>\n<p>najbardziej oczywista<\/p>\n<p>jest mi\u0142o\u015b\u0107<\/p>\n<p>jest tak oczywista \u017ce ka\u017cdy<\/p>\n<p>mo\u017ce jej zaprzeczy\u0107<\/p>\n<p>jednak tylko dla niej<\/p>\n<p>naprawd\u0119 warto \u017cy\u0107<\/p>\n<p>&nbsp;<\/p>\n<p>II<\/p>\n<p>z rzeczy najprawdziwszych<\/p>\n<p>najbardziej prawdziwe<\/p>\n<p>jest cierpienie<\/p>\n<p>kiedy nas spotyka<\/p>\n<p>nie ma niczego<\/p>\n<p>bardziej realnego<\/p>\n<p>&nbsp;<\/p>\n<p>III<\/p>\n<p>dzi\u0119kuj\u0119 Ci<\/p>\n<p>za Tw\u0105 mi\u0142o\u015b\u0107<\/p>\n<p>do nas<\/p>\n<p>kt\u00f3ra najrealniej<\/p>\n<p>z rzeczy mo\u017cliwych<\/p>\n<p>objawi\u0142a si\u0119<\/p>\n<p>na krzy\u017cu<\/p>\n<p>&nbsp;<\/p>\n<p>IV<\/p>\n<p>kt\u00f3ry\u015b za nas cierpia\u0142 rany<\/p>\n<p>z mi\u0142o\u015bci do nas<\/p>\n<p>Jezu Chryste<\/p>\n<p>zmi\u0142uj si\u0119 nad nami<\/p>\n<p>nie\u015bwiadomymi rzeczy<\/p>\n<p>najoczywistszych<\/p>\n","protected":false},"excerpt":{"rendered":"<p>Najoczywistsza, najprawdziwsza &nbsp; I z rzeczy najoczywistszych najbardziej oczywista jest mi\u0142o\u015b\u0107 jest tak oczywista \u017ce ka\u017cdy mo\u017ce jej zaprzeczy\u0107 jednak tylko dla niej naprawd\u0119 warto&hellip; <\/p>\n","protected":false},"author":1,"featured_media":0,"parent":0,"menu_order":0,"comment_status":"closed","ping_status":"closed","template":"","meta":{"footnotes":""},"class_list":["post-283","page","type-page","status-publish","hentry"],"_links":{"self":[{"href":"https:\/\/hubertpietka.bialystok.pl\/index.php?rest_route=\/wp\/v2\/pages\/283","targetHints":{"allow":["GET"]}}],"collection":[{"href":"https:\/\/hubertpietka.bialystok.pl\/index.php?rest_route=\/wp\/v2\/pages"}],"about":[{"href":"https:\/\/hubertpietka.bialystok.pl\/index.php?rest_route=\/wp\/v2\/types\/page"}],"author":[{"embeddable":true,"href":"https:\/\/hubertpietka.bialystok.pl\/index.php?rest_route=\/wp\/v2\/users\/1"}],"replies":[{"embeddable":true,"href":"https:\/\/hubertpietka.bialystok.pl\/index.php?rest_route=%2Fwp%2Fv2%2Fcomments&post=283"}],"version-history":[{"count":3,"href":"https:\/\/hubertpietka.bialystok.pl\/index.php?rest_route=\/wp\/v2\/pages\/283\/revisions"}],"predecessor-version":[{"id":368,"href":"https:\/\/hubertpietka.bialystok.pl\/index.php?rest_route=\/wp\/v2\/pages\/283\/revisions\/368"}],"wp:attachment":[{"href":"https:\/\/hubertpietka.bialystok.pl\/index.php?rest_route=%2Fwp%2Fv2%2Fmedia&parent=283"}],"curies":[{"name":"wp","href":"https:\/\/api.w.org\/{rel}","templated":true}]}}