{"id":2831,"date":"2019-09-26T12:37:28","date_gmt":"2019-09-26T12:37:28","guid":{"rendered":"http:\/\/hubertpietka.bialystok.pl\/?page_id=2831"},"modified":"2019-09-26T12:39:14","modified_gmt":"2019-09-26T12:39:14","slug":"modlitwa-z-lekow-nas-wybaw","status":"publish","type":"page","link":"https:\/\/hubertpietka.bialystok.pl\/?page_id=2831","title":{"rendered":"Modlitwa \/ z l\u0119k\u00f3w nas wybaw"},"content":{"rendered":"<p><strong><em>Modlitwa \/ z l\u0119k\u00f3w nas wybaw<\/em><\/strong><\/p>\n<p>Nic co ludzkie nie jest mi obce<br \/>\nAle nie poddawajmy si\u0119 l\u0119kowi<br \/>\nJezu ufam Tobie<br \/>\nAlleluja i do przodu<\/p>\n<p><em>Na zdj. Jan Pawe\u0142 II w ramionach Maryi<\/em><br \/>\n<em>Ona jest zawsze przy nas<\/em><br \/>\n<em>B\u00f3g jest z nami<\/em><br \/>\n<em>Z\u0142u si\u0119 przeciwstawiajmy<\/em><\/p>\n<p><img decoding=\"async\" class=\"css-9pa8cd\" draggable=\"true\" src=\"https:\/\/pbs.twimg.com\/media\/EFY-mawW4AAeV2w?format=jpg&amp;name=small\" alt=\"Image\" \/><\/p>\n","protected":false},"excerpt":{"rendered":"<p>Modlitwa \/ z l\u0119k\u00f3w nas wybaw Nic co ludzkie nie jest mi obce Ale nie poddawajmy si\u0119 l\u0119kowi Jezu ufam Tobie Alleluja i do przodu&hellip; <\/p>\n","protected":false},"author":1,"featured_media":0,"parent":0,"menu_order":0,"comment_status":"closed","ping_status":"closed","template":"","meta":{"footnotes":""},"class_list":["post-2831","page","type-page","status-publish","hentry"],"_links":{"self":[{"href":"https:\/\/hubertpietka.bialystok.pl\/index.php?rest_route=\/wp\/v2\/pages\/2831","targetHints":{"allow":["GET"]}}],"collection":[{"href":"https:\/\/hubertpietka.bialystok.pl\/index.php?rest_route=\/wp\/v2\/pages"}],"about":[{"href":"https:\/\/hubertpietka.bialystok.pl\/index.php?rest_route=\/wp\/v2\/types\/page"}],"author":[{"embeddable":true,"href":"https:\/\/hubertpietka.bialystok.pl\/index.php?rest_route=\/wp\/v2\/users\/1"}],"replies":[{"embeddable":true,"href":"https:\/\/hubertpietka.bialystok.pl\/index.php?rest_route=%2Fwp%2Fv2%2Fcomments&post=2831"}],"version-history":[{"count":3,"href":"https:\/\/hubertpietka.bialystok.pl\/index.php?rest_route=\/wp\/v2\/pages\/2831\/revisions"}],"predecessor-version":[{"id":2834,"href":"https:\/\/hubertpietka.bialystok.pl\/index.php?rest_route=\/wp\/v2\/pages\/2831\/revisions\/2834"}],"wp:attachment":[{"href":"https:\/\/hubertpietka.bialystok.pl\/index.php?rest_route=%2Fwp%2Fv2%2Fmedia&parent=2831"}],"curies":[{"name":"wp","href":"https:\/\/api.w.org\/{rel}","templated":true}]}}