{"id":2836,"date":"2019-09-29T16:49:22","date_gmt":"2019-09-29T16:49:22","guid":{"rendered":"http:\/\/hubertpietka.bialystok.pl\/?page_id=2836"},"modified":"2019-09-29T16:57:39","modified_gmt":"2019-09-29T16:57:39","slug":"modlitwa-a-demaskowanie-dzialan-szatana","status":"publish","type":"page","link":"https:\/\/hubertpietka.bialystok.pl\/?page_id=2836","title":{"rendered":"Modlitwa a demaskowanie \/ dzia\u0142a\u0144 szatana"},"content":{"rendered":"<p><strong><em>Modlitwa a demaskowanie \/ dzia\u0142a\u0144 szatana<\/em><\/strong><\/p>\n<p>Szatan do mnie przyszed\u0142<br \/>\nI powiedzia\u0142 mo\u017ce by\u0107 tak jak kiedy\u015b<br \/>\nA tymczasem nic ju\u017c nie jest takie<br \/>\nAle w Bogu nie w nim b\u0119dzie w swoim czasie<\/p>\n<p>Te\u017c powiedzia\u0142 mi<br \/>\nBez l\u0119k\u00f3w mo\u017cesz \u017cy\u0107<br \/>\nA tymczasem l\u0119ki s\u0105 odpowiedzi\u0105 na zagro\u017cenia<br \/>\nKt\u00f3re powoduje on sam<\/p>\n<p>I m\u00f3wi\u0142 mi jeszcze<br \/>\nNiepotrzebna opieka Maryi Matki nie-bieskiej<br \/>\nA tymczasem<br \/>\n\u017byjemy pod Jej p\u0142aszczem<\/p>\n<p>Bro\u0144 nas Panie<br \/>\nPrzed iluzjami szatana<br \/>\nPrzed k\u0142amstwami jego i zbrodniami<br \/>\nOb\u0142ud\u0105 i wszelkimi pod\u0142o\u015bciami<\/p>\n<p>On czyha zawsze<br \/>\nNie tylko na \u017cycie nasze<br \/>\nAle i na zbawienie<br \/>\nPogr\u0105\u017cy\u0107 chce w beznadziei<\/p>\n<p><strong>\u015aw. Michale Archaniele<\/strong><br \/>\n<strong>Dzi\u015b \u015bwi\u0119to Twoje<\/strong><br \/>\n<strong>Swoim mieczem nas odetnij<\/strong><br \/>\n<strong>Od zakus\u00f3w szata\u0144skich z wszelkich<\/strong><\/p>\n<p><em>Na zdj. B\u0142. Micha\u0142 Sopocko<\/em><br \/>\n<em>On wspomaga w tej z szatanem walce<\/em><br \/>\n<em>Triduum jego \u015bwi\u0119ta teraz w Bia\u0142ymstoku<\/em><br \/>\n<em>On wspomo\u017cycielem i przyjacielem jest wielkim<\/em><br \/>\n<em>\u00a0<\/em><br \/>\n<em>Jezus i Maryja<\/em><br \/>\n<em>Modlitwa i Eucharystia<\/em><br \/>\n<em>Niech strzeg\u0105 nas<\/em><br \/>\n<em>I prowadz\u0105 w ka\u017cdy czas<\/em><\/p>\n<p><img decoding=\"async\" class=\"css-9pa8cd\" draggable=\"true\" src=\"https:\/\/pbs.twimg.com\/media\/EFpUhQVXYAM-pfG?format=jpg&amp;name=small\" alt=\"Image\" \/><\/p>\n<h1 class=\"title style-scope ytd-video-primary-info-renderer\" style=\"text-align: center;\"><a href=\"https:\/\/www.youtube.com\/watch?v=uy9G8LGc2uE\"><em>T.Love &#8211; Lucy Phere<\/em><\/a><\/h1>\n","protected":false},"excerpt":{"rendered":"<p>Modlitwa a demaskowanie \/ dzia\u0142a\u0144 szatana Szatan do mnie przyszed\u0142 I powiedzia\u0142 mo\u017ce by\u0107 tak jak kiedy\u015b A tymczasem nic ju\u017c nie jest takie Ale&hellip; <\/p>\n","protected":false},"author":1,"featured_media":0,"parent":0,"menu_order":0,"comment_status":"closed","ping_status":"closed","template":"","meta":{"footnotes":""},"class_list":["post-2836","page","type-page","status-publish","hentry"],"_links":{"self":[{"href":"https:\/\/hubertpietka.bialystok.pl\/index.php?rest_route=\/wp\/v2\/pages\/2836","targetHints":{"allow":["GET"]}}],"collection":[{"href":"https:\/\/hubertpietka.bialystok.pl\/index.php?rest_route=\/wp\/v2\/pages"}],"about":[{"href":"https:\/\/hubertpietka.bialystok.pl\/index.php?rest_route=\/wp\/v2\/types\/page"}],"author":[{"embeddable":true,"href":"https:\/\/hubertpietka.bialystok.pl\/index.php?rest_route=\/wp\/v2\/users\/1"}],"replies":[{"embeddable":true,"href":"https:\/\/hubertpietka.bialystok.pl\/index.php?rest_route=%2Fwp%2Fv2%2Fcomments&post=2836"}],"version-history":[{"count":4,"href":"https:\/\/hubertpietka.bialystok.pl\/index.php?rest_route=\/wp\/v2\/pages\/2836\/revisions"}],"predecessor-version":[{"id":2840,"href":"https:\/\/hubertpietka.bialystok.pl\/index.php?rest_route=\/wp\/v2\/pages\/2836\/revisions\/2840"}],"wp:attachment":[{"href":"https:\/\/hubertpietka.bialystok.pl\/index.php?rest_route=%2Fwp%2Fv2%2Fmedia&parent=2836"}],"curies":[{"name":"wp","href":"https:\/\/api.w.org\/{rel}","templated":true}]}}